{"id":5314,"date":"2019-10-25T07:10:46","date_gmt":"2019-10-25T07:10:46","guid":{"rendered":"https:\/\/www.digitalbimitalia.it\/?page_id=5314"},"modified":"2019-12-05T11:40:28","modified_gmt":"2019-12-05T11:40:28","slug":"digitalizzazione-e-intervento-sul-patrimonio-esistente","status":"publish","type":"page","link":"https:\/\/www.digitalbimitalia.it\/it\/digitalizzazione-e-intervento-sul-patrimonio-esistente\/","title":{"rendered":"Intervenire sul patrimonio esistente"},"content":{"rendered":"[vc_row equal_height=&#8221;yes&#8221; el_class=&#8221;my-1&#8243;][vc_column][\/vc_column][\/vc_row][vc_row equal_height=&#8221;yes&#8221; el_class=&#8221;my-1 bg-gray py-2&#8243;][vc_column][vc_row_inner equal_height=&#8221;yes&#8221;][vc_column_inner el_class=&#8221;px-1&#8243;][vc_column_text]\n<h3 style=\"text-align: center\">Intervenire sul patrimonio esistente<\/h3>\n<hr \/>\n<p style=\"text-align: center\">Metodi e strumenti digitali sono divenuti pervasivi nel mercato delle costruzioni, continuando ancora ad influenzarne i caratteri su pi\u00f9 livelli e con crescente consapevolezza da parte degli attori coinvolti. Tuttavia l\u2019approccio al digitale, nato principalmente per l\u2019ottimizzazione economica e prestazionale delle nuove attivit\u00e0 di progetto e di cantiere, si interseca in Italia con una realt\u00e0 fatta di ambienti costruiti ed edifici esistenti. Nelle due giornate di Digital&amp;BIM questa arena investigher\u00e0 il confine che esiste tra il vantaggio insito nell\u2019adozione dei processi digitali e la complessit\u00e0 connaturata alla conoscenza del patrimonio. Attraverso la presentazione di casi di studio reali, di esperienze legate all\u2019ambito della Pubblica Amministrazione, di apparati e strumenti innovativi e delle realt\u00e0 che mirano a formare una nuova classe professionale, l\u2019Arena vuole aprire un dibattito esteso e a pi\u00f9 voci sulle opportunit\u00e0 che la digitalizzazione offre anche per il dominio costruito.<\/p>\n<p style=\"text-align: center\">Nell\u2019<strong>area Demo Costruzioni 4.0<\/strong> sar\u00e0 inoltre predisposta \u2013 in collaborazione con <strong>HILTI e IIPLE<\/strong>&#8211; un&#8217;area di esperienza digitale che costituisce un esempio di come la pianificazione digitale e la pratica costruttiva reale possano integrarsi producendo risultati tangibili a tutti i livelli di sviluppo di un intervento.<\/p>\n<h4 style=\"text-align: center\">21 e 22 novembre<\/h4>\n[\/vc_column_text][\/vc_column_inner][\/vc_row_inner][vc_row_inner equal_height=&#8221;yes&#8221; el_id=&#8221;programma&#8221;][vc_column_inner el_class=&#8221;px-1&#8243; width=&#8221;1\/2&#8243;][vc_column_text el_class=&#8221;text-left py-2 px-3&#8243;]\n<h5 style=\"text-align: center\">21 novembre<\/h5>\n[\/vc_column_text][\/vc_column_inner][vc_column_inner el_class=&#8221;px-1&#8243; width=&#8221;1\/2&#8243;][vc_column_text el_class=&#8221;text-left py-2 px-3&#8243;]\n<h5 style=\"text-align: center\">22 novembre<\/h5>\n[\/vc_column_text][\/vc_column_inner][\/vc_row_inner][vc_row_inner equal_height=&#8221;yes&#8221;][vc_column_inner el_class=&#8221;px-1&#8243; width=&#8221;1\/2&#8243;][vc_column_text el_class=&#8221;bg-darker text-left py-2 px-3&#8243;]\n<h4 style=\"text-align: center\">La digitalizzazione per l&#8217;intervento sul patrimonio costruito<\/h4>\n<h5 style=\"text-align: center\">mattino<\/h5>\n<hr \/>\n<p style=\"text-align: center\"><a class=\"btn btn-lg btn-primary my-2\" href=\"https:\/\/www.digitalbimitalia.it\/it\/digitalizzazione-patrimonio-costruito\/\">Programma<\/a><\/p>\n[\/vc_column_text][\/vc_column_inner][vc_column_inner el_class=&#8221;px-1&#8243; width=&#8221;1\/2&#8243;][vc_column_text el_class=&#8221;bg-darker text-left py-2 px-3&#8243;]\n<h4 style=\"text-align: center\">La digitalizzazione nella progettazione pubblica e nell&#8217;esistente<\/h4>\n<h5 style=\"text-align: center\">mattino<\/h5>\n<hr \/>\n<p style=\"text-align: center\"><a class=\"btn btn-lg btn-primary my-2\" href=\"https:\/\/www.digitalbimitalia.it\/it\/digitalizzazione-progettazione-pubblica\/\">Programma<\/a><\/p>\n[\/vc_column_text][\/vc_column_inner][\/vc_row_inner][vc_row_inner equal_height=&#8221;yes&#8221;][vc_column_inner el_class=&#8221;px-1&#8243; width=&#8221;1\/2&#8243;][vc_column_text el_class=&#8221;bg-darker text-left py-2 px-3&#8243;]\n<h4 style=\"text-align: center\">Tecnologie e approcci per digitalizzare il progetto costruito<\/h4>\n<h5 style=\"text-align: center\">pomeriggio<\/h5>\n<hr \/>\n<p style=\"text-align: center\"><a class=\"btn btn-lg btn-primary my-2\" href=\"https:\/\/www.digitalbimitalia.it\/it\/tecnologie-approcci-digitalizzare-progetto-costruito\/\">Programma<\/a><\/p>\n[\/vc_column_text][\/vc_column_inner][vc_column_inner el_class=&#8221;px-1&#8243; width=&#8221;1\/2&#8243;][vc_column_text el_class=&#8221;bg-darker text-left py-2 px-3&#8243;]\n<h4 style=\"text-align: center\">La formazione al BIM: i programmi di master universitario<\/h4>\n<p>&nbsp;<\/p>\n<hr \/>\n<p style=\"text-align: center\"><a class=\"btn btn-lg btn-primary my-2\" href=\"https:\/\/www.digitalbimitalia.it\/it\/formazione-digitale\/\">Programma<\/a><\/p>\n[\/vc_column_text][\/vc_column_inner][\/vc_row_inner][\/vc_column][\/vc_row][vc_row][vc_column][\/vc_column][\/vc_row]\n","protected":false},"excerpt":{"rendered":"<p>[vc_row equal_height=&#8221;yes&#8221; el_class=&#8221;my-1&#8243;][vc_column][\/vc_column][\/vc_row][vc_row equal_height=&#8221;yes&#8221; el_class=&#8221;my-1 bg-gray py-2&#8243;][vc_column][vc_row_inner equal_height=&#8221;yes&#8221;][vc_column_inner el_class=&#8221;px-1&#8243;][vc_column_text] Intervenire sul patrimonio esistente Metodi e strumenti digitali sono divenuti pervasivi nel mercato delle costruzioni, continuando ancora ad influenzarne i caratteri su pi\u00f9 livelli e con crescente consapevolezza da parte degli attori coinvolti. Tuttavia l\u2019approccio al digitale, nato principalmente per l\u2019ottimizzazione economica e prestazionale delle nuove [&hellip;]<\/p>\n","protected":false},"author":16,"featured_media":3864,"parent":0,"menu_order":0,"comment_status":"closed","ping_status":"closed","template":"","meta":[],"acf":[],"aioseo_notices":[],"_links":{"self":[{"href":"https:\/\/www.digitalbimitalia.it\/it\/wp-json\/wp\/v2\/pages\/5314"}],"collection":[{"href":"https:\/\/www.digitalbimitalia.it\/it\/wp-json\/wp\/v2\/pages"}],"about":[{"href":"https:\/\/www.digitalbimitalia.it\/it\/wp-json\/wp\/v2\/types\/page"}],"author":[{"embeddable":true,"href":"https:\/\/www.digitalbimitalia.it\/it\/wp-json\/wp\/v2\/users\/16"}],"replies":[{"embeddable":true,"href":"https:\/\/www.digitalbimitalia.it\/it\/wp-json\/wp\/v2\/comments?post=5314"}],"version-history":[{"count":3,"href":"https:\/\/www.digitalbimitalia.it\/it\/wp-json\/wp\/v2\/pages\/5314\/revisions"}],"predecessor-version":[{"id":5856,"href":"https:\/\/www.digitalbimitalia.it\/it\/wp-json\/wp\/v2\/pages\/5314\/revisions\/5856"}],"wp:featuredmedia":[{"embeddable":true,"href":"https:\/\/www.digitalbimitalia.it\/it\/wp-json\/wp\/v2\/media\/3864"}],"wp:attachment":[{"href":"https:\/\/www.digitalbimitalia.it\/it\/wp-json\/wp\/v2\/media?parent=5314"}],"curies":[{"name":"wp","href":"https:\/\/api.w.org\/{rel}","templated":true}]}}