{"id":4902,"date":"2019-09-26T15:36:03","date_gmt":"2019-09-26T15:36:03","guid":{"rendered":"https:\/\/www.digitalbimitalia.it\/?page_id=4902"},"modified":"2019-12-05T11:39:18","modified_gmt":"2019-12-05T11:39:18","slug":"bim4pa-pubbliche-amministrazioni-su-digitalizzazione-e-bim","status":"publish","type":"page","link":"https:\/\/www.digitalbimitalia.it\/it\/bim4pa-pubbliche-amministrazioni-su-digitalizzazione-e-bim\/","title":{"rendered":"BIM4PA"},"content":{"rendered":"[vc_row equal_height=&#8221;yes&#8221; el_class=&#8221;my-1&#8243;][vc_column width=&#8221;5\/6&#8243; el_class=&#8221;py-lg-2 px-lg-5&#8243;][vc_column_text]\n<h2>Lo spazio dedicato alle Pubbliche Amministrazioni su Digitalizzazione e BIM<\/h2>\n<p><strong>BIM4PA <\/strong>\u00e8 un brand ideato da DIGITAL&amp;BIM ITALIA per offrire un riferimento alle amministrazioni pubbliche in materia di digitalizzazione dei procedimenti che concernono i contratti pubblici (DM 560\/2017) e dei procedimenti che riguardano i processi autorizzativi legati alla pianificazione urbanistico-territoriale e all\u2019edilizia privata.<\/p>\n<p><strong>Un\u2019arena<\/strong> sar\u00e0 dedicata a questo tema con interventi di esperti, di stazioni appaltanti che hanno gi\u00e0 avviato il percorso della digitalizzazione e potranno illustrare i vantaggi che la PA pu\u00f2 ottenere con l\u2019implementazione dei processi digitali, anche attraverso la presentazione di casi studio dedicati.<\/p>\n<p>Partner tecnologici di Digital&amp;BIM presenteranno anche le soluzioni studiate e sperimentate in progetti pubblici<\/p>\n<h5 style=\"text-align: left\"><strong>*Sono stati richiesti crediti formativi<\/strong><\/h5>\n[\/vc_column_text][\/vc_column][vc_column width=&#8221;1\/6&#8243;][vc_empty_space height=&#8221;50px&#8221;][vc_single_image image=&#8221;4929&#8243; img_size=&#8221;full&#8221; alignment=&#8221;center&#8221;][\/vc_column][\/vc_row][vc_row equal_height=&#8221;yes&#8221; el_class=&#8221;my-1 bg-gray py-2&#8243;][vc_column][vc_row_inner equal_height=&#8221;yes&#8221; el_id=&#8221;programma&#8221;][vc_column_inner el_class=&#8221;px-1&#8243; width=&#8221;1\/2&#8243;][vc_column_text el_class=&#8221;text-left py-2 px-3&#8243;]\n<h5 style=\"text-align: center\">21 novembre<\/h5>\n<hr \/>\n<p style=\"text-align: center\"><a class=\"btn btn-lg btn-primary my-2\" href=\"https:\/\/www.digitalbimitalia.it\/it\/bim4pa-21-novembre\/\">Programma<\/a><\/p>\n[\/vc_column_text][\/vc_column_inner][vc_column_inner el_class=&#8221;px-1&#8243; width=&#8221;1\/2&#8243;][vc_column_text el_class=&#8221;text-left py-2 px-3&#8243;]\n<h5 style=\"text-align: center\">22 novembre<\/h5>\n<hr \/>\n<p style=\"text-align: center\"><a class=\"btn btn-lg btn-primary my-2\" href=\"https:\/\/www.digitalbimitalia.it\/it\/bim4pa-22-novembre\/\">Programma<\/a><\/p>\n[\/vc_column_text][\/vc_column_inner][\/vc_row_inner][\/vc_column][\/vc_row][vc_row][vc_column][vc_column_text]\n<p style=\"text-align: center\"><a class=\"btn btn-lg btn-primary my-2 mr-2\" href=\"https:\/\/www.digitalbimitalia.it\/it\/arene\">Torna alle Arene<\/a><\/p>\n[\/vc_column_text][\/vc_column][\/vc_row]\n","protected":false},"excerpt":{"rendered":"<p>[vc_row equal_height=&#8221;yes&#8221; el_class=&#8221;my-1&#8243;][vc_column width=&#8221;5\/6&#8243; el_class=&#8221;py-lg-2 px-lg-5&#8243;][vc_column_text] Lo spazio dedicato alle Pubbliche Amministrazioni su Digitalizzazione e BIM BIM4PA \u00e8 un brand ideato da DIGITAL&amp;BIM ITALIA per offrire un riferimento alle amministrazioni pubbliche in materia di digitalizzazione dei procedimenti che concernono i contratti pubblici (DM 560\/2017) e dei procedimenti che riguardano i processi autorizzativi legati alla pianificazione [&hellip;]<\/p>\n","protected":false},"author":16,"featured_media":3864,"parent":0,"menu_order":0,"comment_status":"closed","ping_status":"closed","template":"","meta":[],"acf":[],"aioseo_notices":[],"_links":{"self":[{"href":"https:\/\/www.digitalbimitalia.it\/it\/wp-json\/wp\/v2\/pages\/4902"}],"collection":[{"href":"https:\/\/www.digitalbimitalia.it\/it\/wp-json\/wp\/v2\/pages"}],"about":[{"href":"https:\/\/www.digitalbimitalia.it\/it\/wp-json\/wp\/v2\/types\/page"}],"author":[{"embeddable":true,"href":"https:\/\/www.digitalbimitalia.it\/it\/wp-json\/wp\/v2\/users\/16"}],"replies":[{"embeddable":true,"href":"https:\/\/www.digitalbimitalia.it\/it\/wp-json\/wp\/v2\/comments?post=4902"}],"version-history":[{"count":3,"href":"https:\/\/www.digitalbimitalia.it\/it\/wp-json\/wp\/v2\/pages\/4902\/revisions"}],"predecessor-version":[{"id":5853,"href":"https:\/\/www.digitalbimitalia.it\/it\/wp-json\/wp\/v2\/pages\/4902\/revisions\/5853"}],"wp:featuredmedia":[{"embeddable":true,"href":"https:\/\/www.digitalbimitalia.it\/it\/wp-json\/wp\/v2\/media\/3864"}],"wp:attachment":[{"href":"https:\/\/www.digitalbimitalia.it\/it\/wp-json\/wp\/v2\/media?parent=4902"}],"curies":[{"name":"wp","href":"https:\/\/api.w.org\/{rel}","templated":true}]}}