{"id":4846,"date":"2019-09-26T13:09:04","date_gmt":"2019-09-26T13:09:04","guid":{"rendered":"https:\/\/www.digitalbimitalia.it\/?page_id=4846"},"modified":"2019-10-17T08:15:55","modified_gmt":"2019-10-17T08:15:55","slug":"il-bim-per-la-diagnosi-energetica-e-strutturale","status":"publish","type":"page","link":"https:\/\/www.digitalbimitalia.it\/it\/il-bim-per-la-diagnosi-energetica-e-strutturale\/","title":{"rendered":"Il BIM per la diagnosi energetica e strutturale"},"content":{"rendered":"[vc_row equal_height=&#8221;yes&#8221; el_class=&#8221;my-1&#8243;][vc_column][vc_row_inner equal_height=&#8221;yes&#8221; content_placement=&#8221;top&#8221;][vc_column_inner el_class=&#8221;py-lg-2 px-lg-5&#8243; width=&#8221;2\/3&#8243;][vc_column_text]\n<h2>Il BIM per la diagnosi energetica e strutturale<\/h2>\n<p><img decoding=\"async\" loading=\"lazy\" class=\"wp-image-4849 alignleft\" src=\"\/public\/uploads\/sites\/11\/logo-enea.gif\" alt=\"\" width=\"253\" height=\"62\" \/><img decoding=\"async\" loading=\"lazy\" class=\"alignleft wp-image-4851\" src=\"\/public\/uploads\/sites\/11\/logo-logical-soft.png\" alt=\"\" width=\"220\" height=\"64\" srcset=\"\/public\/uploads\/sites\/11\/logo-logical-soft.png 416w, \/public\/uploads\/sites\/11\/logo-logical-soft-300x87.png 300w\" sizes=\"(max-width: 220px) 100vw, 220px\" \/><\/p>\n<p>&nbsp;<\/p>\n<p>&nbsp;<\/p>\n<p>&nbsp;<\/p>\n<p style=\"text-align: left\">Arena dedicata a corsi sul\u00a0<strong>BIM per la diagnosi energetica e la diagnosi strutturale<\/strong>. All&#8217;interno di questa Arena i tecnici\u00a0<strong>ENEA<\/strong>\u00a0e\u00a0<strong>Logical Soft<\/strong>\u00a0condurranno una serie di &#8220;<strong>corsi in pillole<\/strong>&#8221; di breve durata ma di alto valore scientifico per illustrare l\u2019utilizzo pratico di strumenti BIM applicati al tema della\u00a0<strong>riqualificazione energetica e strutturale<\/strong>\u00a0degli edifici.<\/p>\n[\/vc_column_text][vc_column_text]\n<p style=\"text-align: left\"><a class=\"btn btn-lg btn-primary my-2 mr-2\" href=\"#programma\">Il programma delle due giornate<\/a> <a class=\"btn btn-lg btn-primary my-1 mx-1\" href=\"https:\/\/www.digitalbimitalia.it\/it\/ticket\/\">Acquista biglietto d&#8217;ingresso<\/a><\/p>\n[\/vc_column_text][\/vc_column_inner][vc_column_inner el_class=&#8221;p-1 p-sm-3 p-lg-4&#8243; width=&#8221;1\/3&#8243;][\/vc_column_inner][\/vc_row_inner][\/vc_column][\/vc_row][vc_row el_id=&#8221;programma&#8221;][vc_column width=&#8221;1\/2&#8243;][vc_column_text css=&#8221;.vc_custom_1569503060770{padding-left: 150px !important;}&#8221;]\n<h2 id=\"salto-pagina-9maggio\"><span style=\"color: #01b4ec\"><em>21 novembre<\/em><\/span><\/h2>\n[\/vc_column_text][vc_text_separator title=&#8221;&#8221; title_align=&#8221;separator_align_left&#8221; align=&#8221;align_right&#8221; color=&#8221;custom&#8221; style=&#8221;shadow&#8221; border_width=&#8221;3&#8243; accent_color=&#8221;#b3d27e&#8221;][vc_row_inner][vc_column_inner el_class=&#8221;py-lg-2 px-lg-5&#8243; width=&#8221;1\/4&#8243;][vc_column_text css=&#8221;.vc_custom_1569503954291{padding-top: 20px !important;}&#8221;]\n<p style=\"text-align: center\">10.00<br \/>\n&#8211;<br \/>\n11.00<\/p>\n[\/vc_column_text][\/vc_column_inner][vc_column_inner width=&#8221;3\/4&#8243;][vc_column_text css=&#8221;.vc_custom_1569503285364{padding-top: 20px !important;}&#8221;]\n<h5><span style=\"color: #01b4ec\"><strong>&#8220;La vulnerabilit\u00e0 energetico-strutturale degli edifici scolastici con la App ENEA&#8221;<\/strong><\/span><\/h5>\n<p>Dal sopralluogo alla digitalizzazione del patrimonio scolastico tramite l\u2019applicativo Safeschool 4.0. Oltre ad indicare le possibili e sostenibili soluzioni di retrofit tecnologico sugli edifici esistenti secondo le normative vigenti, il Protocollo ENEA valuter\u00e0 anche il livello e la priorit\u00e0 di intervento atteso in confronto a tipologie edilizie simili, tenendo in considerazione naturalmente le pericolosit\u00e0 territoriali, ambientali e climatiche.[\/vc_column_text][\/vc_column_inner][\/vc_row_inner][vc_separator color=&#8221;sky&#8221;][vc_row_inner][vc_column_inner el_class=&#8221;py-lg-2 px-lg-5&#8243; width=&#8221;1\/4&#8243;][vc_column_text css=&#8221;.vc_custom_1569503962748{padding-top: 20px !important;}&#8221;]\n<p style=\"text-align: center\">11.00<br \/>\n&#8211;<br \/>\n12.00<\/p>\n[\/vc_column_text][\/vc_column_inner][vc_column_inner width=&#8221;3\/4&#8243;][vc_column_text css=&#8221;.vc_custom_1569503299788{padding-top: 20px !important;}&#8221;]\n<h5><span style=\"color: #01b4ec\"><strong>&#8220;Progettare la riqualificazione energetica con un approccio BIM&#8221;<\/strong><\/span><\/h5>\n<p>Dal rilievo dell\u2019edificio al modello BIM, dalle valutazioni energetiche e quelle economiche.<br \/>\nDurante questo laboratorio affronteremo un caso pratico di riqualificazione energetica di un edificio scolastico passando dalla diagnosi al progetto e alla stampa della diagnosi energetica secondo le linee guida ENEA.[\/vc_column_text][\/vc_column_inner][\/vc_row_inner][vc_separator color=&#8221;sky&#8221;][vc_row_inner][vc_column_inner el_class=&#8221;py-lg-2 px-lg-5&#8243; width=&#8221;1\/4&#8243;][vc_column_text css=&#8221;.vc_custom_1569504779907{padding-top: 20px !important;}&#8221;]\n<p style=\"text-align: center\">12.00<br \/>\n&#8211;<br \/>\n13.00<\/p>\n[\/vc_column_text][\/vc_column_inner][vc_column_inner width=&#8221;3\/4&#8243;][vc_column_text css=&#8221;.vc_custom_1569504907859{padding-top: 20px !important;}&#8221;]\n<h5><span style=\"color: #01b4ec\"><strong>&#8220;Progettare la riqualificazione energetica con un approccio BIM&#8221;<\/strong><\/span><\/h5>\n<p>A fine gennaio 2019 \u00e8 stata\u00a0approvata dalla commissione tecnica UNI\/CTI 202 del Comitato Termotecnico Italiano\u00a0l\u2019appendice nazionale Italiana, di prossima pubblicazione che modifica in modo importante il modello di calcolo delle strutture utilizzato dalla norma europea, proponendo una soluzione ancora pi\u00f9 dettagliata.<br \/>\nTERMOLOG \u00e8 il software per il calcolo dinamico\u00a0che implementa il metodo dinamico orario proposto dalla EN ISO 52016, fina dalla sua pubblicazione a livello europeo nel 2017.[\/vc_column_text][\/vc_column_inner][\/vc_row_inner][vc_separator color=&#8221;sky&#8221;][vc_row_inner][vc_column_inner el_class=&#8221;py-lg-2 px-lg-5&#8243; width=&#8221;1\/4&#8243;][vc_column_text css=&#8221;.vc_custom_1569504788581{padding-top: 20px !important;}&#8221;]\n<p style=\"text-align: center\">14.00<br \/>\n&#8211;<br \/>\n15.00<\/p>\n[\/vc_column_text][\/vc_column_inner][vc_column_inner width=&#8221;3\/4&#8243;][vc_column_text css=&#8221;.vc_custom_1569504946916{padding-top: 20px !important;}&#8221;]\n<h5><span style=\"color: #01b4ec\"><strong>&#8220;L&#8217;applicativo ENEA per la valutazione speditiva dei condomini&#8221;<\/strong><\/span><\/h5>\n<p>Condomini+ 4.0 \u00e8 un\u2019iniziativa promossa da ENEA che intende contribuire all\u2019attivazione di nuovi programmi di riqualificazione energetica e di miglioramento strutturale del patrimonio edilizio residenziale, con particolare riguardo all\u2019aspetto sismico. Parliamo di oltre 60 mila edifici su tutto il territorio nazionale per circa 2 milioni di famiglie, quindi una realt\u00e0 non trascurabile nelle politiche di sviluppo in materia di Safety and Security. Uno dei dati pi\u00f9 rilevanti \u00e8 l\u2019et\u00e0 del patrimonio edilizio residenziale: in Italia circa il 25% degli edifici \u00e8 stato costruito prima del 1945, e di questi l&#8217;8% versa in pessime condizioni; inoltre solo il 14% degli edifici ha meno di 30 anni.<br \/>\nOltre ad indicare le possibili e sostenibili soluzioni di retrofit tecnologico sugli edifici esistenti secondo le normative vigenti, il Protocollo ENEA valuta anche il livello e la priorit\u00e0 di intervento atteso in confronto a tipologie edilizie simili, tenendo in considerazione naturalmente le pericolosit\u00e0 territoriali, ambientali e climatiche.<\/p>\n<p>Scopriamo in questo incontro la procedura sviluppata da ENEA sotto forma di applicazione che opera su piattaforma Android e iOS e che prevede la valutazione indicizzata preventiva dello stato di fatto e l\u2019identificazione delle criticit\u00e0 strutturali ed energetiche.[\/vc_column_text][\/vc_column_inner][\/vc_row_inner][vc_separator color=&#8221;sky&#8221;][vc_row_inner][vc_column_inner el_class=&#8221;py-lg-2 px-lg-5&#8243; width=&#8221;1\/4&#8243;][vc_column_text css=&#8221;.vc_custom_1569504796573{padding-top: 20px !important;}&#8221;]\n<p style=\"text-align: center\">15.00<br \/>\n&#8211;<br \/>\n16.00<\/p>\n[\/vc_column_text][\/vc_column_inner][vc_column_inner width=&#8221;3\/4&#8243;][vc_column_text css=&#8221;.vc_custom_1569504935716{padding-top: 20px !important;}&#8221;]\n<h5><span style=\"color: #01b4ec\"><strong>&#8220;L\u00b4approccio BIM nella riqualificazione dell\u2019edilizia esistente&#8221;<\/strong><\/span><\/h5>\n<p>Nella pratica professionale l&#8217;edilizia esistente rappresenta una costante e un campo sul quale si confrontano temi come la riqualificazione, il riuso, il non consumo di suolo.<br \/>\nLa principale criticit\u00e0 di un edificio esistente \u00e8 la conoscenza dello stato di fatto e ancora di pi\u00f9 la conoscenza della del livello di sicurezza che pu\u00f2 garantire, delle capacit\u00e0 di risposta alle azioni che possiede.<br \/>\nTrasformare un edificio, recuperare un sottotetto o soprelevare una costruzione non pu\u00f2 prescindere dalla sicurezza della struttura esistente. La valutazione della sicurezza prevede una conoscenza delle capacit\u00e0 della struttura prima e dopo l&#8217;intervento edilizio.<br \/>\nCome inserire questa valutazione e le fasi della diagnosi nella digitalizzazione dei processi edili? Come rendere BIM la valutazione della sicurezza di un edificio esistente?<\/p>\n<p>Affrontiamo le sfide e cogliamo le opportunit\u00e0 trattando un caso pratico di riqualificazione edilizia. Il caso che trattiamo \u00e8 di sopraelevazione di un edificio in muratura. Si partir\u00e0 dall\u2019analisi dei meccanismi locali di collasso e degli interventi locali fino ad arrivare alla modellazione agli elementi finiti delle struttura; attraverso il confronto di soluzioni di miglioramento e adeguamento sismico si arriver\u00e0 alla valutazione della Classe di Rischio della struttura e alla soluzione di riqualificazione pi\u00f9 efficiente.[\/vc_column_text][\/vc_column_inner][\/vc_row_inner][\/vc_column][vc_column width=&#8221;1\/2&#8243;][vc_column_text css=&#8221;.vc_custom_1569503069530{padding-left: 150px !important;}&#8221;]\n<h2 id=\"salto-pagina-9maggio\"><span style=\"color: #01b4ec\"><em>22 novembre<\/em><\/span><\/h2>\n[\/vc_column_text][vc_text_separator title=&#8221;&#8221; title_align=&#8221;separator_align_right&#8221; align=&#8221;align_right&#8221; color=&#8221;custom&#8221; style=&#8221;shadow&#8221; border_width=&#8221;3&#8243; accent_color=&#8221;#b3d27e&#8221;][vc_row_inner][vc_column_inner el_class=&#8221;py-lg-2 px-lg-5&#8243; width=&#8221;1\/4&#8243;][vc_column_text css=&#8221;.vc_custom_1569503975187{padding-top: 20px !important;}&#8221;]\n<p style=\"text-align: center\">10.00<br \/>\n&#8211;<br \/>\n11.00<\/p>\n[\/vc_column_text][\/vc_column_inner][vc_column_inner width=&#8221;3\/4&#8243;][vc_column_text css=&#8221;.vc_custom_1569503752693{padding-top: 20px !important;}&#8221;]\n<h5><span style=\"color: #01b4ec\"><strong>&#8220;Gli strumenti BIM per il sopralluogo e la diagnosi strutturale&#8221;<\/strong><\/span><\/h5>\n<p>La sicurezza delle strutture \u00e8 un tema che i professionisti devono affrontare in particolare quando si ha a che fare con una struttura esistente. Secondo i dati Istat, in Italia circa il 25% degli edifici \u00e8 stato costruito prima del 1945, e di questi l&#8217;8% versa in pessime condizioni; inoltre solo il 14% degli edifici ha meno di 30 anni.<br \/>\nIn questa direzione ritroviamo l\u2019attivit\u00e0 del governo che con la Legge di Stabilit\u00e0 2017 ha introdotto il Sismabonus: lo strumento economico che rende socialmente sostenibile l\u2019intervento massivo sul patrimonio edilizio esistente.<br \/>\nIl Sismabonus prevede un impatto concreto sul mercato immobiliare: sono circa 6.000 i comuni italiani dove \u00e8 possibile utilizzare gli incentivi previsti.<\/p>\n<p>Per cogliere questa opportunit\u00e0 \u00e8 necessario avere un quadro dello stato di fatto e dello stato di salute dell\u2019edificio esistente. Digitalizzare queste informazioni e renderle accessibili alla filiera della riqualificazione edilizia aumenta il controllo e l\u2019efficienza del risultato. \u00c8 una delle principali filosofie BIM, vediamo come renderla attuale con un esempio pratico.<br \/>\nL&#8217;obiettivo di questo incontro \u00e8 fornire un quadro di sintesi dell&#8217;evoluzione normativa e degli strumenti necessari per effettuare una diagnosi strutturale del patrimonio esistente e realizzare gli interventi di messa in sicurezza. Durante il corso verranno svolti esempi pratici di valutazione della vulnerabilit\u00e0 sismica di un edificio esistente in calcestruzzo armato: si partir\u00e0 da un modello BIM e dalla modellazione agli elementi finiti delle strutture, attraverso il confronto di soluzioni di miglioramento e adeguamento sismico si arriver\u00e0 alla valutazione della Classe di Rischio della struttura e alla soluzione di riqualificazione pi\u00f9 efficiente.[\/vc_column_text][\/vc_column_inner][\/vc_row_inner][vc_separator color=&#8221;sky&#8221;][vc_row_inner][vc_column_inner el_class=&#8221;py-lg-2 px-lg-5&#8243; width=&#8221;1\/4&#8243;][vc_column_text css=&#8221;.vc_custom_1569503983283{padding-top: 20px !important;}&#8221;]\n<p style=\"text-align: center\">11.00<br \/>\n&#8211;<br \/>\n12.00<\/p>\n[\/vc_column_text][\/vc_column_inner][vc_column_inner width=&#8221;3\/4&#8243;][vc_column_text css=&#8221;.vc_custom_1569503831179{padding-top: 20px !important;}&#8221;]\n<h5><span style=\"color: #01b4ec\"><strong>&#8220;Sismabonus, Bonus Casa e cessione del credito&#8221;<\/strong><\/span><\/h5>\n<p>L&#8217;obiettivo di questo incontro \u00e8 fornire un quadro sintetico ed operativo dell&#8217;evoluzione normativa e degli strumenti necessari per incrementare le performance degli edifici e per realizzare gli interventi di messa in sicurezza, cos\u00ec da poter cogliere le opportunit\u00e0 dei Bonus Fiscali.<br \/>\nI ricercatori ENEA inquadreranno i bonus fiscali e le opportunit\u00e0 nell\u2019ambito della riqualificazione dell\u2019esistente, illustreranno poi il metodo per diagnosticare le vulnerabilit\u00e0 energetiche di un edificio.<br \/>\nL\u2019incontro terminer\u00e0 analizzando la fase di caricamento della pratica ENEA sul portale dedicato e valutando concretamente le opportunit\u00e0 economiche di cessione del credito con soluzioni dirette o con intermediari finanziari.[\/vc_column_text][\/vc_column_inner][\/vc_row_inner][vc_separator color=&#8221;sky&#8221;][vc_row_inner][vc_column_inner el_class=&#8221;py-lg-2 px-lg-5&#8243; width=&#8221;1\/4&#8243;][vc_column_text css=&#8221;.vc_custom_1569504007843{padding-top: 20px !important;}&#8221;]\n<p style=\"text-align: center\">12.00<br \/>\n&#8211;<br \/>\n13.00<\/p>\n[\/vc_column_text][\/vc_column_inner][vc_column_inner width=&#8221;3\/4&#8243;][vc_column_text css=&#8221;.vc_custom_1569504032243{padding-top: 20px !important;}&#8221;]\n<h5><span style=\"color: #01b4ec\"><strong>&#8220;Interventi di miglioramento\/adeguamento sismico sugli edifici esistenti&#8221;<\/strong><\/span><\/h5>\n<p>Intervenire sull\u2019edilizia esistente richiede una buona conoscenza dello stato di fatto sul quale operare, ma soprattutto necessita di una chiara idea dell\u2019obiettivo da raggiungere e di come raggiungerlo.<br \/>\nIn questo incontro analizziamo e confrontiamo le soluzioni di intervento sul patrimonio esistente, distinguendoli tra interventi di miglioramento e di adeguamento sismico.[\/vc_column_text][\/vc_column_inner][\/vc_row_inner][vc_separator color=&#8221;sky&#8221;][vc_row_inner][vc_column_inner el_class=&#8221;py-lg-2 px-lg-5&#8243; width=&#8221;1\/4&#8243;][vc_column_text css=&#8221;.vc_custom_1569504824341{padding-top: 20px !important;}&#8221;]\n<p style=\"text-align: center\">14.00<br \/>\n&#8211;<br \/>\n15.00<\/p>\n[\/vc_column_text][\/vc_column_inner][vc_column_inner width=&#8221;3\/4&#8243;][vc_column_text css=&#8221;.vc_custom_1569504845988{padding-top: 20px !important;}&#8221;]\n<h5><span style=\"color: #01b4ec\"><strong>&#8220;La diagnosi energetica nei condomini: i vantaggi di un modello BIM&#8221;<\/strong><\/span><\/h5>\n<p>La riqualificazione energetica dei condomini rappresenta una sfida per i professionisti che operano nel settore dell\u2019edilizia. Il successo di un progetto di riqualificazione dipende principalmente dalla stesura di un progetto tecnico economico capace di sfruttare pienamente le opportunit\u00e0 legate alle detrazioni fiscali. Caso studio di una riqualificazione energetica di un condominio.[\/vc_column_text][\/vc_column_inner][\/vc_row_inner][vc_separator color=&#8221;sky&#8221;][vc_row_inner][vc_column_inner el_class=&#8221;py-lg-2 px-lg-5&#8243; width=&#8221;1\/4&#8243;][vc_column_text css=&#8221;.vc_custom_1569504858996{padding-top: 20px !important;}&#8221;]\n<p style=\"text-align: center\">15.00<br \/>\n&#8211;<br \/>\n16.00<\/p>\n[\/vc_column_text][\/vc_column_inner][vc_column_inner width=&#8221;3\/4&#8243;][vc_column_text css=&#8221;.vc_custom_1569504888395{padding-top: 20px !important;}&#8221;]\n<h5><span style=\"color: #01b4ec\"><strong>&#8220;Ecobonus e cessione del credito&#8221;<\/strong><\/span><\/h5>\n<p>Ogni intervento di riqualificazione o di ristrutturazione edilizia pu\u00f2 usufruire di detrazioni fiscali.\u00a0 Negli ultimi anni si sono susseguite diverse leggi che hanno prodotto una serie benefici fiscali che vanno dal 50% al 85%. Il credito d\u2019imposta maturato pu\u00f2, a seconda dell\u2019intervento, essere ceduto all\u2019impresa, a terzi in forme e modalit\u00e0 diverse. All\u2019interno di questo incontro faremo chiarezza su come sfruttare al meglio le opportunit\u00e0 offerte dalle detrazioni fiscali.[\/vc_column_text][\/vc_column_inner][\/vc_row_inner][\/vc_column][\/vc_row][vc_row][vc_column width=&#8221;1\/4&#8243;][\/vc_column][vc_column width=&#8221;1\/4&#8243;][vc_column_text]\n<p style=\"text-align: center\"><a class=\"btn btn-lg btn-primary my-2 mr-2\" href=\"https:\/\/www.digitalbimitalia.it\/it\/arene\">Torna alle Arene<\/a><\/p>\n[\/vc_column_text][\/vc_column][vc_column width=&#8221;1\/4&#8243;][vc_column_text]\n<p style=\"text-align: center\"><a class=\"btn btn-lg btn-primary my-2\" href=\"https:\/\/www.digitalbimitalia.it\/it\/ticket\/\">Acquista biglietto d&#8217;acquisto<\/a><\/p>\n[\/vc_column_text][\/vc_column][vc_column width=&#8221;1\/4&#8243;][\/vc_column][\/vc_row]\n","protected":false},"excerpt":{"rendered":"<p>[vc_row equal_height=&#8221;yes&#8221; el_class=&#8221;my-1&#8243;][vc_column][vc_row_inner equal_height=&#8221;yes&#8221; content_placement=&#8221;top&#8221;][vc_column_inner el_class=&#8221;py-lg-2 px-lg-5&#8243; width=&#8221;2\/3&#8243;][vc_column_text] Il BIM per la diagnosi energetica e strutturale &nbsp; &nbsp; &nbsp; Arena dedicata a corsi sul\u00a0BIM per la diagnosi energetica e la diagnosi strutturale. All&#8217;interno di questa Arena i tecnici\u00a0ENEA\u00a0e\u00a0Logical Soft\u00a0condurranno una serie di &#8220;corsi in pillole&#8221; di breve durata ma di alto valore scientifico per illustrare [&hellip;]<\/p>\n","protected":false},"author":16,"featured_media":3864,"parent":0,"menu_order":0,"comment_status":"closed","ping_status":"closed","template":"","meta":[],"acf":[],"aioseo_notices":[],"_links":{"self":[{"href":"https:\/\/www.digitalbimitalia.it\/it\/wp-json\/wp\/v2\/pages\/4846"}],"collection":[{"href":"https:\/\/www.digitalbimitalia.it\/it\/wp-json\/wp\/v2\/pages"}],"about":[{"href":"https:\/\/www.digitalbimitalia.it\/it\/wp-json\/wp\/v2\/types\/page"}],"author":[{"embeddable":true,"href":"https:\/\/www.digitalbimitalia.it\/it\/wp-json\/wp\/v2\/users\/16"}],"replies":[{"embeddable":true,"href":"https:\/\/www.digitalbimitalia.it\/it\/wp-json\/wp\/v2\/comments?post=4846"}],"version-history":[{"count":3,"href":"https:\/\/www.digitalbimitalia.it\/it\/wp-json\/wp\/v2\/pages\/4846\/revisions"}],"predecessor-version":[{"id":5211,"href":"https:\/\/www.digitalbimitalia.it\/it\/wp-json\/wp\/v2\/pages\/4846\/revisions\/5211"}],"wp:featuredmedia":[{"embeddable":true,"href":"https:\/\/www.digitalbimitalia.it\/it\/wp-json\/wp\/v2\/media\/3864"}],"wp:attachment":[{"href":"https:\/\/www.digitalbimitalia.it\/it\/wp-json\/wp\/v2\/media?parent=4846"}],"curies":[{"name":"wp","href":"https:\/\/api.w.org\/{rel}","templated":true}]}}