{"id":4671,"date":"2019-09-17T15:55:07","date_gmt":"2019-09-17T15:55:07","guid":{"rendered":"https:\/\/www.digitalbimitalia.it\/?page_id=4671"},"modified":"2019-12-05T11:32:58","modified_gmt":"2019-12-05T11:32:58","slug":"conferenza-internazionale-sala-blu","status":"publish","type":"page","link":"https:\/\/www.digitalbimitalia.it\/it\/conferenza-internazionale-sala-blu\/","title":{"rendered":"Conferenza Internazionale &#8211; Sala Gallery Blu"},"content":{"rendered":"[vc_row equal_height=&#8221;yes&#8221; el_class=&#8221;my-1&#8243;][vc_column][vc_row_inner equal_height=&#8221;yes&#8221; content_placement=&#8221;top&#8221; el_class=&#8221;my-1 bg-gray&#8221;][vc_column_inner el_class=&#8221;py-lg-2 px-lg-5&#8243; width=&#8221;2\/2&#8243;][vc_column_text]\n<h3>Conferenza Internazionale &#8211; Momenti formativi e informativi di alto livello con speaker anche internazionali<\/h3>\n<h5 style=\"text-align: left\">Gioved\u00ec 21 &#8211; Venerd\u00ec 22 Novembre 2019<br \/>\nSala Gallery Blu<\/h5>\n[\/vc_column_text][\/vc_column_inner][\/vc_row_inner][\/vc_column][\/vc_row][vc_row equal_height=&#8221;yes&#8221; content_placement=&#8221;middle&#8221; el_class=&#8221;my-1&#8243;][vc_column el_class=&#8221;py-lg-2 px-lg-5&#8243;][vc_row_inner equal_height=&#8221;yes&#8221; content_placement=&#8221;middle&#8221;][vc_column_inner el_class=&#8221;py-lg-2 px-lg-5&#8243;][vc_column_text]\n<h3 style=\"text-align: center\">Giovedi 21 Novembre<\/h3>\n<hr \/>\n[\/vc_column_text][\/vc_column_inner][\/vc_row_inner][\/vc_column][\/vc_row][vc_row equal_height=&#8221;yes&#8221; content_placement=&#8221;middle&#8221; el_class=&#8221;my-1 bg-gray&#8221;][vc_column el_class=&#8221;py-lg-2 px-lg-5&#8243;][vc_row_inner equal_height=&#8221;yes&#8221; content_placement=&#8221;middle&#8221;][vc_column_inner el_class=&#8221;py-lg-2 px-lg-5&#8243; width=&#8221;1\/2&#8243;][vc_column_text]\n<h3 style=\"text-align: left\">10.30 \u2013 13.00<\/h3>\n<p><strong>SESSIONE I<\/strong>: <em>building SMART International: cosa fa? come lo fa? quali obbiettivi si prefigge? e come partecipare? sono alcune delle domande a cui la conferenza intende dare una risposta con speaker al vertice dell\u2019organizzazione. Tramite la presentazione di un progetto made in Italy, riconosciuta best practice a livello internazionale, verr\u00e0 dimostrata tutta l\u2019utilit\u00e0 dei risultati del lavoro svolto da bS. La conferenza chiuder\u00e0 con lo sguardo rivolto al futuro, dove gi\u00e0 importanti multinazionali stanno investendo.<\/em><\/p>\n<p><em>a cura di IBIMI BuildingSmart\u00a0<\/em><\/p>\n<hr \/>\n<p style=\"text-align: right\"><i>*Sessione a <\/i><i>pagamento. E\u2019 obbligatoria l\u2019<\/i><i>iscrizione<\/i><i>.\u00a0<\/i><i><br \/>\nSono stati richiesti crediti formativi.<\/i><\/p>\n[\/vc_column_text][\/vc_column_inner][vc_column_inner width=&#8221;1\/2&#8243;][vc_column_text]\n<h5 style=\"text-align: center\">&#8220;Open BIM, modeling the future&#8221;<\/h5>\n<h6 style=\"text-align: center\">Digital ways of working for built asset environment<\/h6>\n<p style=\"text-align: center\"><em>a cura di IBIMI BuildingSmart e Digital&amp;BIM<\/em><\/p>\n<hr \/>\n<p>&nbsp;<\/p>\n<p>10.30 \u2013 Welcome and \u201c<strong>Opening Speech<\/strong>\u201d<br \/>\n<em>Lorenzo Nissim &#8211; Conference moderator<br \/>\n<\/em><em>Richard Petrie \u2013 bS International Chief Executive (<strong>online<\/strong>) TBC<br \/>\n<\/em><em>Anna Moreno \u2013 bS Italia President<\/em><\/p>\n<p>10.50 \u2013 \u201c<strong>bSI Mission and Organisation<\/strong>\u201d<br \/>\n<em>Aidan Mercer \u2013 bS International Marketing Director<\/em><\/p>\n<p>11.10 \u2013 \u00a0\u201c<strong>Standardisation process &amp; current projects<\/strong>\u201d<br \/>\n<em>Xenia Fiorentini\u00a0 \u2013 bS Italy Standardization Director<\/em><\/p>\n<p>11.30 \u2013 Podium discussion<\/p>\n<p>11.50 \u2013\u201c<strong>Professional qualification<\/strong>\u201d<br \/>\n<em>Mark Baldwin \u2013 bS International Professional Qualification Program Manager<\/em><\/p>\n<p>12.10 \u2013 \u201c<strong>Software Certification\u201d (online)<br \/>\n<\/strong><em>Prof. Rasso Steinmann\u2013 bS International Software Certification Program Manager <\/em><\/p>\n<p>12.30 \u2013 \u201c<strong>Winner bSI award 2018: O&amp;M category\u201d<br \/>\n<\/strong><em>Ernesto Minnucci \u2013 bS Italy (Studio MinnucciAssociati)<\/em><\/p>\n<p>12.50 \u2013 Podium discussion[\/vc_column_text][\/vc_column_inner][\/vc_row_inner][\/vc_column][\/vc_row][vc_row equal_height=&#8221;yes&#8221; content_placement=&#8221;middle&#8221; el_class=&#8221;my-1&#8243;][vc_column el_class=&#8221;py-lg-2 px-lg-5&#8243;][vc_row_inner equal_height=&#8221;yes&#8221; content_placement=&#8221;middle&#8221;][vc_column_inner el_class=&#8221;py-lg-2 px-lg-5&#8243; width=&#8221;1\/2&#8243;][vc_column_text]\n<h3 style=\"text-align: left\">14.00 \u2013 17.00<\/h3>\n<p>SESSIONE II<\/p>\n<p><em>La prima parte dell&#8217;evento sar\u00e0 dedicata alle strutture e ai modelli di dati, con riferimento alle modalit\u00e0 con cui le committenze, vale a dire i soggetti proponenti secondo le norme della serie UNI EN ISO 19650, formulano i requisiti informativi destinati alla catena di fornitura, cio\u00e8 ai soggetti incaricati (OIR, AIR, PIR, EIR), con un focus sugli ambienti di condivisione dei dati e sulle piattaforme digitali in grado di supportare gli attori e le aziende che agiscono mediante modelli e strutture di dati.<\/em><\/p>\n<hr \/>\n<p style=\"text-align: right\"><i>*Sessione a <\/i><i>pagamento. E\u2019 obbligatoria l\u2019<\/i><i>iscrizione<\/i><i>.\u00a0<\/i><i><br \/>\nSono stati richiesti crediti formativi.<\/i><\/p>\n[\/vc_column_text][\/vc_column_inner][vc_column_inner width=&#8221;1\/2&#8243;][vc_column_text]\n<h5 style=\"text-align: center\">Piattaforme Digitali, Common Data Environment, Digital Twin: Potenzialit\u00e0 e Rischi per il Settore dell\u2019Ambiente Costruito<br \/>\n\u2013 <em>Il Mondo dei dati dell\u2019ambiente costruito<\/em><\/h5>\n<p style=\"text-align: center\"><em>a cura di UniBs e Digital&amp;BIM<\/em><\/p>\n<hr \/>\n<p>14.00 &#8211; <strong>Welcome address &amp; opening remarks<br \/>\n<\/strong><em>Ilektra Papadaki &#8211; Policy Officer for digital construction and sustainable built environment at the European Commission<\/em><\/p>\n<p>14.15 &#8211; <strong>&#8220;The AECO-Sphere: Evolutional Processes and Changeable Identities&#8221;<\/strong><br \/>\n<em>Angelo Ciribini \u2013 Universit\u00e0 Brescia<\/em><\/p>\n<p>14.35- <strong>&#8220;Data Templates, Data Structures, Data Models&#8221;<\/strong><br \/>\n<em>Peter Kompolschek &#8211; Austrian Standards<\/em><\/p>\n<p>14.55 &#8211; <strong>&#8220;Common Data Environments&#8221;<\/strong><br \/>\n<em>Volker Krieger &#8211; Fact<\/em><\/p>\n<p>15.15 \u2013 Podium discussion<\/p>\n<p>15.30 &#8211; <strong>\u201cGames technology in asset design and management&#8221;<br \/>\n<\/strong>Ilka <em>May &#8211; The Digital Twin Company<\/em><\/p>\n<p>15.50 &#8211; <strong>&#8220;Linked Data Concepts for the Asset Management of Transport Infrastructures&#8221;<\/strong><br \/>\n<em>Markus K\u00f6nig &#8211; Ruhr-Universit\u00e4t Bochum<\/em><\/p>\n<p>16.10 &#8211; &#8220;<b>Bosch Engineering and Business Solutions&#8221;<\/b><br \/>\n<i>Bhuvan K Shetty- Bosch<span class=\"Apple-converted-space\">\u00a0<\/span><\/i><\/p>\n<p>16.30 &#8211; Podium discussion<\/p>\n<p>16.45 &#8211; <span style=\"color: #00ccff\"><strong>Technology Sponsors&#8217; Interventions<\/strong><\/span><br \/>\n16.45 &#8211; &#8220;<strong>La certificazione degli esperti BIM e dei sistemi di gestione BIM&#8221;<br \/>\n<\/strong><em>Lorenzo Orsenigo, ICMQ<br \/>\n<\/em>17.00 &#8211; <strong>&#8220;CDE Open BIM e infrastrutture ferroviarie: esempio di modellazione e gestione dell&#8217;infrastruttura ferroviaria con il nuovo standard IFC Rail&#8221;<\/strong><br \/>\n<em>ing. Michelangelo Cianciulli, ACCA<\/em><br \/>\n17.15 &#8211; *TDB<\/p>\n<p>17.40 &#8211; Podium discussion[\/vc_column_text][\/vc_column_inner][\/vc_row_inner][\/vc_column][\/vc_row][vc_row equal_height=&#8221;yes&#8221; content_placement=&#8221;middle&#8221; el_class=&#8221;my-1&#8243;][vc_column el_class=&#8221;py-lg-2 px-lg-5&#8243;][vc_row_inner equal_height=&#8221;yes&#8221; content_placement=&#8221;middle&#8221;][vc_column_inner el_class=&#8221;py-lg-2 px-lg-5&#8243;][vc_column_text]\n<h3 style=\"text-align: center\">Venerd\u00ec 22 Novembre<\/h3>\n<hr \/>\n[\/vc_column_text][\/vc_column_inner][\/vc_row_inner][\/vc_column][\/vc_row][vc_row equal_height=&#8221;yes&#8221; content_placement=&#8221;middle&#8221; el_class=&#8221;my-1 bg-gray&#8221; el_id=&#8221;sessione-giovani&#8221;][vc_column el_class=&#8221;py-lg-2 px-lg-5&#8243;][vc_row_inner equal_height=&#8221;yes&#8221; content_placement=&#8221;middle&#8221;][vc_column_inner el_class=&#8221;py-lg-2 px-lg-5&#8243; width=&#8221;1\/2&#8243;][vc_column_text]\n<h3 style=\"text-align: left\">09.30 \u2013 12.30<\/h3>\n<p>SESSIONE III<\/p>\n<p><em>La seconda sessione sar\u00e0 incentrata sulla analisi dei dati legati alla gestione delle risorse costruite attraverso i \u201cgemelli digitali\u201d e i protocolli IoT.\u00a0 Analisi e casi studio saranno presentati rispetto a piattaforme fornite dalle societ\u00e0 tecnologiche, piattaforme in grado di ospitare lo scenario rappresentato.<\/em><\/p>\n<hr \/>\n<p style=\"text-align: right\"><i>*Sessione a <\/i><i>pagamento. E\u2019 obbligatoria l\u2019<\/i><i>iscrizione<\/i><i>.<\/i><i><br \/>\nSono stati richiesti crediti formativi.<\/i><\/p>\n[\/vc_column_text][\/vc_column_inner][vc_column_inner width=&#8221;1\/2&#8243;][vc_column_text]\n<h5 style=\"text-align: center\">Piattaforme Digitali, Common Data Environment, Digital Twin: Potenzialit\u00e0 e Rischi per il Settore dell\u2019Ambiente Costruito<br \/>\n\u2013 <em>Il Mondo dei cespiti immobiliari e infrastrutturali cognitivi\u201c<\/em><\/h5>\n<p style=\"text-align: center\"><em>a cura di UniBs e Digital&amp;BIM<\/em><\/p>\n<hr \/>\n<p>9.20 &#8211; Welcome address \u2013 Day 2<\/p>\n<p>9.30 &#8211; <strong>&#8220;Digital Platforms &amp; Digital Twins&#8221;<\/strong><br \/>\n<em>Paul Surin &#8211; IBM<\/em><\/p>\n<p>9.50 &#8211; <strong>&#8220;Connected Built Assets&#8221;<\/strong><br \/>\n<em>Paolo Bellagente &amp; Lavinia Tagliabue \u2013 Universit\u00e0 Brescia<\/em><\/p>\n<p>10.100 &#8211; <strong>&#8220;The emergence of the 3rd platform, the platform of platforms that delivers the tow promises of &#8220;building better&#8221;, and &#8220;better buildings\u201d<\/strong><br \/>\n<em>Alain Waha \u2013 Buro Happold<\/em><\/p>\n<p>10.30 &#8211; &#8220;<b>Exploring new Digital Delivery Models: a Pilot project in MIND Milan&#8221;<\/b><br \/>\nNuovi modelli di delivery digitali per il settore delle costruzioni: un progetto pilota a MIND Milano\u00a0<span class=\"Apple-converted-space\"><br \/>\n<\/span><i>Nicola Colella &#8211; AECOM<\/i><\/p>\n<p>10.50 &#8211; &#8220;<b>Common Data Environments for BIM Projects &#8211; Central Source of Information, Platform for collaborative Work, Built on open Standards&#8221;<br \/>\n<\/b><i>Ulrich Hartmann &#8211; Oracle<\/i><\/p>\n<p>11.10 &#8211; <strong>*TBC &#8211;\u00a0<\/strong><em>ENEA<\/em><\/p>\n<p>11.30 \u2013\u00a0<i>Podium discussion<\/i><\/p>\n<p><i>11.50 &#8211; <\/i><span style=\"color: #00ccff\"><strong>Technology Sponsors&#8217; Interventions<\/strong><\/span><i><br \/>\n<\/i>11.50 \u2013 &#8220;<strong>Software BIM dal progetto al retrofit sistemico di edifici residenziali&#8221;<\/strong><span class=\"Apple-converted-space\"><br \/>\n<\/span><i>Flavio Andreatta &#8211; ALL PLAN<br \/>\n<\/i><i>12.05<span class=\"Apple-converted-space\">\u00a0 <\/span>&#8211; <strong>&#8220;CDE Open BIM e infrastrutture ferroviarie: esempio di modellazione e gestione dell&#8217;infrastruttura ferroviaria con il nuovo standard IFC Rail&#8221;<\/strong><\/i><i>\u00a0 Relatore ing. Michelangelo Cianciulli, ACCA<br \/>\n<\/i><i>12.20 &#8211;<\/i><strong><span class=\"Apple-converted-space\">&#8220;Digital Twin: la visualizzazione del dato come elemento di retroazione&#8221;<br \/>\n<\/span><\/strong><i>Emanuele Zinna &#8211; ShinSoftware<br \/>\n<\/i>12. 35 \u2013 &#8220;<strong>Asset Information Management. Tecnologie per la pianificazione e la gestione delle informazioni del modello: dRofus&#8221;<\/strong><br \/>\n<i>Paolo Bertini &#8211; HARPACEAS<br \/>\n<\/i>12.50 \u2013 &#8220;<strong>BIM Strutturale&#8221;<\/strong><br \/>\n<i>Adriano Castagnone &#8211;\u00a0STADATA<\/i><\/p>\n<p>13.05 &#8211; <i>Podium discussion<\/i>[\/vc_column_text][\/vc_column_inner][\/vc_row_inner][\/vc_column][\/vc_row][vc_row equal_height=&#8221;yes&#8221; content_placement=&#8221;middle&#8221; el_class=&#8221;my-1&#8243;][vc_column el_class=&#8221;py-lg-2 px-lg-5&#8243;][vc_row_inner equal_height=&#8221;yes&#8221; content_placement=&#8221;middle&#8221;][vc_column_inner el_class=&#8221;py-lg-2 px-lg-5&#8243; width=&#8221;1\/2&#8243;][vc_column_text]\n<h3 style=\"text-align: left\">14.00 \u2013 17.00<\/h3>\n<p>SESSIONE IV<\/p>\n<p><em>Spesso si sente parlare di come il mercato inglese sia pi\u00f9 evoluto rispetto a quello italiano: \u00e8 vero? Quali sono le principali differenze? Cosa \u00e8 possibile importare in Italia e cosa invece ci differenzia? Il gruppo Italians in Digital Transformation UK per la prima volta sar\u00e0 in Italia a Digital&amp;BIM per parlare di standardizzazione, progettazione parametrica, gestione delle informazioni, manutenzione delle infrastrutture e paesaggistica. Temi apparentemente diversi, ma legati dal modus operandi basato sulla digitalizzazione del nostro settore e sulla centralit\u00e0 del dato per ottimizzare la produttivit\u00e0 di ciascun attore della filiera inclusi gli studi di progettazione, imprese di costruzioni e stazioni appaltanti.<\/em><\/p>\n<hr \/>\n<p style=\"text-align: right\"><i>*Sessione a <\/i><i>pagamento. E\u2019 obbligatoria l\u2019<\/i><i>iscrizione<\/i><i>.\u00a0<\/i><i><br \/>\n<\/i><\/p>\n[\/vc_column_text][\/vc_column_inner][vc_column_inner width=&#8221;1\/2&#8243;][vc_column_text]\n<h5 style=\"text-align: center\">Trasformazione digitale in Italia vs UK:<br \/>\nle esperienze di progettisti italiani in UK<\/h5>\n<p style=\"text-align: center\"><em>a cura di Italians in Digital Transformation UK (IDTUk) e Digital&amp;BIM<\/em><\/p>\n<hr \/>\n<p>14.30 &#8211; Welcome<\/p>\n<p>14.35 &#8211; <strong>&#8220;IDTUK &amp; Livelli di Fabbisogno Informativo&#8221;<\/strong><br \/>\n<em>Ing. Marzia Bolpagni, PhD &#8211; IDTUK Founder &#8211; Mace<\/em><\/p>\n<p>14.55 &#8211; <strong>&#8220;Data Driven Decision e implementazione BIM&#8221;\u00a0<\/strong><br \/>\nIng. Fabrizio Ciardulli &#8211; IDTUK Commitee &#8211; BIM Specialist BuroHappold Engineering<\/p>\n<p>15.15 \u2013 <strong>&#8220;Come pu\u00f2 il Digital Twin aiutare l\u2019Asset Management? Alcuni casi studio su sistemi infrastrutturali&#8221;<\/strong><br \/>\n<em>Ing. Luca Granata, Graduate Asset Management Consultant in Jacobs<\/em><\/p>\n<p>15.35 \u2013 <strong>&#8220;ZHA Design Technology Group, Interoperability Tools &amp; London Hackaton Dynamo&amp;Generative Design.&#8221;\u00a0<\/strong><br \/>\n<em>Arch. Mauro Sabiu (IDTUK Commitee &#8211; Architect Zaha Hadid Architects) <\/em><\/p>\n<p>15.55 \u2013 <strong>&#8220;Progettazione e modellazione digitale degli spazi pubblici&#8221;<\/strong><br \/>\n<em>Arch. Matteo Orsi, IDTUk &#8211; Architect e BIM coordinator in Adamson Associates International<\/em><\/p>\n<p>16.10 &#8211; Podium discussion<\/p>\n<p>16.30 &#8211; <span style=\"color: #00ccff\"><strong>Technology Partners&#8217; Interventions<\/strong><\/span>[\/vc_column_text][\/vc_column_inner][\/vc_row_inner][\/vc_column][\/vc_row][vc_row][vc_column][vc_column_text el_class=&#8221;text-center&#8221;]\n<p style=\"text-align: center\"><a class=\"btn btn-lg btn-primary my-2\" href=\"\/it\/contatti\">Richiedi informazioni<\/a><\/p>\n[\/vc_column_text][\/vc_column][\/vc_row]\n","protected":false},"excerpt":{"rendered":"<p>[vc_row equal_height=&#8221;yes&#8221; el_class=&#8221;my-1&#8243;][vc_column][vc_row_inner equal_height=&#8221;yes&#8221; content_placement=&#8221;top&#8221; el_class=&#8221;my-1 bg-gray&#8221;][vc_column_inner el_class=&#8221;py-lg-2 px-lg-5&#8243; width=&#8221;2\/2&#8243;][vc_column_text] Conferenza Internazionale &#8211; Momenti formativi e informativi di alto livello con speaker anche internazionali Gioved\u00ec 21 &#8211; Venerd\u00ec 22 Novembre 2019 Sala Gallery Blu [\/vc_column_text][\/vc_column_inner][\/vc_row_inner][\/vc_column][\/vc_row][vc_row equal_height=&#8221;yes&#8221; content_placement=&#8221;middle&#8221; el_class=&#8221;my-1&#8243;][vc_column el_class=&#8221;py-lg-2 px-lg-5&#8243;][vc_row_inner equal_height=&#8221;yes&#8221; content_placement=&#8221;middle&#8221;][vc_column_inner el_class=&#8221;py-lg-2 px-lg-5&#8243;][vc_column_text] Giovedi 21 Novembre [\/vc_column_text][\/vc_column_inner][\/vc_row_inner][\/vc_column][\/vc_row][vc_row equal_height=&#8221;yes&#8221; content_placement=&#8221;middle&#8221; el_class=&#8221;my-1 bg-gray&#8221;][vc_column el_class=&#8221;py-lg-2 px-lg-5&#8243;][vc_row_inner equal_height=&#8221;yes&#8221; [&hellip;]<\/p>\n","protected":false},"author":16,"featured_media":3864,"parent":0,"menu_order":0,"comment_status":"closed","ping_status":"closed","template":"","meta":[],"acf":[],"aioseo_notices":[],"_links":{"self":[{"href":"https:\/\/www.digitalbimitalia.it\/it\/wp-json\/wp\/v2\/pages\/4671"}],"collection":[{"href":"https:\/\/www.digitalbimitalia.it\/it\/wp-json\/wp\/v2\/pages"}],"about":[{"href":"https:\/\/www.digitalbimitalia.it\/it\/wp-json\/wp\/v2\/types\/page"}],"author":[{"embeddable":true,"href":"https:\/\/www.digitalbimitalia.it\/it\/wp-json\/wp\/v2\/users\/16"}],"replies":[{"embeddable":true,"href":"https:\/\/www.digitalbimitalia.it\/it\/wp-json\/wp\/v2\/comments?post=4671"}],"version-history":[{"count":3,"href":"https:\/\/www.digitalbimitalia.it\/it\/wp-json\/wp\/v2\/pages\/4671\/revisions"}],"predecessor-version":[{"id":5841,"href":"https:\/\/www.digitalbimitalia.it\/it\/wp-json\/wp\/v2\/pages\/4671\/revisions\/5841"}],"wp:featuredmedia":[{"embeddable":true,"href":"https:\/\/www.digitalbimitalia.it\/it\/wp-json\/wp\/v2\/media\/3864"}],"wp:attachment":[{"href":"https:\/\/www.digitalbimitalia.it\/it\/wp-json\/wp\/v2\/media?parent=4671"}],"curies":[{"name":"wp","href":"https:\/\/api.w.org\/{rel}","templated":true}]}}