{"id":4375,"date":"2019-07-26T14:35:57","date_gmt":"2019-07-26T14:35:57","guid":{"rendered":"https:\/\/www.digitalbimitalia.it\/?page_id=4375"},"modified":"2019-11-27T09:30:16","modified_gmt":"2019-11-27T09:30:16","slug":"bimdigital-award-2019","status":"publish","type":"page","link":"https:\/\/www.digitalbimitalia.it\/it\/bimdigital-award-2019\/","title":{"rendered":"BIM&amp;Digital Award 2019"},"content":{"rendered":"[vc_row equal_height=&#8221;yes&#8221; el_class=&#8221;my-1&#8243;][vc_column][vc_row_inner equal_height=&#8221;yes&#8221; content_placement=&#8221;top&#8221;][vc_column_inner el_class=&#8221;py-lg-2 px-lg-5&#8243; width=&#8221;2\/3&#8243;][vc_column_text]\n<h2><strong><span style=\"font-size: 22px;line-height: 22px\">Digital&amp;BIM Italia presenta Bim&amp;Digital Awards 2019<\/span><\/strong><\/h2>\n[\/vc_column_text][vc_column_text]Il premio <b>BIM&amp;DIGITAL Awards 19 <\/b>giunto alla terza edizione ha l\u2019obiettivo di:<\/p>\n<ul>\n<li>Far conoscere, da un lato, i <b><i>progetti e le opere che sfruttano le innovazioni digitali <\/i><\/b>ed in particolare BIM al fine di migliorare le performance e rendere pi\u00f9 efficace il processo di progettazione, realizzazione e manutenzione.<\/li>\n<li>Premiare <b><i>aziende, start-up, imprese <\/i><\/b>che hanno promosso nuovi strumenti digitali che rendano pi\u00f9 efficace il processo di rilievo, restituzione e visione, di progettazione, realizzazione e manutenzione in particolar modo per gli interventi di recupero e restauro e che possano operare in ambiente BIM.<\/li>\n<li>Premiare la <b><i>ricerca <\/i><\/b>in questo settore attraverso la selezione di tesi di Laurea Magistrale, Scuola di Specializzazione, Master e Dottorato sviluppate ed applicate su metodologie, strumenti, protocolli, sistemi, ecc. inerenti al BIM.<\/li>\n<\/ul>\n[\/vc_column_text][vc_column_text]<img decoding=\"async\" loading=\"lazy\" class=\"img-responsive wp-image-4380 alignleft\" src=\"\/public\/uploads\/sites\/11\/banner-AWARD.jpg\" alt=\"\" width=\"947\" height=\"196\" srcset=\"\/public\/uploads\/sites\/11\/banner-AWARD.jpg 1591w, \/public\/uploads\/sites\/11\/banner-AWARD-300x62.jpg 300w, \/public\/uploads\/sites\/11\/banner-AWARD-768x159.jpg 768w, \/public\/uploads\/sites\/11\/banner-AWARD-1024x212.jpg 1024w\" sizes=\"(max-width: 947px) 100vw, 947px\" \/>[\/vc_column_text][vc_separator color=&#8221;white&#8221;][vc_column_text]Il concorso <b>BIM&amp;DIGITAL Awards 19 <\/b>rientra nell&#8217;ambito di\u00a0 <b>DIGITAL&amp;BIM Italia 2019\u00a0 <\/b>in programma <b>a Bologna dal 21 al 22 novembre 2019<\/b> .<\/p>\n<p>Per le procedure del concorso e per i rapporti fra Ente banditore e concorrenti, al fine di garantire anonimato e condizioni uniformi di partecipazione, saranno utilizzate esclusivamente vie telematiche, attraverso il seguente sito web, appositamente predisposto:[\/vc_column_text][vc_column_text]\n<p style=\"text-align: left\"><a class=\"btn btn-lg btn-primary my-2\" href=\"http:\/\/www.concorsiarchibo.eu\/digitalandbimawards-2019\" target=\"_blank\" rel=\"noopener noreferrer\">Per maggiori informazioni e dettagli sul bando<\/a> \u00a0<a class=\"btn btn-lg btn-primary my-2\" href=\"#finalisti\" target=\"_blank\" rel=\"noopener noreferrer\">Scopri i nomi dei finalisti<\/a><\/p>\n[\/vc_column_text][vc_separator color=&#8221;white&#8221;][\/vc_column_inner][vc_column_inner el_class=&#8221;p-1 p-sm-3 p-lg-4 bg-darker&#8221; width=&#8221;1\/3&#8243;][vc_wp_custommenu nav_menu=&#8221;3&#8243;][\/vc_column_inner][\/vc_row_inner][\/vc_column][\/vc_row][vc_row equal_height=&#8221;yes&#8221; el_class=&#8221;my-1&#8243;][vc_column][vc_row_inner equal_height=&#8221;yes&#8221; content_placement=&#8221;top&#8221; el_id=&#8221;finalisti&#8221;][vc_column_inner el_class=&#8221;py-lg-2 px-lg-5&#8243; width=&#8221;1\/2&#8243;][vc_column_text]\n<h3>Categorie<\/h3>\n<p>Categoria 1. <strong><span style=\"color: #00ccff\">Edifici Commerciali, terziario e di grande dimensione<\/span><\/strong><\/p>\n<p>Categoria 2. <strong><span style=\"color: #00ccff\">Edifici Pubblici<\/span><\/strong><\/p>\n<p>Categoria 3. <strong><span style=\"color: #00ccff\">Infrastrutture<br \/>\n<\/span><\/strong><br \/>\nCategoria 4. <strong><span style=\"color: #00ccff\">Piccoli progetti<\/span><\/strong><\/p>\n<p>Categoria 5. <strong><span style=\"color: #00ccff\">Interventi di restauro e valorizzazione del patrimonio<\/span><\/strong><\/p>\n<p>Categoria 6. <strong><span style=\"color: #00ccff\">Iniziativa BIM dell\u2019anno.<br \/>\n<\/span><\/strong>Questa categoria \u00e8 aperta a qualsiasi organizzazione che abbia promosso nuovi modi di lavorare in ambiente BIM.\u00a0<strong><span style=\"color: #00ccff\"><br \/>\n<\/span><\/strong><i><\/i><\/p>\n<p>Categoria 7. <strong><span style=\"color: #00ccff\">Tecnologie digitali per il processo costruttivo.<br \/>\n<\/span><\/strong>Questa categoria \u00e8 aperta a qualsiasi organizzazione che abbia promosso nuovi strumenti digitali che rendano pi\u00f9 efficace il processo.\u00a0<strong><span style=\"color: #00ccff\"><br \/>\n<\/span><\/strong><\/p>\n<p>Categoria 8. <strong><span style=\"color: #00ccff\">Ricerca<\/span><br \/>\n<\/strong>Questa categoria \u00e8 aperta a \u201cTesi\u201d sviluppate ed applicate su metodologie, strumenti, protocolli, sistemi, ecc. inerenti al BIM<strong><br \/>\n<\/strong>[\/vc_column_text][vc_separator color=&#8221;sky&#8221;][vc_column_text]\n<h3>Termini di partecipazione<\/h3>\n<p><span style=\"color: #00ccff\"><strong>29\/07\/2019<\/strong><\/span><br \/>\nPubblicazione | Apertura delle iscrizioni e contestuale invio degli elaborati e della documentazione<br \/>\namministrativa<\/p>\n<p><strong><span style=\"color: #00ccff\"><em>16\/10\/2019<br \/>\n<\/em><\/span><\/strong>Chiusura delle iscrizioni e contestuale invio degli elaborati e della documentazione<br \/>\namministrativa, entro le ore 12:00 del giorno<em><br \/>\n<\/em><\/p>\n<p><strong><span style=\"color: #00ccff\">29\/10\/2019<\/span><\/strong><br \/>\nLavori della commissione giudicatrice<\/p>\n<p><strong><span style=\"color: #00ccff\">31\/10\/2019<\/span><\/strong><br \/>\nPubblicazione dei finalisti<\/p>\n<p><span style=\"color: #00ccff\"><strong>21\/11\/2019<\/strong><\/span><br \/>\n<em>Premiazione dei selezionati<\/em> nell\u2019ambito di DIGITAL&amp;BIM Italia<\/p>\n<p><span style=\"color: #00ccff\"><strong>22\/11\/2019<\/strong><\/span><br \/>\n<em>Presentazione dei progetti finalisti<\/em> nell\u2019ambito di DIGITAL&amp;BIM Italia[\/vc_column_text][\/vc_column_inner][vc_column_inner el_class=&#8221;p-1 p-sm-3 p-lg-4&#8243; width=&#8221;1\/2&#8243;][vc_empty_space][vc_column_text]\n<h3>I finalisti dell&#8217;edizione 2019<\/h3>\n<p>Categoria 1. <strong><span style=\"color: #00ccff\">Edifici Commerciali, terziario e di grande dimensione<\/span><\/strong><br \/>\n<strong>(primo)BMS Progetti Srl<\/strong> &#8211; <i>&#8220;Il BIM per la raccolta e lo sviluppo di una filiera di dati digitali continua: dalla Progettazione alla Gestione&#8221;<br \/>\n<\/i><strong>(menzione)Paolo Chiappero Architetto<\/strong> &#8211; <em>&#8220;Ristrutturazione centro sportivo&#8221;<\/em><i><br \/>\n<\/i><\/p>\n<p>Categoria 2. <strong><span style=\"color: #00ccff\">Edifici Pubblici<br \/>\n<\/span><\/strong><strong>(primo)L+PARTNERS Srl<\/strong> &#8211; <em>&#8220;Ospedale di Treviso&#8221;<\/em><br \/>\n<strong>(secondo)Ing. Arch. Luca Peralta &#8211; Studio associato Arsarc<\/strong> &#8211; <em>&#8220;Nuova Scuola formazione corpo forestale e di vigilanza ambientale&#8221;<\/em><br \/>\n<strong>(menzione)GP PROJECT SRL<\/strong> &#8211; <em>&#8220;Sala Polifunzionale nZEB &#8220;<\/em><\/p>\n<p>Categoria 3. <strong><span style=\"color: #00ccff\">Infrastrutture<br \/>\n<\/span><\/strong><strong>(primo)Italferr S.p.A.<\/strong> &#8211; <em>&#8220;Nuovo Ponte sul Polcevera&#8221;<\/em><\/p>\n<p>Categoria 4. <strong><span style=\"color: #00ccff\">Piccoli progetti<\/span><\/strong><em><br \/>\n<\/em><strong>(primo)MUSA PROGETTI SOC. COOP. DI INGEGNERIA<\/strong> <em>&#8211; &#8220;Ristrutturazione dell\u2019edificio Ex Gil sede del collegio Univermantova&#8221;<br \/>\n<\/em><strong>(secondo)Morpheme S.r.l.<\/strong><em><strong>\u00a0<\/strong>&#8211; &#8220;Casa unifamiliare (demolizione ricostruzione)&#8221;<br \/>\n<\/em><\/p>\n<p>Categoria 5. <strong><span style=\"color: #00ccff\">Interventi di restauro e valorizzazione del patrimonio<\/span><\/strong><br \/>\n<strong>(primo)React Studio Srl e DISG della Sapienza<\/strong><em><strong>\u00a0<\/strong>&#8211; &#8220;HBIM per il Piano di Conservazione dello Stadio Flaminio &#8220;<\/em><br \/>\n<strong>(menzione)Arch. Enrico Pata<\/strong> &#8211; <em>&#8220;Palazzo Gagliardi di Riso&#8221;<\/em><br \/>\n<strong>(menzione)Studio Michele Bondanelli Architetto ( MBAA)<\/strong>\u00a0&#8211; <em>&#8220;EX Chiesa di San Giovanni \u2013 il progetto di conservazione tra memoria materiale e memoria digitale&#8221;<\/em><\/p>\n<p>Categoria 6. <strong><span style=\"color: #00ccff\">Iniziativa BIM dell\u2019anno<\/span><\/strong><i><br \/>\n<\/i><strong>(primo)Bimon Srl<\/strong><i><em>&#8211; &#8220;Piattaforma Cloud per i servizi di Facility Management &#8221;<br \/>\n<\/em><\/i><strong>(secondo)BMS Progetti Srl<\/strong><i><em>&#8211; &#8220;GD_esign&#8221;<br \/>\n<\/em><\/i><strong>(terzo)ACCA software spa<\/strong> <i><em>&#8211; &#8220;Us.Bim editor&#8221;<\/em><\/i><\/p>\n<p>Categoria 7. <strong><span style=\"color: #00ccff\">Tecnologie digitali per il processo costruttivo<\/span><\/strong><br \/>\n<strong>(primo)Pegaso Ingegneria S.r.l.<\/strong> &#8211; <em>&#8220;Il BIM nei servizi di Direzioni Lavori &#8221;<br \/>\n<\/em><strong>(menzione)R2M Solution Srl <\/strong><em>&#8211; <i>&#8220;Progetti Horizon 2020: BIM4REN, SPHERE&#8221;<\/i><br \/>\n<\/em><\/p>\n<p>Categoria 8. <strong><span style=\"color: #00ccff\">Ricerca<br \/>\n<\/span><\/strong><strong>(primo)Enrico Bosio <\/strong><em>&#8211; &#8220;Metropolitana Parigi&#8221;<br \/>\n<\/em><strong>(secondo)Ing. Michele Archetti <\/strong><em>&#8211; &#8220;Sant\u2019Orsola Malpighi&#8221;<br \/>\n<\/em><strong>(terzo)Lucia Pierni <\/strong><em>&#8211; &#8220;Il complesso di San Giovanni a Teduccio&#8221;<br \/>\n<\/em><strong>(menzione)Rossella de Robertis<\/strong> &#8211; <em>&#8220;Studentato di Firenze&#8221;<br \/>\n<\/em><strong>(menzione)Sergio Tordo<\/strong><em> &#8211; &#8220;Manifattura Tabacchi&#8221;<br \/>\n<\/em><strong>(menzione)Nazarena Bruno <\/strong><em>&#8211; &#8220;Duomo di Parma&#8221;<br \/>\n<\/em>[\/vc_column_text][\/vc_column_inner][\/vc_row_inner][vc_row_inner][vc_column_inner][vc_separator color=&#8221;sky&#8221;][vc_column_text]\n<h3>Giuria<\/h3>\n<p>La Commissione giudicatrice sar\u00e0 costituita da:<\/p>\n<p>&#8211; \u00a0 <b>Angelo Ciribin<\/b><strong>i<\/strong> (presidente della giuria) <i>Universit\u00e0 di Brescia <\/i><\/p>\n<p>&#8211; \u00a0 <b>Edoardo Cosenza <\/b><i>Universit\u00e0 di Napoli\u00a0 <\/i><\/p>\n<p>&#8211; \u00a0 <b>Anna Maria Giovenale <\/b><i>Universit\u00e0 di Roma\u00a0 <\/i><\/p>\n<p>&#8211; \u00a0 <b>Marcello Balzani <\/b><i>Universit\u00e0 di Ferrara \u2013 CLUST-ER BUILD<\/i><\/p>\n<p>&#8211; \u00a0 <b>Domenico <\/b><b>Asprone<\/b> <i>Universit\u00e0 Federico II di Napoli<\/i><\/p>\n<p>&#8211; \u00a0 <b>Gabriele Bitelli<\/b> <i>Universit\u00e0 di Bologna<\/i><\/p>\n<p>&#8211; \u00a0 <b>Francesco<\/b> <b>Ruperto<\/b> <i>Universit\u00e0 di Roma <\/i><\/p>\n<p><i>&#8211; \u00a0 <\/i><b>Chiara Vernizzi<\/b><i>\u00a0 Uni Parma<\/i><\/p>\n<p>&#8211; \u00a0 <b>Carlo Zanchetta <\/b><i>Universit\u00e0 di Padova<\/i><\/p>\n<p>&#8211; \u00a0 <b>Massimo <\/b><b>Deldossi<\/b> <i>ESEB\/ANCE Brescia<\/i><\/p>\n<p>&#8211; \u00a0 <b>Marco Aimetti <\/b><i>CNAPPC <\/i><\/p>\n<p><b>&#8211;\u00a0 Giovanni <\/b><b>Cardinale<\/b> <i>CNI<\/i><\/p>\n<p><b>&#8211;\u00a0 Maurizio <\/b><b>Savoncelli <\/b><i>CNGeGL<\/i><\/p>\n<p>&#8211;\u00a0 <b>Matteo Del Giudice <\/b><i>Politecnico di Torino<\/i><\/p>\n<p><b>&#8211;\u00a0 Silvia Mastrolembo Ventura <\/b>&#8211; <i>Universit\u00e0 di Brescia <\/i><\/p>\n<p><i>&#8211; <\/i><i>\u00a0 <\/i><b>Simone Garagnani<\/b> <i>Bim<\/i><i> Foundation Bologna<\/i><\/p>\n<p>&#8211; \u00a0 <b>Antonella Grossi<\/b> <i>Digital&amp;BIM<\/i><i> Italia <\/i><\/p>\n<p>&nbsp;<\/p>\n<p>A suo insindacabile giudizio la Giuria selezioner\u00e0 una rosa di progetti finalisti che comunicher\u00e0 il 31 ottobre. Tra questo elenco di finalisti la Giuria nominer\u00e0 fino a 3 vincitori per categoria, elenco che sar\u00e0 reso pubblico durante DIGITAL&amp;BIM Italia 2019.[\/vc_column_text][\/vc_column_inner][\/vc_row_inner][vc_row_inner][vc_column_inner width=&#8221;1\/4&#8243;][\/vc_column_inner][vc_column_inner width=&#8221;1\/2&#8243;][vc_column_text]\n<p style=\"text-align: center\"><a class=\"btn btn-lg btn-primary my-2\" href=\"http:\/\/www.concorsiarchibo.eu\/digitalandbimawards-2019\" target=\"_blank\" rel=\"noopener noreferrer\">Per maggiori informazioni e dettagli sul bando<\/a><\/p>\n[\/vc_column_text][\/vc_column_inner][vc_column_inner width=&#8221;1\/4&#8243;][\/vc_column_inner][\/vc_row_inner][\/vc_column][\/vc_row][vc_row][vc_column][vc_column_text]<em>Con il patrocinio di<\/em>[\/vc_column_text][vc_row_inner][vc_column_inner width=&#8221;1\/4&#8243;][vc_single_image image=&#8221;197&#8243; img_size=&#8221;full&#8221; alignment=&#8221;center&#8221;][\/vc_column_inner][vc_column_inner width=&#8221;1\/4&#8243;][vc_single_image image=&#8221;4769&#8243; img_size=&#8221;full&#8221; alignment=&#8221;center&#8221;][\/vc_column_inner][vc_column_inner width=&#8221;1\/4&#8243;][vc_single_image image=&#8221;3761&#8243; img_size=&#8221;full&#8221; alignment=&#8221;center&#8221;][\/vc_column_inner][vc_column_inner width=&#8221;1\/4&#8243;][vc_single_image image=&#8221;4775&#8243; img_size=&#8221;full&#8221; alignment=&#8221;center&#8221;][\/vc_column_inner][\/vc_row_inner][vc_row_inner][vc_column_inner width=&#8221;1\/4&#8243;][vc_single_image image=&#8221;4771&#8243; img_size=&#8221;full&#8221; alignment=&#8221;center&#8221;][\/vc_column_inner][vc_column_inner width=&#8221;1\/4&#8243;][vc_single_image image=&#8221;4451&#8243; img_size=&#8221;full&#8221; alignment=&#8221;center&#8221;][\/vc_column_inner][vc_column_inner width=&#8221;1\/4&#8243;][vc_single_image image=&#8221;4773&#8243; img_size=&#8221;full&#8221; alignment=&#8221;center&#8221;][\/vc_column_inner][vc_column_inner width=&#8221;1\/4&#8243;][vc_single_image image=&#8221;4495&#8243; img_size=&#8221;full&#8221; alignment=&#8221;center&#8221;][\/vc_column_inner][\/vc_row_inner][\/vc_column][\/vc_row][vc_row][vc_column][vc_empty_space][\/vc_column][\/vc_row][vc_row][vc_column][vc_masonry_media_grid style=&#8221;lazy&#8221; element_width=&#8221;3&#8243; gap=&#8221;35&#8243; initial_loading_animation=&#8221;fadeIn&#8221; grid_id=&#8221;vc_gid:1574846789012-26c56381-2c06-3&#8243; include=&#8221;4396,4394,4398,4400&#8243;][\/vc_column][\/vc_row]\n","protected":false},"excerpt":{"rendered":"<p>[vc_row equal_height=&#8221;yes&#8221; el_class=&#8221;my-1&#8243;][vc_column][vc_row_inner equal_height=&#8221;yes&#8221; content_placement=&#8221;top&#8221;][vc_column_inner el_class=&#8221;py-lg-2 px-lg-5&#8243; width=&#8221;2\/3&#8243;][vc_column_text] Digital&amp;BIM Italia presenta Bim&amp;Digital Awards 2019 [\/vc_column_text][vc_column_text]Il premio BIM&amp;DIGITAL Awards 19 giunto alla terza edizione ha l\u2019obiettivo di: Far conoscere, da un lato, i progetti e le opere che sfruttano le innovazioni digitali ed in particolare BIM al fine di migliorare le performance e rendere pi\u00f9 efficace [&hellip;]<\/p>\n","protected":false},"author":16,"featured_media":0,"parent":0,"menu_order":0,"comment_status":"closed","ping_status":"closed","template":"","meta":[],"acf":[],"aioseo_notices":[],"_links":{"self":[{"href":"https:\/\/www.digitalbimitalia.it\/it\/wp-json\/wp\/v2\/pages\/4375"}],"collection":[{"href":"https:\/\/www.digitalbimitalia.it\/it\/wp-json\/wp\/v2\/pages"}],"about":[{"href":"https:\/\/www.digitalbimitalia.it\/it\/wp-json\/wp\/v2\/types\/page"}],"author":[{"embeddable":true,"href":"https:\/\/www.digitalbimitalia.it\/it\/wp-json\/wp\/v2\/users\/16"}],"replies":[{"embeddable":true,"href":"https:\/\/www.digitalbimitalia.it\/it\/wp-json\/wp\/v2\/comments?post=4375"}],"version-history":[{"count":3,"href":"https:\/\/www.digitalbimitalia.it\/it\/wp-json\/wp\/v2\/pages\/4375\/revisions"}],"predecessor-version":[{"id":5811,"href":"https:\/\/www.digitalbimitalia.it\/it\/wp-json\/wp\/v2\/pages\/4375\/revisions\/5811"}],"wp:attachment":[{"href":"https:\/\/www.digitalbimitalia.it\/it\/wp-json\/wp\/v2\/media?parent=4375"}],"curies":[{"name":"wp","href":"https:\/\/api.w.org\/{rel}","templated":true}]}}