{"id":3801,"date":"2019-06-07T12:34:23","date_gmt":"2019-06-07T12:34:23","guid":{"rendered":"https:\/\/www.digitalbimitalia.it\/?page_id=3801"},"modified":"2019-12-05T11:30:51","modified_gmt":"2019-12-05T11:30:51","slug":"i-focus-e-i-percorsi-di-digitalbim","status":"publish","type":"page","link":"https:\/\/www.digitalbimitalia.it\/it\/i-focus-e-i-percorsi-di-digitalbim\/","title":{"rendered":"I focus e i percorsi di Digital&amp;BIM"},"content":{"rendered":"[vc_row equal_height=&#8221;yes&#8221; el_class=&#8221;my-1&#8243;][vc_column][vc_row_inner equal_height=&#8221;yes&#8221; content_placement=&#8221;top&#8221;][vc_column_inner el_class=&#8221;py-lg-2 px-lg-5&#8243; width=&#8221;2\/3&#8243;][vc_column_text]\n<h2>Informazione, formazione e networking<\/h2>\n<p>Con la presentazione di casi concreti, best practice e servizi per la digitalizzazione dell\u2019ambiente costruito in Arene e laboratori di approfondimento.<\/p>\n<p><strong>5 i focus tematici di approfondimento:<\/strong><\/p>\n<ul>\n<li><span style=\"color: #54d0ff\"><strong>Digital twins \u2013 Intervenire sull\u2019Esistente<\/strong><\/span><\/li>\n<li><span style=\"color: #54d0ff\"><strong>Geospaziale, Smart Infrastructure Smart Land<\/strong><\/span><\/li>\n<li><span style=\"color: #54d0ff\"><strong>Costruzioni 4.0 \u2013 Il teatro della trasformazione digitale\u00a0<\/strong><\/span><\/li>\n<li><span style=\"color: #54d0ff\"><strong>BIM e Digitalizzazione<\/strong><\/span><\/li>\n<li><span style=\"color: #54d0ff\"><strong>Smart data e Intelligenza artificiale<\/strong><\/span><\/li>\n<\/ul>\n[\/vc_column_text][vc_separator color=&#8221;white&#8221;][vc_column_text]Per ciascun focus potranno esserci \u2013 in funzione di partner e espositori coinvolti \u2013 arene o aree dimostrativa dove sperimentare i temi pi\u00f9 innovativi.[\/vc_column_text][vc_column_text]<a class=\"btn btn-lg btn-primary my-2 mr-2\" href=\"#focus\">I Focus di Digital&amp;BIM 2019<\/a>\u00a0<a class=\"btn btn-lg btn-primary outline my-2 mr-2\" href=\"https:\/\/www.digitalbimitalia.it\/it\/contatti\/\">Richiedi informazioni<\/a>[\/vc_column_text][\/vc_column_inner][vc_column_inner el_class=&#8221;p-1 p-sm-3 p-lg-4 bg-darker&#8221; width=&#8221;1\/3&#8243;][vc_column_text]\n<h3 class=\"mt-0 mb-1\">Scopri il programma<\/h3>\n[\/vc_column_text][vc_wp_custommenu nav_menu=&#8221;10&#8243;][\/vc_column_inner][\/vc_row_inner][\/vc_column][\/vc_row][vc_row equal_height=&#8221;yes&#8221; content_placement=&#8221;middle&#8221; el_class=&#8221;my-1 bg-gray&#8221;][vc_column el_class=&#8221;py-lg-2 px-lg-5&#8243; el_id=&#8221;focus&#8221;][vc_row_inner equal_height=&#8221;yes&#8221; content_placement=&#8221;middle&#8221;][vc_column_inner width=&#8221;1\/4&#8243;][vc_single_image image=&#8221;4126&#8243; img_size=&#8221;&#8221; alignment=&#8221;center&#8221; css_animation=&#8221;fadeInLeft&#8221;][\/vc_column_inner][vc_column_inner width=&#8221;3\/4&#8243;][vc_column_text]\n<h3>Digital twins &#8211; Intervenire sull\u2019Esistente<\/h3>\n<p>La tecnologia ha rivoluzionato il modo in cui visualizziamo l&#8217;ambiente costruito e il mondo che ci circonda. Tecnologie innovative come la modellazione 3D, la mappatura e il rendering, la realt\u00e0 virtuale, aumentata e mista ci consentono di vedere e interagire con i progetti offrendo una visione e una comprensione maggiori degli spazi che stiamo creando e recuperando.<\/p>\n<p>Lo spazio dedicato alle<span style=\"color: #54d0ff\"> <strong>Digital Twins<\/strong><\/span> esplorer\u00e0 in che modo queste tecnologie e questi processi possono supportare professionisti, imprese, aziende di servizio, restauratori,\u00a0 con studi di casi reali, best practice e dimostrazioni dal vivo che aiuteranno a capire il futuro della visualizzazione per l&#8217;ambiente costruito. E l&#8217;<span style=\"color: #54d0ff\">\u00ab<strong>Intervento sull\u2019Esistente<\/strong>\u00bb<\/span>.[\/vc_column_text][\/vc_column_inner][\/vc_row_inner][\/vc_column][\/vc_row][vc_row equal_height=&#8221;yes&#8221; content_placement=&#8221;middle&#8221; el_class=&#8221;my-1&#8243;][vc_column el_class=&#8221;py-lg-2 px-lg-5&#8243;][vc_row_inner equal_height=&#8221;yes&#8221; content_placement=&#8221;middle&#8221;][vc_column_inner width=&#8221;3\/4&#8243;][vc_column_text]\n<h3>Geospaziale, Smart Infrastructure, Smart Land<\/h3>\n<p>L\u2019industria geospaziale sta avanzando come mai prima d\u2019ora. Una comprensione precisa del comportamento fisico dell\u2019ambiente costruito \u00e8 essenziale, per comprendere, pianificare, prevedere, monitorare al fine di progettare, realizzare e manutenere le opere in modo migliore.<\/p>\n<p>Lo spazio dedicato al \u00ab<span style=\"color: #54d0ff\"><strong>Geospaziale e a Smart Infrastructure<\/strong><\/span>\u00bb esplorer\u00e0 in che modo queste tecnologie e questi processi possono supportare professionisti ad avere pi\u00f9 dati e maggiore capacit\u00e0 di analisi , per aiutare a risolvere alcune delle numerose sfide che troviamo nell\u2019ambiente costruito.<br \/>\nI progressi in questo settore stanno generando metodi ad alta efficienza, nel prossimo futuro, ci aspettiamo che questo si espanda dal semplice \u00abposizionamento e rilievo\u00bb per assumere un ruolo pi\u00f9 ampio e pi\u00f9 profondo nella costruzione e gestione di opere- siano essi spazi pubblici, comparti costruiti, reti, e infrastrutture &#8211; in modo migliore. Un futuro che lega BIM, GIS, IoT e Smart Land.[\/vc_column_text][\/vc_column_inner][vc_column_inner width=&#8221;1\/4&#8243;][vc_single_image image=&#8221;4208&#8243; img_size=&#8221;&#8221; alignment=&#8221;center&#8221; css_animation=&#8221;fadeInRight&#8221;][\/vc_column_inner][\/vc_row_inner][\/vc_column][\/vc_row][vc_row equal_height=&#8221;yes&#8221; content_placement=&#8221;middle&#8221; el_class=&#8221;my-1 bg-gray&#8221;][vc_column el_class=&#8221;py-lg-2 px-lg-5&#8243;][vc_row_inner equal_height=&#8221;yes&#8221; content_placement=&#8221;middle&#8221;][vc_column_inner width=&#8221;1\/4&#8243;][vc_single_image image=&#8221;4130&#8243; img_size=&#8221;&#8221; alignment=&#8221;center&#8221; css_animation=&#8221;fadeInLeft&#8221;][\/vc_column_inner][vc_column_inner width=&#8221;3\/4&#8243;][vc_column_text]\n<h3>Costruzioni 4.0 &#8211; Il teatro della trasformazione digitale<\/h3>\n<p><span style=\"color: #54d0ff\"><span style=\"color: #000000\">\u00ab<\/span><strong>Costruzioni 4.0<\/strong><\/span>\u00bb \u2013 in collaborazione con le Associazioni del Settore &#8211; si concentrer\u00e0 sulla <strong>trasformazione digitale delle aziende<\/strong> con workshop dinamici e interattivi.<\/p>\n<p>Gli argomenti che cercheremo di esplorare includono:<\/p>\n<p>Strategia digitale, trasformazione \/ digitalizzazione del business, collaborazione, innovazione, gestione delle informazioni.<\/p>\n<p>Digitalizzazione del Prodotto<\/p>\n<p>Digitalizzazione della Produzione.[\/vc_column_text][\/vc_column_inner][\/vc_row_inner][\/vc_column][\/vc_row][vc_row equal_height=&#8221;yes&#8221; content_placement=&#8221;middle&#8221; el_class=&#8221;my-1&#8243;][vc_column el_class=&#8221;py-lg-2 px-lg-5&#8243;][vc_row_inner equal_height=&#8221;yes&#8221; content_placement=&#8221;middle&#8221;][vc_column_inner width=&#8221;3\/4&#8243;][vc_column_text]\n<h3>BIM<\/h3>\n<p>Gli spazi del <strong><span style=\"color: #54d0ff\">BIM<\/span><\/strong> \u00a0hanno lo scopo di aiutare \u00a0a formare un settore in cui il <strong>BIM<\/strong> possa essere <strong>&#8220;Business as Usual&#8221;<\/strong>.<\/p>\n<p>Attraverso un confronto \u00abpratico\u00bb per i professionisti del BIM e tutti coloro che sono coinvolti nella progettazione, costruzione e gestione di beni costruiti, con la presentazione di best practices e \u2018case studies\u2019.<\/p>\n<p><span style=\"color: #00ccff\"><b>\/\/ BIM \u2013 <\/b><b>Question<\/b><b> Time:<\/b><\/span><\/p>\n<p>Tavoli , tenuti da esperti,\u00a0 che si concentreranno su dettagli tecnici, con sessioni dedicate sugli aspetti pratici del \u2018lavorare\u00a0 in BIM\u2019\u00a0 e la possibilit\u00e0 di porre domande pi\u00f9 dettagliate.<\/p>\n<p><span style=\"color: #00ccff\"><b>\/\/ BIM \u2013 MASTER di ALTA<\/b><b> FORMAZIONE<\/b><b>:<\/b><\/span><\/p>\n<p>Area, con arena, dedicata alle universit\u00e0 che hanno attivato Master di specializzazione sul BIM: quali specializzazioni e quali risultati.[\/vc_column_text][\/vc_column_inner][vc_column_inner width=&#8221;1\/4&#8243;][vc_single_image image=&#8221;4132&#8243; img_size=&#8221;&#8221; alignment=&#8221;center&#8221; css_animation=&#8221;fadeInRight&#8221;][\/vc_column_inner][\/vc_row_inner][\/vc_column][\/vc_row][vc_row equal_height=&#8221;yes&#8221; content_placement=&#8221;middle&#8221; el_class=&#8221;my-1 bg-gray&#8221;][vc_column el_class=&#8221;py-lg-2 px-lg-5&#8243;][vc_row_inner equal_height=&#8221;yes&#8221; content_placement=&#8221;middle&#8221;][vc_column_inner width=&#8221;1\/4&#8243;][vc_single_image image=&#8221;4132&#8243; img_size=&#8221;&#8221; alignment=&#8221;center&#8221; css_animation=&#8221;fadeInRight&#8221;][\/vc_column_inner][vc_column_inner width=&#8221;3\/4&#8243;][vc_column_text]\n<h3>BIM e Digitalizzazione<\/h3>\n<p>Focus particolare sul tema della <strong>Digitalizzazione<\/strong> e i servizi della <strong>Pubblica Amministrazione<\/strong>. Coordinato da UniBS , prevede la partecipazione diretta del Provveditorato OO.PP. Lombardia \u2013 Emilia Romagna<\/p>\n<p>Lo spazio sar\u00e0 dedicato a mostrare ci\u00f2 che \u00e8 stato sviluppato sinora, i problemi e i dubbi con cui si scontra la PA sul tema della Digitalizzazione.<\/p>\n<p>I contenuti di questo FOCUS , e le esperienze di alcune amministrazioni pubbliche\u00a0 andranno ad arricchire il <span style=\"color: #54d0ff\"><a style=\"color: #54d0ff\" href=\"https:\/\/www.01building.it\/pubblica-amministrazione\/bim4pa-brand-forum\/\"><b>Forum \u00abDigitalizzazione e PA\u00bb <\/b><\/a><\/span>su <img decoding=\"async\" loading=\"lazy\" class=\" wp-image-3818 alignright\" src=\"\/public\/uploads\/sites\/11\/01building-4-300x150.png\" alt=\"\" width=\"264\" height=\"65\" \/>[\/vc_column_text][\/vc_column_inner][\/vc_row_inner][\/vc_column][\/vc_row][vc_row equal_height=&#8221;yes&#8221; content_placement=&#8221;middle&#8221; el_class=&#8221;my-1&#8243;][vc_column el_class=&#8221;py-lg-2 px-lg-5&#8243;][vc_row_inner equal_height=&#8221;yes&#8221; content_placement=&#8221;middle&#8221;][vc_column_inner width=&#8221;3\/4&#8243;][vc_column_text]\n<h3>Smart data e Intelligenza Artificiale<\/h3>\n<p><span style=\"color: #54d0ff\"><b>AI <\/b>e <b>S<\/b><b>mart <\/b><b>D<\/b><b>ata <\/b><\/span>consentono, al settore dell\u2019ambiente costruito, di passare da concetti e soluzioni di \u00abSmart Building\u00bb a sistemi e tecnologie per avere\u00a0 \u00ab<b>Cognitive <\/b><b>Buildings<\/b>\u00bb, e dalle Smart City all\u2019Intelligenza Urbana.<\/p>\n<p>Uno dei primi esempi di ricerca e sviluppo su questi temi \u00e8 svolto da <b>eLux<\/b><b> Universit\u00e0 di Brescia<\/b>.[\/vc_column_text][\/vc_column_inner][vc_column_inner width=&#8221;1\/4&#8243;][vc_single_image image=&#8221;4210&#8243; img_size=&#8221;&#8221; alignment=&#8221;center&#8221; css_animation=&#8221;fadeInRight&#8221;][\/vc_column_inner][\/vc_row_inner][\/vc_column][\/vc_row][vc_row][vc_column width=&#8221;1\/3&#8243;][\/vc_column][vc_column width=&#8221;1\/3&#8243;][vc_column_text el_class=&#8221;text-center&#8221;]\n<p style=\"text-align: center\"><a class=\"btn btn-lg btn-primary my-2\" href=\"https:\/\/www.digitalbimitalia.it\/it\/contatti\/\">Richiedi informazioni<\/a><\/p>\n[\/vc_column_text][\/vc_column][vc_column width=&#8221;1\/3&#8243;][\/vc_column][\/vc_row][vc_row][vc_column][vc_column_text]\n<h4 style=\"text-align: center\"><\/h4>\n[\/vc_column_text][\/vc_column][\/vc_row]\n","protected":false},"excerpt":{"rendered":"<p>[vc_row equal_height=&#8221;yes&#8221; el_class=&#8221;my-1&#8243;][vc_column][vc_row_inner equal_height=&#8221;yes&#8221; content_placement=&#8221;top&#8221;][vc_column_inner el_class=&#8221;py-lg-2 px-lg-5&#8243; width=&#8221;2\/3&#8243;][vc_column_text] Informazione, formazione e networking Con la presentazione di casi concreti, best practice e servizi per la digitalizzazione dell\u2019ambiente costruito in Arene e laboratori di approfondimento. 5 i focus tematici di approfondimento: Digital twins \u2013 Intervenire sull\u2019Esistente Geospaziale, Smart Infrastructure Smart Land Costruzioni 4.0 \u2013 Il teatro della [&hellip;]<\/p>\n","protected":false},"author":16,"featured_media":3864,"parent":0,"menu_order":0,"comment_status":"closed","ping_status":"closed","template":"","meta":[],"acf":[],"aioseo_notices":[],"_links":{"self":[{"href":"https:\/\/www.digitalbimitalia.it\/it\/wp-json\/wp\/v2\/pages\/3801"}],"collection":[{"href":"https:\/\/www.digitalbimitalia.it\/it\/wp-json\/wp\/v2\/pages"}],"about":[{"href":"https:\/\/www.digitalbimitalia.it\/it\/wp-json\/wp\/v2\/types\/page"}],"author":[{"embeddable":true,"href":"https:\/\/www.digitalbimitalia.it\/it\/wp-json\/wp\/v2\/users\/16"}],"replies":[{"embeddable":true,"href":"https:\/\/www.digitalbimitalia.it\/it\/wp-json\/wp\/v2\/comments?post=3801"}],"version-history":[{"count":3,"href":"https:\/\/www.digitalbimitalia.it\/it\/wp-json\/wp\/v2\/pages\/3801\/revisions"}],"predecessor-version":[{"id":5835,"href":"https:\/\/www.digitalbimitalia.it\/it\/wp-json\/wp\/v2\/pages\/3801\/revisions\/5835"}],"wp:featuredmedia":[{"embeddable":true,"href":"https:\/\/www.digitalbimitalia.it\/it\/wp-json\/wp\/v2\/media\/3864"}],"wp:attachment":[{"href":"https:\/\/www.digitalbimitalia.it\/it\/wp-json\/wp\/v2\/media?parent=3801"}],"curies":[{"name":"wp","href":"https:\/\/api.w.org\/{rel}","templated":true}]}}