{"id":2715,"date":"2018-10-15T13:20:15","date_gmt":"2018-10-15T13:20:15","guid":{"rendered":"https:\/\/www.digitalbimitalia.it\/?page_id=2715"},"modified":"2018-10-15T13:20:32","modified_gmt":"2018-10-15T13:20:32","slug":"peter-debney","status":"publish","type":"page","link":"https:\/\/www.digitalbimitalia.it\/it\/peter-debney\/","title":{"rendered":"Peter Debney"},"content":{"rendered":"[vc_row equal_height=&#8221;yes&#8221; el_class=&#8221;my-1&#8243;][vc_column][vc_row_inner equal_height=&#8221;yes&#8221; content_placement=&#8221;top&#8221;][vc_column_inner el_class=&#8221;py-lg-2 px-lg-5&#8243; width=&#8221;2\/3&#8243;][vc_column_text]\n<h1><strong>Peter Debney<\/strong><\/h1>\n<h4><\/h4>\n<h4><em>Professor Peter Debney, BEng(hons), CEng, MIStructE<\/em><\/h4>\n<p>&nbsp;<\/p>\n<p>Product Manager e Application Specialist presso Oasys Software \/ Arup e Royal Academy of Engineering Visiting Professor di Structural Design e Computer Simulation presso la Braford University.<br \/>\nPeter Debney si \u00e8 laureato alla Surrey University nel 1989 con una laurea con lode in Ingegneria Civile e ha conseguito un Diploma di Computing (distinzione) presso la Open University nel 2009. Ha lavorato in una vasta gamma di pratiche e industrie ingegneristiche, tra cui edilizia generale, acqua, petrolchimico e software.<br \/>\nNel 1996 Peter super\u00f2 l&#8217;esame di ammissione all&#8217;IStructE al suo primo tentativo e divenne ingegnere strutturale.<br \/>\n\u00c8 entrato in Arup nel 2001 come ingegnere strutturale senior e nel 2005 \u00e8 passato al gruppo Oasys. Attualmente \u00e8 responsabile del prodotto per la suite software strutturale e specialista dell&#8217;applicazione per il simulatore di pedoni MassMotion.<br \/>\nNel 2016 Peter \u00e8 stato nominato alla Royal Academy of Engineering Visiting Professor alla Bradford University nel West Yorkshire, nel Regno Unito, dove insegna progettazione strutturale e analisi agli elementi finiti a studenti universitari e post-laurea.<br \/>\nPeter ha pubblicato numerosi articoli e articoli di riviste che coprono una vasta gamma di argomenti di ingegneria, tra cui la modellazione pedonale, la teoria della rete, la vibrazione strutturale, l&#8217;analisi non lineare e l&#8217;ottimizzazione. Attualmente sta lavorando a un libro di ingegneria computazionale per IStructE ed \u00e8 richiesto come relatore e docente in visita.<\/p>\n<p>&nbsp;<\/p>\n<hr \/>\n<p>&nbsp;<\/p>\n<p>Titolo intervento:<\/p>\n<h4>La gestione dei flussi di persone in ottica BIM<\/h4>\n<p>Nel mondo affollato di oggi, il movimento sicuro delle persone \u00e8 sempre pi\u00f9 importante. Dobbiamo garantire con i nostri progetti che le persone possano prendere i treni senza affollarsi sulle piattaforme della stazione, prendere gli aerei senza fare troppe code, usare gli edifici in modo sicuro e confortevole e fuggire rapidamente in caso di incendio. Il Professor Peter Debney, di Oasys Software, esplorer\u00e0 come testare i tuoi progetti per queste importanti funzioni utilizzando MassMotion, il principale simulatore 3D pedonale, come parte del tuo flusso di lavoro BIM.<\/p>\n<p>&nbsp;<\/p>\n<h5><a class=\"btn btn-lg btn-primary my-2\" href=\"https:\/\/www.digitalbimitalia.it\/it\/speakers-conferenza\/\">Torna agli speakers<\/a><\/h5>\n[\/vc_column_text][\/vc_column_inner][vc_column_inner el_class=&#8221;p-1 p-sm-3 p-lg-4&#8243; width=&#8221;1\/3&#8243;][vc_column_text][\/vc_column_text][vc_single_image image=&#8221;2716&#8243; img_size=&#8221;large&#8221; style=&#8221;vc_box_shadow_border_circle_2&#8243;][\/vc_column_inner][\/vc_row_inner][\/vc_column][\/vc_row]\n","protected":false},"excerpt":{"rendered":"<p>[vc_row equal_height=&#8221;yes&#8221; el_class=&#8221;my-1&#8243;][vc_column][vc_row_inner equal_height=&#8221;yes&#8221; content_placement=&#8221;top&#8221;][vc_column_inner el_class=&#8221;py-lg-2 px-lg-5&#8243; width=&#8221;2\/3&#8243;][vc_column_text] Peter Debney Professor Peter Debney, BEng(hons), CEng, MIStructE &nbsp; Product Manager e Application Specialist presso Oasys Software \/ Arup e Royal Academy of Engineering Visiting Professor di Structural Design e Computer Simulation presso la Braford University. Peter Debney si \u00e8 laureato alla Surrey University nel 1989 con [&hellip;]<\/p>\n","protected":false},"author":16,"featured_media":180,"parent":0,"menu_order":0,"comment_status":"closed","ping_status":"closed","template":"","meta":[],"acf":[],"aioseo_notices":[],"_links":{"self":[{"href":"https:\/\/www.digitalbimitalia.it\/it\/wp-json\/wp\/v2\/pages\/2715"}],"collection":[{"href":"https:\/\/www.digitalbimitalia.it\/it\/wp-json\/wp\/v2\/pages"}],"about":[{"href":"https:\/\/www.digitalbimitalia.it\/it\/wp-json\/wp\/v2\/types\/page"}],"author":[{"embeddable":true,"href":"https:\/\/www.digitalbimitalia.it\/it\/wp-json\/wp\/v2\/users\/16"}],"replies":[{"embeddable":true,"href":"https:\/\/www.digitalbimitalia.it\/it\/wp-json\/wp\/v2\/comments?post=2715"}],"version-history":[{"count":1,"href":"https:\/\/www.digitalbimitalia.it\/it\/wp-json\/wp\/v2\/pages\/2715\/revisions"}],"predecessor-version":[{"id":2717,"href":"https:\/\/www.digitalbimitalia.it\/it\/wp-json\/wp\/v2\/pages\/2715\/revisions\/2717"}],"wp:featuredmedia":[{"embeddable":true,"href":"https:\/\/www.digitalbimitalia.it\/it\/wp-json\/wp\/v2\/media\/180"}],"wp:attachment":[{"href":"https:\/\/www.digitalbimitalia.it\/it\/wp-json\/wp\/v2\/media?parent=2715"}],"curies":[{"name":"wp","href":"https:\/\/api.w.org\/{rel}","templated":true}]}}