{"id":2254,"date":"2018-09-21T13:18:12","date_gmt":"2018-09-21T13:18:12","guid":{"rendered":"https:\/\/www.digitalbimitalia.it\/?page_id=2254"},"modified":"2018-09-21T13:19:12","modified_gmt":"2018-09-21T13:19:12","slug":"antonio-vellucci","status":"publish","type":"page","link":"https:\/\/www.digitalbimitalia.it\/it\/antonio-vellucci\/","title":{"rendered":"Antonio Vellucci"},"content":{"rendered":"[vc_row equal_height=&#8221;yes&#8221; el_class=&#8221;my-1&#8243;][vc_column][vc_row_inner equal_height=&#8221;yes&#8221; content_placement=&#8221;top&#8221;][vc_column_inner el_class=&#8221;py-lg-2 px-lg-5&#8243; width=&#8221;2\/3&#8243;][vc_column_text]\n<h1><strong>Antonio Vellucci<\/strong><\/h1>\n<h4><\/h4>\n<h4><em>Bim Coordinator, Parallel Digital<\/em><\/h4>\n<p>&nbsp;<\/p>\n<p>Antonio Vellucci ha conseguito la laurea in Scienze dell\u2019Architettura presso l\u2019Universit\u00e0 degli studi di Roma TRE, dove ha maturato le prime esperienze in ambito BIM partecipando all\u2019evento mondiale Solar Decathlon 2014 in qualit\u00e0 di BIM Manager del progetto RhOME for denCity, team vincitore del concorso.<br \/>\nAttualmente ricopre il ruolo di Bim Coordinator presso PARALLEL DIGITAL dove ha prestato la sua esperienza per progetti internazionali come la Red North Line Underground (Doha) e, su scala nazionale, la nuova sede di Confcooper (Roma) e la Casa della Terza Armata (Gorizia). Parallelamente alle attivit\u00e0 di coordinamento, \u00e8 in costante ricerca di strategie BIM al fine di migliorare la qualit\u00e0 ed ottimizzare il processo stesso.<\/p>\n<p>&nbsp;<\/p>\n<hr \/>\n<p>&nbsp;<\/p>\n<p>Titolo intervento:<\/p>\n<h4><em>&#8220;Basic tip&amp;tricks di Dynamo nel lavoro giornaliero con Revit&#8221;<\/em><\/h4>\n<p>&nbsp;<\/p>\n<p>Il crescere della complessit\u00e0 delle opere da realizzare porta ad un uso sempre pi\u00f9 importante di software parametrici. Questo implica a sua volta una maggior preparazione tecnologica da parte dei progettisti, soprattutto in termini di competenze.<br \/>\nIn particolare, uno degli aspetti in cui il progettista sta e deve continuare ad evolvere \u00e8 nel far proprie delle competenze minime di coding, per affrontare le frequenti situazioni dove ci si ritrova alle prese con delle lavorazioni ripetitive e con alta probabilit\u00e0 di errore.<br \/>\nIn questo laboratorio vedremo come far fronte a queste difficolt\u00e0 con un utilizzo semplice di Dynamo, al fine di risparmiare tempo e mantenere sotto controllo la qualit\u00e0 delle informazioni inserite nel modello Revit.<\/p>\n<h5><a class=\"btn btn-lg btn-primary my-2\" href=\"https:\/\/www.digitalbimitalia.it\/it\/speakers-laboratori-bim\/\">Torna agli speakers<\/a><\/h5>\n[\/vc_column_text][\/vc_column_inner][vc_column_inner el_class=&#8221;p-1 p-sm-3 p-lg-4&#8243; width=&#8221;1\/3&#8243;][vc_column_text][\/vc_column_text][vc_single_image image=&#8221;2252&#8243; img_size=&#8221;large&#8221; style=&#8221;vc_box_shadow_border_circle_2&#8243;][\/vc_column_inner][\/vc_row_inner][\/vc_column][\/vc_row]\n","protected":false},"excerpt":{"rendered":"<p>[vc_row equal_height=&#8221;yes&#8221; el_class=&#8221;my-1&#8243;][vc_column][vc_row_inner equal_height=&#8221;yes&#8221; content_placement=&#8221;top&#8221;][vc_column_inner el_class=&#8221;py-lg-2 px-lg-5&#8243; width=&#8221;2\/3&#8243;][vc_column_text] Antonio Vellucci Bim Coordinator, Parallel Digital &nbsp; Antonio Vellucci ha conseguito la laurea in Scienze dell\u2019Architettura presso l\u2019Universit\u00e0 degli studi di Roma TRE, dove ha maturato le prime esperienze in ambito BIM partecipando all\u2019evento mondiale Solar Decathlon 2014 in qualit\u00e0 di BIM Manager del progetto RhOME for [&hellip;]<\/p>\n","protected":false},"author":16,"featured_media":180,"parent":0,"menu_order":0,"comment_status":"closed","ping_status":"closed","template":"","meta":[],"acf":[],"aioseo_notices":[],"_links":{"self":[{"href":"https:\/\/www.digitalbimitalia.it\/it\/wp-json\/wp\/v2\/pages\/2254"}],"collection":[{"href":"https:\/\/www.digitalbimitalia.it\/it\/wp-json\/wp\/v2\/pages"}],"about":[{"href":"https:\/\/www.digitalbimitalia.it\/it\/wp-json\/wp\/v2\/types\/page"}],"author":[{"embeddable":true,"href":"https:\/\/www.digitalbimitalia.it\/it\/wp-json\/wp\/v2\/users\/16"}],"replies":[{"embeddable":true,"href":"https:\/\/www.digitalbimitalia.it\/it\/wp-json\/wp\/v2\/comments?post=2254"}],"version-history":[{"count":3,"href":"https:\/\/www.digitalbimitalia.it\/it\/wp-json\/wp\/v2\/pages\/2254\/revisions"}],"predecessor-version":[{"id":2257,"href":"https:\/\/www.digitalbimitalia.it\/it\/wp-json\/wp\/v2\/pages\/2254\/revisions\/2257"}],"wp:featuredmedia":[{"embeddable":true,"href":"https:\/\/www.digitalbimitalia.it\/it\/wp-json\/wp\/v2\/media\/180"}],"wp:attachment":[{"href":"https:\/\/www.digitalbimitalia.it\/it\/wp-json\/wp\/v2\/media?parent=2254"}],"curies":[{"name":"wp","href":"https:\/\/api.w.org\/{rel}","templated":true}]}}