{"id":2189,"date":"2018-09-20T14:13:42","date_gmt":"2018-09-20T14:13:42","guid":{"rendered":"https:\/\/www.digitalbimitalia.it\/?page_id=2189"},"modified":"2018-09-20T14:26:23","modified_gmt":"2018-09-20T14:26:23","slug":"antonio-cianciulli","status":"publish","type":"page","link":"https:\/\/www.digitalbimitalia.it\/it\/antonio-cianciulli\/","title":{"rendered":"Antonio Cianciulli"},"content":{"rendered":"[vc_row equal_height=&#8221;yes&#8221; el_class=&#8221;my-1&#8243;][vc_column][vc_row_inner equal_height=&#8221;yes&#8221; content_placement=&#8221;top&#8221;][vc_column_inner el_class=&#8221;py-lg-2 px-lg-5&#8243; width=&#8221;2\/3&#8243;][vc_column_text]\n<h1><strong>Antonio Cianciulli<\/strong><\/h1>\n<h4><\/h4>\n<h4><em>Direttore Marketing ACCA Software S.p.A.<\/em><\/h4>\n<p>&nbsp;<\/p>\n<p>Dopo la laurea in Ingegneria Civile conseguita alla Federico II di Napoli entra, giovanissimo, in ACCA Software dove attualmente ricopre i ruoli di Direttore Marketing e Coordinatore dei processi di internazionalizzazione dell\u2019azienda.<br \/>\nSi occupa anche di innovazione e ricerca e segue le partnership dell\u2019azienda con Universit\u00e0 e centri di Ricerca (Federico II di Napoli, Centro Abita, Politecnico di Torino, Universit\u00e0 di Pavia, Universit\u00e0 del Sannio, ecc.).<br \/>\nCome BIM Expert si occupa anche delle applicazioni del BIM nei diversi ambiti del Processo Costruttivo.<\/p>\n<p>\u00c8 Presidente della sezione informatica di Confindustria Avellino.<\/p>\n<p>&nbsp;<\/p>\n<hr \/>\n<p>&nbsp;<\/p>\n<p>Titolo intervento:<\/p>\n<h4>\u201cBIM e GIS: l\u2019acDAT come base dati per la gestione e pianificazione territoriale delle costruzioni e dei sistemi urbani\u201d<\/h4>\n<p>&nbsp;<\/p>\n<h4>\u201cIl modello digitale del costruito come passaggio nevralgico verso processi pi\u00f9 produttivi e tecnologie pi\u00f9 performanti: applicazioni di realt\u00e0 virtuale ed intelligenza artificiale ai processi di progettazione BIM\u201d<\/h4>\n<p>&nbsp;<\/p>\n<h4><strong>\u201cLa digitalizzazione come strumento di competitivit\u00e0 economica: esempi di tecnologie che portano l\u2019impresa di costruzione nel mondo dell\u2019Industria 4.0\u201d<\/strong><\/h4>\n<p>&nbsp;<\/p>\n<p>&nbsp;<\/p>\n<h5><a class=\"btn btn-lg btn-primary my-2\" href=\"https:\/\/www.digitalbimitalia.it\/it\/speakers-conferenza\/\">Torna agli speakers<\/a><\/h5>\n[\/vc_column_text][\/vc_column_inner][vc_column_inner el_class=&#8221;p-1 p-sm-3 p-lg-4&#8243; width=&#8221;1\/3&#8243;][vc_column_text][\/vc_column_text][vc_single_image image=&#8221;2196&#8243; img_size=&#8221;large&#8221; style=&#8221;vc_box_shadow_border_circle_2&#8243;][\/vc_column_inner][\/vc_row_inner][\/vc_column][\/vc_row]\n","protected":false},"excerpt":{"rendered":"<p>[vc_row equal_height=&#8221;yes&#8221; el_class=&#8221;my-1&#8243;][vc_column][vc_row_inner equal_height=&#8221;yes&#8221; content_placement=&#8221;top&#8221;][vc_column_inner el_class=&#8221;py-lg-2 px-lg-5&#8243; width=&#8221;2\/3&#8243;][vc_column_text] Antonio Cianciulli Direttore Marketing ACCA Software S.p.A. &nbsp; Dopo la laurea in Ingegneria Civile conseguita alla Federico II di Napoli entra, giovanissimo, in ACCA Software dove attualmente ricopre i ruoli di Direttore Marketing e Coordinatore dei processi di internazionalizzazione dell\u2019azienda. Si occupa anche di innovazione e ricerca [&hellip;]<\/p>\n","protected":false},"author":16,"featured_media":180,"parent":0,"menu_order":0,"comment_status":"closed","ping_status":"closed","template":"","meta":[],"acf":[],"aioseo_notices":[],"_links":{"self":[{"href":"https:\/\/www.digitalbimitalia.it\/it\/wp-json\/wp\/v2\/pages\/2189"}],"collection":[{"href":"https:\/\/www.digitalbimitalia.it\/it\/wp-json\/wp\/v2\/pages"}],"about":[{"href":"https:\/\/www.digitalbimitalia.it\/it\/wp-json\/wp\/v2\/types\/page"}],"author":[{"embeddable":true,"href":"https:\/\/www.digitalbimitalia.it\/it\/wp-json\/wp\/v2\/users\/16"}],"replies":[{"embeddable":true,"href":"https:\/\/www.digitalbimitalia.it\/it\/wp-json\/wp\/v2\/comments?post=2189"}],"version-history":[{"count":4,"href":"https:\/\/www.digitalbimitalia.it\/it\/wp-json\/wp\/v2\/pages\/2189\/revisions"}],"predecessor-version":[{"id":2200,"href":"https:\/\/www.digitalbimitalia.it\/it\/wp-json\/wp\/v2\/pages\/2189\/revisions\/2200"}],"wp:featuredmedia":[{"embeddable":true,"href":"https:\/\/www.digitalbimitalia.it\/it\/wp-json\/wp\/v2\/media\/180"}],"wp:attachment":[{"href":"https:\/\/www.digitalbimitalia.it\/it\/wp-json\/wp\/v2\/media?parent=2189"}],"curies":[{"name":"wp","href":"https:\/\/api.w.org\/{rel}","templated":true}]}}