{"id":2072,"date":"2018-09-19T08:21:51","date_gmt":"2018-09-19T08:21:51","guid":{"rendered":"https:\/\/www.digitalbimitalia.it\/?page_id=2072"},"modified":"2018-09-19T08:21:51","modified_gmt":"2018-09-19T08:21:51","slug":"andrea-agostini","status":"publish","type":"page","link":"https:\/\/www.digitalbimitalia.it\/it\/andrea-agostini\/","title":{"rendered":"Andrea Agostini"},"content":{"rendered":"[vc_row equal_height=&#8221;yes&#8221; el_class=&#8221;my-1&#8243;][vc_column][vc_row_inner equal_height=&#8221;yes&#8221; content_placement=&#8221;top&#8221;][vc_column_inner el_class=&#8221;py-lg-2 px-lg-5&#8243; width=&#8221;2\/3&#8243;][vc_column_text]\n<h1><strong>Andrea Agostini<\/strong><\/h1>\n<h4><\/h4>\n<h4><em>BIM Implementation Consultant<\/em><\/h4>\n<p>&nbsp;<\/p>\n<p><span style=\"font-weight: 400\">Andrea Agostini ha lavorato per anni come BIM Manager per alcune delle pi\u00f9 grandi realt\u00e0 del settore edilizio italiano, prima Manes-Tifs spa, poi Cimolai spa dove ha creato e gestito il dipartimento BIM. Collaborando con Operamed srl, ha sviluppato metodologie BIM non solo legate alla progettazione ma finalizzate alla produzione.<\/span><\/p>\n<p><span style=\"font-weight: 400\">Si occupa di formazione tenendo lezioni in numerose organizzazioni ed \u00e8 membro del BIM User Group Italy (BUG). <\/span><\/p>\n<p><span style=\"font-weight: 400\">Attualmente, come freelance, si occupa di consulenza orienta al change management, formazione e sviluppo di soluzioni BIM-Based che utilizzano tecnologie innovative.<\/span><\/p>\n<p>&nbsp;<\/p>\n<hr \/>\n<p>&nbsp;<\/p>\n<p>Titolo intervento:<\/p>\n<h4><em><strong>&#8220;La gestione delle geometrie complesse &#8211; Il Computational Design e interoperabilit\u00e0 tra Rhinoceros e Autodesk Revit&#8221;<\/strong><\/em><\/h4>\n<p>&nbsp;<\/p>\n<p>L\u2019utilizzo delle tecnologie digitali sta cambiando il paradigma nel settore AEC e la modellazione 3D \u00e8 sempre pi\u00f9 utilizzata come strumento per pensare, rappresentare e costruire. Questo nuovo approccio non deve per\u00f2 far decadere la creativit\u00e0 durante le fasi di progettazione e vincolarci a pensare secondo le rigide dinamiche dei software.<\/p>\n<p>L&#8217;utilizzo del Computational Design, ponendosi a met\u00e0 strada tra la rigidit\u00e0 dei software BIM authoring e la flessibilit\u00e0 della programmazione ci consente piena libert\u00e0 nella creazione e parametrizzazione delle geometrie, facilita la codifica e la gestione delle complessit\u00e0 progettuali.<\/p>\n<p>&nbsp;<\/p>\n<p>Durante il laboratorio organizzato dal Digital&amp;BIM, andremo a strutturare un worflow che consenta l\u2019interoperabilit\u00e0 in realtime tra Rhinoceros e Autodesk Revit utilizzando Grasshopper e Dynamo. La connessione Rhinoceros-Revit crea un collegamento diretto tra creativit\u00e0 e BIM: potendo creare forme complesse con Rhinoceros per poi gestirle all\u2019interno di Revit ci consente di progettare in piena libert\u00e0, aumentando la precisione e velocizzando il processo.<\/p>\n<h5><a class=\"btn btn-lg btn-primary my-2\" href=\"https:\/\/www.digitalbimitalia.it\/it\/speakers-laboratori-bim\/\">Torna agli speakers<\/a><\/h5>\n[\/vc_column_text][\/vc_column_inner][vc_column_inner el_class=&#8221;p-1 p-sm-3 p-lg-4&#8243; width=&#8221;1\/3&#8243;][vc_column_text][\/vc_column_text][vc_single_image image=&#8221;2057&#8243; img_size=&#8221;large&#8221; style=&#8221;vc_box_shadow_border_circle_2&#8243;][\/vc_column_inner][\/vc_row_inner][\/vc_column][\/vc_row]\n","protected":false},"excerpt":{"rendered":"<p>[vc_row equal_height=&#8221;yes&#8221; el_class=&#8221;my-1&#8243;][vc_column][vc_row_inner equal_height=&#8221;yes&#8221; content_placement=&#8221;top&#8221;][vc_column_inner el_class=&#8221;py-lg-2 px-lg-5&#8243; width=&#8221;2\/3&#8243;][vc_column_text] Andrea Agostini BIM Implementation Consultant &nbsp; Andrea Agostini ha lavorato per anni come BIM Manager per alcune delle pi\u00f9 grandi realt\u00e0 del settore edilizio italiano, prima Manes-Tifs spa, poi Cimolai spa dove ha creato e gestito il dipartimento BIM. Collaborando con Operamed srl, ha sviluppato metodologie BIM [&hellip;]<\/p>\n","protected":false},"author":16,"featured_media":180,"parent":0,"menu_order":0,"comment_status":"closed","ping_status":"closed","template":"","meta":[],"acf":[],"aioseo_notices":[],"_links":{"self":[{"href":"https:\/\/www.digitalbimitalia.it\/it\/wp-json\/wp\/v2\/pages\/2072"}],"collection":[{"href":"https:\/\/www.digitalbimitalia.it\/it\/wp-json\/wp\/v2\/pages"}],"about":[{"href":"https:\/\/www.digitalbimitalia.it\/it\/wp-json\/wp\/v2\/types\/page"}],"author":[{"embeddable":true,"href":"https:\/\/www.digitalbimitalia.it\/it\/wp-json\/wp\/v2\/users\/16"}],"replies":[{"embeddable":true,"href":"https:\/\/www.digitalbimitalia.it\/it\/wp-json\/wp\/v2\/comments?post=2072"}],"version-history":[{"count":1,"href":"https:\/\/www.digitalbimitalia.it\/it\/wp-json\/wp\/v2\/pages\/2072\/revisions"}],"predecessor-version":[{"id":2154,"href":"https:\/\/www.digitalbimitalia.it\/it\/wp-json\/wp\/v2\/pages\/2072\/revisions\/2154"}],"wp:featuredmedia":[{"embeddable":true,"href":"https:\/\/www.digitalbimitalia.it\/it\/wp-json\/wp\/v2\/media\/180"}],"wp:attachment":[{"href":"https:\/\/www.digitalbimitalia.it\/it\/wp-json\/wp\/v2\/media?parent=2072"}],"curies":[{"name":"wp","href":"https:\/\/api.w.org\/{rel}","templated":true}]}}