{"id":19,"date":"2018-06-25T08:55:42","date_gmt":"2018-06-25T08:55:42","guid":{"rendered":"https:\/\/www.digitalbimitalia.it\/?page_id=19"},"modified":"2018-10-24T13:54:50","modified_gmt":"2018-10-24T13:54:50","slug":"digital-experience","status":"publish","type":"page","link":"https:\/\/www.digitalbimitalia.it\/it\/digital-experience\/","title":{"rendered":"Digital Experience"},"content":{"rendered":"[vc_row equal_height=&#8221;yes&#8221; el_class=&#8221;my-1&#8243;][vc_column][vc_row_inner equal_height=&#8221;yes&#8221; content_placement=&#8221;top&#8221;][vc_column_inner el_class=&#8221;py-lg-2 px-lg-5&#8243; width=&#8221;2\/3&#8243;][vc_column_text]\n<h3>Digital Experience<\/h3>\n<p class=\"subtitle\"><strong><span style=\"font-size: 22px;line-height: 22px\">Lo spazio per capire a cosa serve e come funziona il digitale<\/span><\/strong><\/p>\n[\/vc_column_text][vc_column_text]L&#8217;area della <strong>&#8220;Digital Experience&#8221;<\/strong> \u00e8 ubicata all&#8217;interno del <strong>pad.31<\/strong> che lo scorso anno \u00e8 stato rilevato digitalmente e di cui \u00e8 stato prodotto un modello Bim, e come tale si pu\u00f2 prestare ad attivit\u00e0 dimostrative e di sperimentazione.<\/p>\n<p>Il pad.31 diventa lo spazio in cui le aziende potranno far sperimentare a cosa serve e come funziona il digitale per progettare gli interventi di riqualificazione, per manutenere, intervenire, progettare, analizzare l&#8217;esistente.[\/vc_column_text][vc_column_text]I temi, che SAIE rapprenter\u00e0 e offrir\u00e0 ai visitatori per una &#8220;experience&#8221;, sono:<\/p>\n<ul>\n<li><strong>Progettazione<\/strong> (di riqualificazione edilizia, impiantistica, strutturale)<\/li>\n<li><strong>Fasi costruttive<\/strong> (scavo, palificazione, getto, costruzione)<\/li>\n<li><strong>Controlli in corso d\u2019opera<\/strong><\/li>\n<li><strong>Manutenzione<\/strong><\/li>\n<li><strong>Controlli di sicurezza, sia sismica che strutturale<\/strong><\/li>\n<\/ul>\n<p>Sono gi\u00e0 previste:<\/p>\n<p>A) <strong>Il Cantiere Digitale<\/strong>, by STR Team System<\/p>\n<p>B) <strong>BIM e Building Performance Simulation<\/strong>, by CSPFEA<\/p>\n<p>C)\u00a0<strong>ADVANCING BUILDING CONSTRUCTION SYSTEMS<\/strong>, by INDEXLAB.\u00a0\u00a0<a href=\"https:\/\/www.digitalbimitalia.it\/it\/advancing-building-construction-systems\/\">Scopri di pi\u00f9&#8230;<\/a><\/p>\n<p>D)\u00a0<b>BIM Experience<\/b>, by SAIE, BIMObject, BIM Foundation e IIPLE .\u00a0<a href=\"https:\/\/www.digitalbimitalia.it\/it\/bim-experience-le-interazioni-tra-digitale-a-reale\/\">Scopri di pi\u00f9&#8230;<\/a><\/p>\n<p style=\"text-align: left\"><a class=\"btn btn-lg btn-primary my-1 mx-1\" href=\"\/it\/contatti\/\">Richiedi informazioni<\/a><\/p>\n[\/vc_column_text][\/vc_column_inner][vc_column_inner el_class=&#8221;p-1 p-sm-3 p-lg-4 bg-darker&#8221; width=&#8221;1\/3&#8243;][vc_wp_custommenu nav_menu=&#8221;10&#8243;][\/vc_column_inner][\/vc_row_inner][vc_row_inner][vc_column_inner][vc_empty_space][\/vc_column_inner][\/vc_row_inner][vc_separator][vc_column_text]\n<p style=\"text-align: center\"><strong><span style=\"font-size: 32px;line-height: 22px\">Sponsor<\/span><\/strong><\/p>\n[\/vc_column_text][vc_row_inner][vc_column_inner width=&#8221;1\/3&#8243;][vc_single_image image=&#8221;221&#8243; img_size=&#8221;&#8221; alignment=&#8221;center&#8221;][\/vc_column_inner][vc_column_inner width=&#8221;1\/3&#8243;][vc_single_image image=&#8221;198&#8243; img_size=&#8221;&#8221; alignment=&#8221;center&#8221;][\/vc_column_inner][vc_column_inner width=&#8221;1\/3&#8243;][vc_single_image image=&#8221;196&#8243; img_size=&#8221;&#8221; alignment=&#8221;center&#8221;][\/vc_column_inner][\/vc_row_inner][vc_separator][vc_empty_space][vc_masonry_media_grid style=&#8221;lazy&#8221; gap=&#8221;35&#8243; item=&#8221;mediaGrid_FadeInWithIcon&#8221; grid_id=&#8221;vc_gid:1540389276727-531b7324-b6fe-6&#8243; include=&#8221;390,392,387&#8243;][\/vc_column][\/vc_row]\n","protected":false},"excerpt":{"rendered":"<p>[vc_row equal_height=&#8221;yes&#8221; el_class=&#8221;my-1&#8243;][vc_column][vc_row_inner equal_height=&#8221;yes&#8221; content_placement=&#8221;top&#8221;][vc_column_inner el_class=&#8221;py-lg-2 px-lg-5&#8243; width=&#8221;2\/3&#8243;][vc_column_text] Digital Experience Lo spazio per capire a cosa serve e come funziona il digitale [\/vc_column_text][vc_column_text]L&#8217;area della &#8220;Digital Experience&#8221; \u00e8 ubicata all&#8217;interno del pad.31 che lo scorso anno \u00e8 stato rilevato digitalmente e di cui \u00e8 stato prodotto un modello Bim, e come tale si pu\u00f2 prestare ad [&hellip;]<\/p>\n","protected":false},"author":1,"featured_media":180,"parent":0,"menu_order":0,"comment_status":"closed","ping_status":"closed","template":"","meta":[],"acf":[],"aioseo_notices":[],"_links":{"self":[{"href":"https:\/\/www.digitalbimitalia.it\/it\/wp-json\/wp\/v2\/pages\/19"}],"collection":[{"href":"https:\/\/www.digitalbimitalia.it\/it\/wp-json\/wp\/v2\/pages"}],"about":[{"href":"https:\/\/www.digitalbimitalia.it\/it\/wp-json\/wp\/v2\/types\/page"}],"author":[{"embeddable":true,"href":"https:\/\/www.digitalbimitalia.it\/it\/wp-json\/wp\/v2\/users\/1"}],"replies":[{"embeddable":true,"href":"https:\/\/www.digitalbimitalia.it\/it\/wp-json\/wp\/v2\/comments?post=19"}],"version-history":[{"count":33,"href":"https:\/\/www.digitalbimitalia.it\/it\/wp-json\/wp\/v2\/pages\/19\/revisions"}],"predecessor-version":[{"id":2812,"href":"https:\/\/www.digitalbimitalia.it\/it\/wp-json\/wp\/v2\/pages\/19\/revisions\/2812"}],"wp:featuredmedia":[{"embeddable":true,"href":"https:\/\/www.digitalbimitalia.it\/it\/wp-json\/wp\/v2\/media\/180"}],"wp:attachment":[{"href":"https:\/\/www.digitalbimitalia.it\/it\/wp-json\/wp\/v2\/media?parent=19"}],"curies":[{"name":"wp","href":"https:\/\/api.w.org\/{rel}","templated":true}]}}