{"id":1700,"date":"2018-09-10T13:21:00","date_gmt":"2018-09-10T13:21:00","guid":{"rendered":"https:\/\/www.digitalbimitalia.it\/?page_id=1700"},"modified":"2018-09-10T13:21:00","modified_gmt":"2018-09-10T13:21:00","slug":"adriano-castagnone","status":"publish","type":"page","link":"https:\/\/www.digitalbimitalia.it\/it\/adriano-castagnone\/","title":{"rendered":"Adriano Castagnone"},"content":{"rendered":"[vc_row equal_height=&#8221;yes&#8221; el_class=&#8221;my-1&#8243;][vc_column][vc_row_inner equal_height=&#8221;yes&#8221; content_placement=&#8221;top&#8221;][vc_column_inner el_class=&#8221;py-lg-2 px-lg-5&#8243; width=&#8221;2\/3&#8243;][vc_column_text]\n<h1>Adriano Castagnone<\/h1>\n<h4><\/h4>\n<h4><em>Amministratore e Responsabile Scientifico, STA DATA<\/em><\/h4>\n<p>&nbsp;<\/p>\n<p>Adriano Castagnone \u00e8 amministratore e responsabile scientifico di STA DATA e si occupa di ingegneria civile dal 1978. In particolare si interessa di calcolo strutturale automatico sviluppando le problematiche relative all\u2019implementazione delle Norme Tecniche per le Costruzioni e ai processi BIM.<\/p>\n<p>\u00c8 stato presidente di AIST, Associazione Italiana Software Tecnico dal 2007 al 2017 e attualmente \u00e8 presidente di ASSOBIM, la prima associazione italiana dedicata a tutti gli operatori BIM. \u00c8 autore di numerose pubblicazioni sul calcolo strutturale.<\/p>\n<p>&nbsp;<\/p>\n<hr \/>\n<p>&nbsp;<\/p>\n<p>Titolo intervento:<\/p>\n<h4><em>&#8220;Il BIM per il calcolo strutturale: problemi e soluzioni&#8221;<\/em><\/h4>\n<p>&nbsp;<\/p>\n<p>La progressiva adozione del BIM in tutti le sue componenti (progettazione, costruzione, manutenzione) richiede l\u2019integrazione tra i diversi operatori. In particolare per i progettisti \u00e8 indispensabile lo sviluppo dell\u2019interoperabilit\u00e0 delle informazioni e di tutti gli elementi necessari per sfruttare al meglio il BIM. Il calcolo strutturale \u00e8 una di queste componenti ed \u00e8 fondamentale conoscere le problematiche relative e le soluzioni presenti sul mercato. L\u2019intervento evidenzier\u00e0 quindi gli aspetti teorici del BIM per il calcolo strutturale ed esempi concreti di applicazioni e di progetti realizzati.<\/p>\n<h5><a class=\"btn btn-lg btn-primary my-2\" href=\"https:\/\/www.digitalbimitalia.it\/it\/speakers-conferenza\/\">Torna agli speakers<\/a><\/h5>\n[\/vc_column_text][\/vc_column_inner][vc_column_inner el_class=&#8221;p-1 p-sm-3 p-lg-4&#8243; width=&#8221;1\/3&#8243;][vc_column_text][\/vc_column_text][vc_single_image image=&#8221;1699&#8243; img_size=&#8221;large&#8221; style=&#8221;vc_box_shadow_border_circle_2&#8243;][\/vc_column_inner][\/vc_row_inner][\/vc_column][\/vc_row]\n","protected":false},"excerpt":{"rendered":"<p>[vc_row equal_height=&#8221;yes&#8221; el_class=&#8221;my-1&#8243;][vc_column][vc_row_inner equal_height=&#8221;yes&#8221; content_placement=&#8221;top&#8221;][vc_column_inner el_class=&#8221;py-lg-2 px-lg-5&#8243; width=&#8221;2\/3&#8243;][vc_column_text] Adriano Castagnone Amministratore e Responsabile Scientifico, STA DATA &nbsp; Adriano Castagnone \u00e8 amministratore e responsabile scientifico di STA DATA e si occupa di ingegneria civile dal 1978. In particolare si interessa di calcolo strutturale automatico sviluppando le problematiche relative all\u2019implementazione delle Norme Tecniche per le Costruzioni e [&hellip;]<\/p>\n","protected":false},"author":16,"featured_media":180,"parent":0,"menu_order":0,"comment_status":"closed","ping_status":"closed","template":"","meta":[],"acf":[],"aioseo_notices":[],"_links":{"self":[{"href":"https:\/\/www.digitalbimitalia.it\/it\/wp-json\/wp\/v2\/pages\/1700"}],"collection":[{"href":"https:\/\/www.digitalbimitalia.it\/it\/wp-json\/wp\/v2\/pages"}],"about":[{"href":"https:\/\/www.digitalbimitalia.it\/it\/wp-json\/wp\/v2\/types\/page"}],"author":[{"embeddable":true,"href":"https:\/\/www.digitalbimitalia.it\/it\/wp-json\/wp\/v2\/users\/16"}],"replies":[{"embeddable":true,"href":"https:\/\/www.digitalbimitalia.it\/it\/wp-json\/wp\/v2\/comments?post=1700"}],"version-history":[{"count":3,"href":"https:\/\/www.digitalbimitalia.it\/it\/wp-json\/wp\/v2\/pages\/1700\/revisions"}],"predecessor-version":[{"id":2578,"href":"https:\/\/www.digitalbimitalia.it\/it\/wp-json\/wp\/v2\/pages\/1700\/revisions\/2578"}],"wp:featuredmedia":[{"embeddable":true,"href":"https:\/\/www.digitalbimitalia.it\/it\/wp-json\/wp\/v2\/media\/180"}],"wp:attachment":[{"href":"https:\/\/www.digitalbimitalia.it\/it\/wp-json\/wp\/v2\/media?parent=1700"}],"curies":[{"name":"wp","href":"https:\/\/api.w.org\/{rel}","templated":true}]}}