{"id":1404,"date":"2018-08-31T10:36:42","date_gmt":"2018-08-31T10:36:42","guid":{"rendered":"https:\/\/www.digitalbimitalia.it\/?page_id=1404"},"modified":"2018-09-20T14:58:13","modified_gmt":"2018-09-20T14:58:13","slug":"giancarlo-boffetta","status":"publish","type":"page","link":"https:\/\/www.digitalbimitalia.it\/it\/giancarlo-boffetta\/","title":{"rendered":"Giancarlo Boffetta"},"content":{"rendered":"[vc_row equal_height=&#8221;yes&#8221; el_class=&#8221;my-1&#8243;][vc_column][vc_row_inner equal_height=&#8221;yes&#8221; content_placement=&#8221;top&#8221;][vc_column_inner el_class=&#8221;py-lg-2 px-lg-5&#8243; width=&#8221;2\/3&#8243;][vc_column_text]\n<h1>Giancarlo Boffetta<\/h1>\n<h4><\/h4>\n<h4><em>Responsabile Sviluppo, EuroMilano<\/em><\/h4>\n<p>&nbsp;<\/p>\n<p>Direttore Sviluppo di EuroMilano S.p.A, si occupa dell\u2019ideazione e gestione di operazioni immobiliari di diversa tipologia connesse alla riqualificazione di aree ed immobili dismessi o sottoutilizzati.<\/p>\n<p>Esperto di sviluppo urbanistico e immobiliare coordina progetti di rigenerazione e valorizzazione a scala urbana dove si ricercano soluzioni tecnologiche e di gestione innovative, per la sostenibilit\u00e0 energetica, la mobilit\u00e0, la connessione tra le persone e finalizzate a migliorare il livello di sicurezza e benessere degli abitanti.<\/p>\n<p>Laureato in Architettura, Master in Pianificazione Territoriale e Mercato Immobiliare, nel Real Estate dal 1993, ha lavorato a Torino come Responsabile Immobiliare di Fiat Partecipazioni SpA e a Milano per developer e investitori su importanti progetti di riconversione urbana.<\/p>\n<p>&nbsp;<\/p>\n<hr \/>\n<p>&nbsp;<\/p>\n<p>Titolo intervento:<\/p>\n<h4><em><strong>&#8220;BIM, Smart District e Sviluppo immobiliare&#8221;<\/strong><\/em><\/h4>\n<p>&nbsp;<\/p>\n<p>Il Promotore in quanto orientato a seguire l\u2019intero ciclo del processo di sviluppo immobiliare dalla progettazione alla realizzazione, vendita e gestione, \u00e8 il soggetto che pi\u00f9 di altri ha, non solo la possibilit\u00e0, ma l\u2019interesse a garantire che il modello informativo, esito del processo di gestione digitalizzata del progetto in cui sono raccolte tutte le informazioni interdisciplinari prodotte fino alla fase realizzativa, sia aggiornato con continuit\u00e0, salvaguardato, utilizzato nella fase gestionale e manutentiva ed anche per attivit\u00e0 non strettamente attinenti al prodotto immobiliare.<\/p>\n<p>Nel caso di applicazione in interventi a scala urbana in particolare, riuscire a conservare ed alimentare l\u2019approccio collaborativo basato sulla raccolta dei flussi di lavoro (dati) \u201copen\u201d e connetterli con i flussi degli abitanti ed i dati dei loro comportamenti apre a nuovi scenari e prospettive per l\u2019erogazione di servizi sempre pi\u00f9 personalizzati in grado di migliorare la qualit\u00e0 della vita delle persone.<\/p>\n<p>L\u2019incontro mira a comunicare l\u2019esperienza in corso su un caso concreto, rappresentato da UpTown, uno smart district in fase di realizzazione a nord ovest di Milano direttamente collegato con MIND, di utilizzo della metodologia BIM da parte del Promotore Immobiliare (EuroMilano SpA), per la progettazione realizzazione e vendita di alcuni edifici residenziali ed al contempo illustrare alcune iniziative in programma dirette a connettere i dati geo spaziali del modello ai dati di consumo, di flusso, di vissuto degli abitanti.<\/p>\n<p>&nbsp;<\/p>\n<h5><a class=\"btn btn-lg btn-primary my-2\" href=\"https:\/\/www.digitalbimitalia.it\/it\/speakers-conferenza\/\">Torna agli speakers<\/a><\/h5>\n[\/vc_column_text][\/vc_column_inner][vc_column_inner el_class=&#8221;p-1 p-sm-3 p-lg-4&#8243; width=&#8221;1\/3&#8243;][vc_column_text][\/vc_column_text][vc_single_image image=&#8221;1407&#8243; img_size=&#8221;large&#8221; style=&#8221;vc_box_shadow_border_circle_2&#8243;][\/vc_column_inner][\/vc_row_inner][\/vc_column][\/vc_row]\n","protected":false},"excerpt":{"rendered":"<p>[vc_row equal_height=&#8221;yes&#8221; el_class=&#8221;my-1&#8243;][vc_column][vc_row_inner equal_height=&#8221;yes&#8221; content_placement=&#8221;top&#8221;][vc_column_inner el_class=&#8221;py-lg-2 px-lg-5&#8243; width=&#8221;2\/3&#8243;][vc_column_text] Giancarlo Boffetta Responsabile Sviluppo, EuroMilano &nbsp; Direttore Sviluppo di EuroMilano S.p.A, si occupa dell\u2019ideazione e gestione di operazioni immobiliari di diversa tipologia connesse alla riqualificazione di aree ed immobili dismessi o sottoutilizzati. Esperto di sviluppo urbanistico e immobiliare coordina progetti di rigenerazione e valorizzazione a scala urbana [&hellip;]<\/p>\n","protected":false},"author":16,"featured_media":180,"parent":0,"menu_order":0,"comment_status":"closed","ping_status":"closed","template":"","meta":[],"acf":[],"aioseo_notices":[],"_links":{"self":[{"href":"https:\/\/www.digitalbimitalia.it\/it\/wp-json\/wp\/v2\/pages\/1404"}],"collection":[{"href":"https:\/\/www.digitalbimitalia.it\/it\/wp-json\/wp\/v2\/pages"}],"about":[{"href":"https:\/\/www.digitalbimitalia.it\/it\/wp-json\/wp\/v2\/types\/page"}],"author":[{"embeddable":true,"href":"https:\/\/www.digitalbimitalia.it\/it\/wp-json\/wp\/v2\/users\/16"}],"replies":[{"embeddable":true,"href":"https:\/\/www.digitalbimitalia.it\/it\/wp-json\/wp\/v2\/comments?post=1404"}],"version-history":[{"count":6,"href":"https:\/\/www.digitalbimitalia.it\/it\/wp-json\/wp\/v2\/pages\/1404\/revisions"}],"predecessor-version":[{"id":2202,"href":"https:\/\/www.digitalbimitalia.it\/it\/wp-json\/wp\/v2\/pages\/1404\/revisions\/2202"}],"wp:featuredmedia":[{"embeddable":true,"href":"https:\/\/www.digitalbimitalia.it\/it\/wp-json\/wp\/v2\/media\/180"}],"wp:attachment":[{"href":"https:\/\/www.digitalbimitalia.it\/it\/wp-json\/wp\/v2\/media?parent=1404"}],"curies":[{"name":"wp","href":"https:\/\/api.w.org\/{rel}","templated":true}]}}