{"id":1378,"date":"2018-08-31T10:10:17","date_gmt":"2018-08-31T10:10:17","guid":{"rendered":"https:\/\/www.digitalbimitalia.it\/?page_id=1378"},"modified":"2018-08-31T10:10:17","modified_gmt":"2018-08-31T10:10:17","slug":"daniela-aprea","status":"publish","type":"page","link":"https:\/\/www.digitalbimitalia.it\/it\/daniela-aprea\/","title":{"rendered":"Daniela Aprea"},"content":{"rendered":"[vc_row equal_height=&#8221;yes&#8221; el_class=&#8221;my-1&#8243;][vc_column][vc_row_inner equal_height=&#8221;yes&#8221; content_placement=&#8221;top&#8221;][vc_column_inner el_class=&#8221;py-lg-2 px-lg-5&#8243; width=&#8221;2\/3&#8243;][vc_column_text]\n<h1><strong>Daniela Aprea<\/strong><\/h1>\n<h4><\/h4>\n<h4><em>BIM Manager, Italferr<\/em><\/h4>\n<p>&nbsp;<\/p>\n<p>Nel 2002 si Laurea in Ingegneria delle Telecomunicazioni presso l\u2019Universit\u00e0 Federico II di Napoli e fino al 2005 collabora con Eisys S.p.A., societ\u00e0 del gruppo MBDA, per la progettazione e realizzazione di tools software in ambiente C++.<\/p>\n<p>In questo periodo \u00e8 anche collaboratore tecnico presso A.P.A.T., per l\u2019analisi di progetti sottoposti alla valutazione d\u2019impatto ambientale e la gestione dei laboratori mobili per il monitoraggio ambientale di agenti fisici, e svolge attivit\u00e0 di supporto per l\u2019inquinamento elettromagnetico presso il Ministero dell\u2019Ambiente e della Tutela del Territorio.<\/p>\n<p>Nel 2006 inizia la sua attivit\u00e0 in Italferr S.p.A. del gruppo Ferrovie dello Stato Italiane dove nei primi anni svolge il ruolo di progettista ambientale acustico di nodi e tratte ferroviarie e progettista delle telecomunicazioni di sistemi tecnologici ferroviari GSMR\/STSI\/Sistemi SDH\/IaP.<br \/>\nNel 2012 assume il ruolo di Project Engineer per le tratte AV\/AC Itinerario Napoli Bari, e dal 2016 svolge la funzione di BIM Manager per i progetti sperimentali BIM che vengono avviati in Italferr.<br \/>\nDal 2016 ad oggi Responsabile del gruppo BIM Management per standardizzazione processo aziendale, per sviluppo progetti, gestione risorse BIM<\/p>\n<p>&nbsp;<\/p>\n<hr \/>\n<p>&nbsp;<\/p>\n<p>Titolo intervento:<\/p>\n<h4><em><strong>\u201cIl BIM: un percorso di apprendimento\u201d <\/strong><\/em><em><strong><br \/>\n<\/strong><\/em><\/h4>\n<p>&nbsp;<\/p>\n<p>Italferr, a partire dal 2013, ha dato il via all\u2019adozione della metodologia BIM, sollecitata dalla spinta del mercato estero nonch\u00e9 dalla continua voglia di innovarsi e migliorarsi.<\/p>\n<p>Il primo obiettivo \u00e8 stato traguardare l\u2019innovazione preservando e sfruttando il \u201cknow how\u201d aziendale in termini di modus operandi e di strumenti in uso. Si \u00e8 dunque intrapreso un percorso di orientamento al cambiamento salvaguardando le competenze gi\u00e0 in house.<\/p>\n<p>Con l\u2019esperienza maturata, ci si \u00e8 resi conto che le potenzialit\u00e0 della metodologia BIM vanno ben oltre gli ambiti strettamente progettuali e che impatti positivi si riscontrano in particolar modo se applicata all\u2019intero processo core business della societ\u00e0. \u00c8 stato dunque subito chiaro che il cambiamento non poteva prescindere da un vero e proprio processo di standardizzazione che ha riguardato metodi, strumenti, linguaggi, strutture societarie, procedure e organizzazione.<\/p>\n<p><strong><a href=\"https:\/\/www.digitalbimitalia.it\/it\/bim-percorso-di-apprendimento\/\">Continua a leggere&#8230;<\/a><\/strong><\/p>\n<h5><a class=\"btn btn-lg btn-primary my-2\" href=\"https:\/\/www.digitalbimitalia.it\/it\/speakers-conferenza\/\">Torna agli speakers<\/a><\/h5>\n[\/vc_column_text][\/vc_column_inner][vc_column_inner el_class=&#8221;p-1 p-sm-3 p-lg-4&#8243; width=&#8221;1\/3&#8243;][vc_column_text][\/vc_column_text][vc_single_image image=&#8221;1268&#8243; img_size=&#8221;large&#8221; style=&#8221;vc_box_shadow_border_circle_2&#8243;][\/vc_column_inner][\/vc_row_inner][\/vc_column][\/vc_row]\n","protected":false},"excerpt":{"rendered":"<p>[vc_row equal_height=&#8221;yes&#8221; el_class=&#8221;my-1&#8243;][vc_column][vc_row_inner equal_height=&#8221;yes&#8221; content_placement=&#8221;top&#8221;][vc_column_inner el_class=&#8221;py-lg-2 px-lg-5&#8243; width=&#8221;2\/3&#8243;][vc_column_text] Daniela Aprea BIM Manager, Italferr &nbsp; Nel 2002 si Laurea in Ingegneria delle Telecomunicazioni presso l\u2019Universit\u00e0 Federico II di Napoli e fino al 2005 collabora con Eisys S.p.A., societ\u00e0 del gruppo MBDA, per la progettazione e realizzazione di tools software in ambiente C++. In questo periodo \u00e8 [&hellip;]<\/p>\n","protected":false},"author":16,"featured_media":180,"parent":0,"menu_order":0,"comment_status":"closed","ping_status":"closed","template":"","meta":[],"acf":[],"aioseo_notices":[],"_links":{"self":[{"href":"https:\/\/www.digitalbimitalia.it\/it\/wp-json\/wp\/v2\/pages\/1378"}],"collection":[{"href":"https:\/\/www.digitalbimitalia.it\/it\/wp-json\/wp\/v2\/pages"}],"about":[{"href":"https:\/\/www.digitalbimitalia.it\/it\/wp-json\/wp\/v2\/types\/page"}],"author":[{"embeddable":true,"href":"https:\/\/www.digitalbimitalia.it\/it\/wp-json\/wp\/v2\/users\/16"}],"replies":[{"embeddable":true,"href":"https:\/\/www.digitalbimitalia.it\/it\/wp-json\/wp\/v2\/comments?post=1378"}],"version-history":[{"count":4,"href":"https:\/\/www.digitalbimitalia.it\/it\/wp-json\/wp\/v2\/pages\/1378\/revisions"}],"predecessor-version":[{"id":1391,"href":"https:\/\/www.digitalbimitalia.it\/it\/wp-json\/wp\/v2\/pages\/1378\/revisions\/1391"}],"wp:featuredmedia":[{"embeddable":true,"href":"https:\/\/www.digitalbimitalia.it\/it\/wp-json\/wp\/v2\/media\/180"}],"wp:attachment":[{"href":"https:\/\/www.digitalbimitalia.it\/it\/wp-json\/wp\/v2\/media?parent=1378"}],"curies":[{"name":"wp","href":"https:\/\/api.w.org\/{rel}","templated":true}]}}