{"id":1332,"date":"2018-08-31T09:17:29","date_gmt":"2018-08-31T09:17:29","guid":{"rendered":"https:\/\/www.digitalbimitalia.it\/?page_id=1332"},"modified":"2018-08-31T09:17:29","modified_gmt":"2018-08-31T09:17:29","slug":"cesar-escalante","status":"publish","type":"page","link":"https:\/\/www.digitalbimitalia.it\/it\/cesar-escalante\/","title":{"rendered":"Cesar Escalante"},"content":{"rendered":"[vc_row equal_height=&#8221;yes&#8221; el_class=&#8221;my-1&#8243;][vc_column][vc_row_inner equal_height=&#8221;yes&#8221; content_placement=&#8221;top&#8221;][vc_column_inner el_class=&#8221;py-lg-2 px-lg-5&#8243; width=&#8221;2\/3&#8243;][vc_column_text]\n<h1><strong>Cesar Escalante<\/strong><\/h1>\n<h4><\/h4>\n<h4><em>Digital Design Technology Manager, HOK San Francisco e Seattle<\/em><\/h4>\n<p>&nbsp;<\/p>\n<p>Cesar Escalante ricopre il ruolo di Digital Design Technology Manager presso HOK San Francisco e Seattle fornendo formazione, implementazione BIM e supporto alla progettazione. \u00c8 un architetto autorizzato con 16 anni di esperienza.<\/p>\n<p>Prima di HOK, Cesar ha lavorato per Flad Architects sullagestione dei flussi di lavoro BIM su progetti di grandi dimensioni, tecnicamente complessi e multimilionari, inoltre ha lavorato come Senior Application Specialist per Ideate.<\/p>\n<p>\u00c8 appassionato di progettazione computazionale, prototipazione digitale e programmazione visiva. C\u00e9sar inoltre \u00e8 un professionista accreditato LEED. Ha conseguito un doppio Master in Architettura e Urbanistica presso l&#8217;Universit\u00e0 del Texas ad Austin e un Bachelor of Architecture presso l&#8217;Universidad Centroamericana Jos\u00e9 Sime\u00f3n Ca\u00f1as di El Salvador. \u00c8 il fondatore e coordinatore del San Francisco Dynamo User Group.<\/p>\n<p>&nbsp;<\/p>\n<hr \/>\n<p>&nbsp;<\/p>\n<p>Titolo intervento:<\/p>\n<h4><em><strong>&#8220;Realt\u00e0 aumentata ed intelligenza artificiale<br \/>\n<\/strong><\/em><em><strong>nei processi di progettazione&#8221;<br \/>\n<\/strong><\/em><\/h4>\n<p>&nbsp;<\/p>\n<p>Si presenteranno tematiche riguardandi la realta aumentata e l&#8217;intelligenza artificiale, con maggior interesse per la parte riguardante il deep learning e computer vision, con applicazioni relative alla loro integrazione nel settore della progettazione.<\/p>\n<p>sara possibile avere una panoramica di quello che sta accadendo nella Silic Valley, culla di queste nuove tecnologie, con persone che stanno attivamente contribuendo al loro sviluppo e divulgazione, influenzando gli sviluppi futuri del mercato dirottandoli sempre di piu verso il settore delle costruzioni.<\/p>\n<h5><a class=\"btn btn-lg btn-primary my-2\" href=\"https:\/\/www.digitalbimitalia.it\/it\/speakers-conferenza\/\">Torna agli speakers<\/a><\/h5>\n[\/vc_column_text][\/vc_column_inner][vc_column_inner el_class=&#8221;p-1 p-sm-3 p-lg-4&#8243; width=&#8221;1\/3&#8243;][vc_column_text][\/vc_column_text][vc_single_image image=&#8221;1238&#8243; img_size=&#8221;large&#8221; style=&#8221;vc_box_shadow_border_circle_2&#8243;][\/vc_column_inner][\/vc_row_inner][\/vc_column][\/vc_row]\n","protected":false},"excerpt":{"rendered":"<p>[vc_row equal_height=&#8221;yes&#8221; el_class=&#8221;my-1&#8243;][vc_column][vc_row_inner equal_height=&#8221;yes&#8221; content_placement=&#8221;top&#8221;][vc_column_inner el_class=&#8221;py-lg-2 px-lg-5&#8243; width=&#8221;2\/3&#8243;][vc_column_text] Cesar Escalante Digital Design Technology Manager, HOK San Francisco e Seattle &nbsp; Cesar Escalante ricopre il ruolo di Digital Design Technology Manager presso HOK San Francisco e Seattle fornendo formazione, implementazione BIM e supporto alla progettazione. \u00c8 un architetto autorizzato con 16 anni di esperienza. Prima di [&hellip;]<\/p>\n","protected":false},"author":16,"featured_media":180,"parent":0,"menu_order":0,"comment_status":"closed","ping_status":"closed","template":"","meta":[],"acf":[],"aioseo_notices":[],"_links":{"self":[{"href":"https:\/\/www.digitalbimitalia.it\/it\/wp-json\/wp\/v2\/pages\/1332"}],"collection":[{"href":"https:\/\/www.digitalbimitalia.it\/it\/wp-json\/wp\/v2\/pages"}],"about":[{"href":"https:\/\/www.digitalbimitalia.it\/it\/wp-json\/wp\/v2\/types\/page"}],"author":[{"embeddable":true,"href":"https:\/\/www.digitalbimitalia.it\/it\/wp-json\/wp\/v2\/users\/16"}],"replies":[{"embeddable":true,"href":"https:\/\/www.digitalbimitalia.it\/it\/wp-json\/wp\/v2\/comments?post=1332"}],"version-history":[{"count":7,"href":"https:\/\/www.digitalbimitalia.it\/it\/wp-json\/wp\/v2\/pages\/1332\/revisions"}],"predecessor-version":[{"id":1340,"href":"https:\/\/www.digitalbimitalia.it\/it\/wp-json\/wp\/v2\/pages\/1332\/revisions\/1340"}],"wp:featuredmedia":[{"embeddable":true,"href":"https:\/\/www.digitalbimitalia.it\/it\/wp-json\/wp\/v2\/media\/180"}],"wp:attachment":[{"href":"https:\/\/www.digitalbimitalia.it\/it\/wp-json\/wp\/v2\/media?parent=1332"}],"curies":[{"name":"wp","href":"https:\/\/api.w.org\/{rel}","templated":true}]}}