{"id":13,"date":"2018-06-25T08:55:13","date_gmt":"2018-06-25T08:55:13","guid":{"rendered":"https:\/\/www.digitalbimitalia.it\/?page_id=13"},"modified":"2019-09-17T16:21:51","modified_gmt":"2019-09-17T16:21:51","slug":"conferenza-internazionale2","status":"publish","type":"page","link":"https:\/\/www.digitalbimitalia.it\/it\/conferenza-internazionale2\/","title":{"rendered":"Conferenza Internazionale"},"content":{"rendered":"[vc_row equal_height=&#8221;yes&#8221; el_class=&#8221;my-1&#8243;][vc_column][vc_row_inner equal_height=&#8221;yes&#8221; content_placement=&#8221;top&#8221;][vc_column_inner el_class=&#8221;py-lg-2 px-lg-5&#8243; width=&#8221;2\/3&#8243;][vc_column_text]\n<h3>Le diverse modalit\u00e0 della trasformazione digitale nelle costruzioni e la centralit\u00e0 del dato<\/h3>\n[\/vc_column_text][vc_column_text]\n<h4 class=\"subtitle\"><strong><span style=\"font-size: 22px;line-height: 22px\">Scenari, modelli, esperienze e livelli differenziati di adozione del digitale in Italia, Europa e USA.<\/span><\/strong><\/h4>\n<p>La conferenza internazionale, alternando contributi ed esempi nazionali e internazionali, intende mostrare come, a dispetto di una aspettativa di avanzamento omogeneo della maturit\u00e0 digitale del mercato, occorra prepararsi a convivere con livelli differenziati di adozione dei metodi e degli strumenti.<\/p>\n<p>&nbsp;<\/p>\n<h5 style=\"text-align: left\"><strong>17 e 18 ottobre &#8211; Sala Allemanda (Pad. 33)<\/strong><\/h5>\n<h5 style=\"text-align: left\">Ingresso a pagamento &#8211;\u00a0Il prezzo \u00e8 di 30\u20ac ogni giornata<\/h5>\n<h5><\/h5>\n<p style=\"text-align: left\"><span style=\"color: #00ccff\"><strong>\u00c8 stato richiesto il riconoscimento dei Crediti Formativi Professionali (CFP) per Architetti &#8211; Ingegneri &#8211; Geometri.<\/strong><\/span><\/p>\n[\/vc_column_text][vc_column_text]\n<div class=\"vc_message_box vc_message_box-standard vc_message_box-rounded vc_color-info\">\n<p><img decoding=\"async\" loading=\"lazy\" class=\"wp-image-2622 alignleft\" src=\"\/public\/uploads\/sites\/11\/punto-esclamativo-black.png\" alt=\"\" width=\"82\" height=\"82\" srcset=\"\/public\/uploads\/sites\/11\/punto-esclamativo-black.png 338w, \/public\/uploads\/sites\/11\/punto-esclamativo-black-150x150.png 150w, \/public\/uploads\/sites\/11\/punto-esclamativo-black-300x300.png 300w\" sizes=\"(max-width: 82px) 100vw, 82px\" \/><\/p>\n<h5 style=\"text-align: left;padding-left: 30px\"><span style=\"color: #000000\">A seguito della chiusura del preaccredito online, sar\u00e0 possibile acquistare il biglietto per i singoli convegni direttamente\u00a0in reception presso l&#8217;ingresso Sud Aldo Moro, solo tramite pagamento in contanti<\/span><\/h5>\n<\/div>\n[\/vc_column_text][\/vc_column_inner][vc_column_inner el_class=&#8221;p-1 p-sm-3 p-lg-4 bg-darker&#8221; width=&#8221;1\/3&#8243;][vc_wp_custommenu nav_menu=&#8221;10&#8243;][\/vc_column_inner][\/vc_row_inner][\/vc_column][\/vc_row][vc_row equal_height=&#8221;yes&#8221; el_class=&#8221;my-1 bg-gray py-2&#8243;][vc_column][vc_row_inner equal_height=&#8221;yes&#8221;][vc_column_inner el_class=&#8221;px-1&#8243; width=&#8221;1\/2&#8243;][vc_column_text]\n<h4 style=\"text-align: center\">17 ottobre 2018<\/h4>\n[\/vc_column_text][vc_separator][vc_column_text el_class=&#8221;bg-darker text-center py-2 px-3&#8243;]SESSIONE I:\u00a0<strong>Digitalizzazione e committenza<\/strong><\/p>\n<p>SESSIONE II:\u00a0<strong>Digitalizzazione e Sviluppo Immobiliare<\/strong><\/p>\n<p>&nbsp;<\/p>\n<p><em>Il Building Information Modeling appare sempre di pi\u00f9 come la porta di accesso preferenziale a un fenomeno di assai pi\u00f9 vasta portata, quale \u00e8 quello relativo alla digitalizzazione.<\/em><\/p>\n<p><em>Ruolo determinante in questo contesto, dovrebbe essere assunto dalla Domanda, pubblica e privata, in veste di soggetto che istruisce, verifica e chiede ai propri fornitori \u2013 anche lungo il ciclo di vita ed in funzione della capacit\u00e0 che essi posseggono di veicolare servizi \u2013 contezza \u2018digitale\u2019 degli elementi elaborati. \u00a0(<strong>High Speed Two<\/strong>).<br \/>\n<\/em><em>Il fatto che ci\u00f2 sempre pi\u00f9 accada a livello di distretto urbano (<strong>EuroMilano<\/strong>) o di parco immobiliare (<strong>Regione Sardegna<\/strong>), dimostra quale salto di scala il Settore dell\u2019Ambiente Costruito possa compiere.<\/em><\/p>\n<p><em>Il ricorso sempre pi\u00f9 frequente, da parte dei progettisti, alle soluzioni legate all\u2019immersivit\u00e0 e alle realt\u00e0 miste introduce, inoltre, la dimensione fondamentale dello User Centrism (<strong>HOK<\/strong>).<\/em><\/p>\n<p><em>Il tempo delle promesse \u00e8 ormai terminato. Si tratta, quindi, di valutare \u2013 anche attraverso le esperienze qui presentate \u2013 quanto dirompente la transizione digitale possa essere, di definirne le condizioni essenziali al contorno di natura abilitante e di calcolarne il ritorno sull\u2019investimento per ciascun operatore.<\/em><\/p>\n[\/vc_column_text][vc_separator][vc_column_text el_class=&#8221;bg-darker text-center py-2 px-3&#8243;]SESSIONE III:\u00a0<strong>Digitalizzazione e Progettazione<\/strong><\/p>\n<p>SESSIONE IV:\u00a0<strong>Digitalizzazione e Realizzazione<\/strong><\/p>\n<p>&nbsp;<\/p>\n<p><em>Un recente report curato dal Royal Institute of Architects e da Microsoft riassume efficacemente un vasto dibattito, in atto nei Paesi anglofoni (Nord America e Regno Unito), sulle potenzialit\u00e0 trasformative della digitalizzazione sul processo di progettazione, in genere, e di quella architettonica, in particolare.<\/em><\/p>\n<p><em>Sorge, ad esempio, accanto alle figure, pi\u00f9 codificate, del BIM Manager e del BIM Coordinator, il profilo del Computational Designer.<\/em><\/p>\n<p><em>Alleanze inedite tra organismi di progettazione e soggetti imprenditoriali delineano, in pi\u00f9, l\u2019avvio di una possibile evoluzione identitaria agevolata dalla digitalizzazione. L\u2019Intelligenza Artificiale, ad esempio, \u00e8 sempre pi\u00f9 spesso menzionata nel corso degli eventi organizzati dall\u2019American Institute of Architects.<\/em><\/p>\n<p><em>Si tratta, in senso lato, di cogliere il valore del dato computazionale e di farlo divenire il principale fattore competitivo del mercato professionale del futuro (<strong>Buro Happold<\/strong>).<\/em><\/p>\n<p><em>I processi ideativi abbisognano, perci\u00f2, di ecosistemi digitali in grado di assicurare fluidit\u00e0 e continuit\u00e0 dei flussi informativi (<strong>Strategie Digitali<\/strong>).<\/em><\/p>\n<p><em>La transizione digitale riguarda, peraltro, anche le societ\u00e0 di ingegneria e le imprese di costruzioni.<\/em><\/p>\n<p><em>Con l\u2019esigenza di assicurare una interoperabilit\u00e0 culturale tra discipline assai eterogenee al fine di giungere progettualmente ed esecutivamente a sintesi (<strong>Italferr)<\/strong>.<\/em><\/p>\n<p>&nbsp;<\/p>\n<p><em>La stessa omogeneit\u00e0 \u00e8, inoltre, richiesta ai soggetti realizzatori, nelle loro diverse realt\u00e0 territoriali, sul mercato domestico e sui mercati internazionali (<strong>Salini Impregilo<\/strong> e<strong> Vinci<\/strong>).<\/em>[\/vc_column_text][vc_separator][vc_column_text el_class=&#8221;bg-darker text-center py-2 px-3&#8243;]\n<p style=\"text-align: center\">17.50<\/p>\n<p style=\"text-align: center\"><strong>Bim&amp;DIGITAL AWARD 2018<\/strong><\/p>\n[\/vc_column_text][\/vc_column_inner][vc_column_inner el_class=&#8221;px-1&#8243; width=&#8221;1\/2&#8243;][vc_column_text]\n<h4 style=\"text-align: center\">18 ottobre 2018<\/h4>\n[\/vc_column_text][vc_separator][vc_column_text el_class=&#8221;bg-darker text-center py-2 px-3&#8243;]SESSIONE V:\u00a0<strong>Digitalizzazione &amp; Smartness<\/strong><\/p>\n<p>SESSIONE VI:\u00a0<strong>Digitalizzazione e Patrimonio Culturale e Beni Immobiliari<\/strong><\/p>\n<p>&nbsp;<\/p>\n<p><em>La trasformazione digitale pu\u00f2 avere un ritmo incrementale oppure un tratto radicale.<br \/>\n<\/em><em>In questo secondo caso, il key driver \u00e8 sicuramente rappresentato dall&#8217; elemento immobiliare o infrastrutturale quale entit\u00e0 che direttamente sia in grado di veicolare servizi (p.e.: alla persona, interconnessa e dialogante con esso: abitante, occupante, fruitore, viaggiatore ecc.).<\/em><\/p>\n<p><em>\u00a0<\/em><em>Il primo elemento elettivo per comprendere la rinnovata centralit\u00e0 dell\u2019Occupancy \u00e8 dato dal Workplace Management System (<strong>eFM<\/strong>).<\/em><\/p>\n<p><em>Il ruolo, collettivo e individuale, dell\u2019utente dipende, peraltro, dalla capacit\u00e0 di modellarne i flussi e i movimenti e, in definitiva, i comportamenti, nell\u2019ottica del Service Design (<strong>Oasys<\/strong>).<\/em><\/p>\n<p><em>Naturalmente, tutto ci\u00f2, non riguarda solo l\u2019immobile, ma si estende alla infrastruttura vera e propria, come quella stradale (<strong>MIT<\/strong>), e alla Future City, la citt\u00e0 cognitiva e reticolare, infrastrutturale a sua volta (<strong>IBM<\/strong>).<\/em><\/p>\n<p><em>A una diversa scala, tuttavia, il fenomeno concerne i beni culturali immobiliari (<strong>Universit\u00e0 degli Studi di Ferrara <\/strong>e <strong>Open Project<\/strong>) e la rigenerazione urbana (<strong>Universit\u00e0 degli Studi di Brescia<\/strong>), in cui abitante e fruitore hanno la possibilit\u00e0 di interagire in modo innovativo con il costruito.<\/em>[\/vc_column_text][vc_separator][vc_column_text el_class=&#8221;bg-darker text-center py-2 px-3&#8243;]SESSIONE VII:\u00a0<strong>Digitalizzazione e Strategie<\/strong><\/p>\n<p><em>La digitalizzazione possiede certamente, nell\u2019ambito del 4.0, vaste potenzialit\u00e0, presentando, per\u00f2, altrettanti limiti. Si tratta, di conseguenza, di indagare i fattori strutturali che potrebbero permettere una riconfigurazione virtuosa del mercato della costruzione e dell\u2019immobiliare, senza, al contrario, ingenerare nuovi e inaspettati inconvenienti.<\/em><\/p>\n<p><em>L\u2019evoluzione del Settore, imperniata sull\u2019ingegneria dei sistemi, \u00e8 al centro di studi condotti dal World Economic Forum in collaborazione con Imperial College (<strong>Imperial College<\/strong>).<\/em><\/p>\n<p><em>Entro il contesto europeo e comunitario, la politica di adozione della digitalizzazione da parte del governo italiano costituisce una esperienza innovativa, legata a una ragionevole cogenza, su cui riflettere prima della sua entrata in vigore (<strong>MIT<\/strong>).<\/em><\/p>\n<p><em>Se per il decreto ministeriale in oggetto la Domanda costituisce il principale agente, occorre, ovviamente, che l\u2019Offerta risponda in maniera analoga alle sollecitazioni che dalla prima provengano.<\/em><\/p>\n<p><em>Impostare una logica di filiera, eventualmente supportata da piattaforme digitali, implica una attenta riflessione sullo stato attuale del mercato e sulle conseguenze trasformative che la sua piena digitalizzazione comporterebbe: l\u2019Off Site ne \u00e8 un chiaro sintomo (<strong>Federcostruzioni<\/strong>).<\/em><\/p>\n<p><em>All\u2019interno dello EU BIM Task Group e, in particolare, verso il mercato tedesco, il maggiore in Europa, il Ministero Federale delle Infrastrutture Digitali e dei Trasporti ha, da tempo, avviato una Road Map che ne ha rafforzato la leadership (<strong>BMVI<\/strong>).<\/em><\/p>\n<p><em>Oltre alle istituzioni, preposte alla normazione, che svolgono un ruolo importante di omogeneizzazione delle pratiche digitali (<strong>UNI<\/strong>).<\/em><\/p>\n<p><em>Una riflessione che coinvolge tutta la filiera (<strong>FEDERCOSTRUZIONI; ANCE; CNI; CNAPPC; CNGeGL, ANCI<\/strong>)<\/em>[\/vc_column_text][\/vc_column_inner][\/vc_row_inner][vc_row_inner el_class=&#8221;bg-white&#8221;][vc_column_inner][\/vc_column_inner][vc_column_inner][vc_empty_space][vc_separator][vc_column_text]\n<p style=\"text-align: center\"><strong><span style=\"font-size: 32px;line-height: 22px\">Sponsor<\/span><\/strong><\/p>\n[\/vc_column_text][\/vc_column_inner][\/vc_row_inner][vc_row_inner el_class=&#8221;bg-white&#8221;][vc_column_inner width=&#8221;1\/6&#8243;][vc_single_image image=&#8221;1672&#8243; img_size=&#8221;medium&#8221; add_caption=&#8221;yes&#8221; alignment=&#8221;right&#8221;][\/vc_column_inner][vc_column_inner width=&#8221;1\/6&#8243;][vc_single_image image=&#8221;190&#8243; img_size=&#8221;&#8221; alignment=&#8221;center&#8221;][\/vc_column_inner][vc_column_inner width=&#8221;1\/6&#8243;][vc_single_image image=&#8221;192&#8243; img_size=&#8221;&#8221; alignment=&#8221;center&#8221;][\/vc_column_inner][vc_column_inner width=&#8221;1\/6&#8243;][vc_single_image image=&#8221;197&#8243; img_size=&#8221;&#8221; alignment=&#8221;center&#8221;][\/vc_column_inner][vc_column_inner width=&#8221;1\/6&#8243;][vc_single_image image=&#8221;1644&#8243; img_size=&#8221;&#8221; alignment=&#8221;center&#8221;][\/vc_column_inner][vc_column_inner width=&#8221;1\/6&#8243;][vc_single_image image=&#8221;2018&#8243; img_size=&#8221;&#8221; alignment=&#8221;center&#8221;][\/vc_column_inner][\/vc_row_inner][vc_row_inner el_class=&#8221;bg-white&#8221;][vc_column_inner width=&#8221;1\/5&#8243;][vc_single_image image=&#8221;2019&#8243; img_size=&#8221;&#8221;][\/vc_column_inner][vc_column_inner width=&#8221;1\/5&#8243;][vc_single_image image=&#8221;1643&#8243; img_size=&#8221;&#8221; alignment=&#8221;center&#8221;][\/vc_column_inner][vc_column_inner width=&#8221;1\/5&#8243;][vc_single_image image=&#8221;194&#8243; img_size=&#8221;&#8221; alignment=&#8221;center&#8221;][\/vc_column_inner][vc_column_inner width=&#8221;1\/5&#8243;][vc_single_image image=&#8221;195&#8243; img_size=&#8221;&#8221; alignment=&#8221;center&#8221;][\/vc_column_inner][vc_column_inner width=&#8221;1\/5&#8243;][vc_single_image image=&#8221;196&#8243; img_size=&#8221;&#8221; alignment=&#8221;center&#8221;][\/vc_column_inner][\/vc_row_inner][vc_separator][vc_row_inner el_class=&#8221;bg-white&#8221;][vc_column_inner][vc_masonry_media_grid style=&#8221;lazy&#8221; gap=&#8221;35&#8243; item=&#8221;mediaGrid_FadeInWithIcon&#8221; grid_id=&#8221;vc_gid:1539706298428-7f755e7e-a74a-3&#8243; include=&#8221;308,311,309&#8243;][\/vc_column_inner][\/vc_row_inner][\/vc_column][\/vc_row]\n","protected":false},"excerpt":{"rendered":"<p>[vc_row equal_height=&#8221;yes&#8221; el_class=&#8221;my-1&#8243;][vc_column][vc_row_inner equal_height=&#8221;yes&#8221; content_placement=&#8221;top&#8221;][vc_column_inner el_class=&#8221;py-lg-2 px-lg-5&#8243; width=&#8221;2\/3&#8243;][vc_column_text] Le diverse modalit\u00e0 della trasformazione digitale nelle costruzioni e la centralit\u00e0 del dato [\/vc_column_text][vc_column_text] Scenari, modelli, esperienze e livelli differenziati di adozione del digitale in Italia, Europa e USA. La conferenza internazionale, alternando contributi ed esempi nazionali e internazionali, intende mostrare come, a dispetto di una aspettativa [&hellip;]<\/p>\n","protected":false},"author":1,"featured_media":180,"parent":0,"menu_order":0,"comment_status":"closed","ping_status":"closed","template":"","meta":[],"acf":[],"aioseo_notices":[],"_links":{"self":[{"href":"https:\/\/www.digitalbimitalia.it\/it\/wp-json\/wp\/v2\/pages\/13"}],"collection":[{"href":"https:\/\/www.digitalbimitalia.it\/it\/wp-json\/wp\/v2\/pages"}],"about":[{"href":"https:\/\/www.digitalbimitalia.it\/it\/wp-json\/wp\/v2\/types\/page"}],"author":[{"embeddable":true,"href":"https:\/\/www.digitalbimitalia.it\/it\/wp-json\/wp\/v2\/users\/1"}],"replies":[{"embeddable":true,"href":"https:\/\/www.digitalbimitalia.it\/it\/wp-json\/wp\/v2\/comments?post=13"}],"version-history":[{"count":57,"href":"https:\/\/www.digitalbimitalia.it\/it\/wp-json\/wp\/v2\/pages\/13\/revisions"}],"predecessor-version":[{"id":2755,"href":"https:\/\/www.digitalbimitalia.it\/it\/wp-json\/wp\/v2\/pages\/13\/revisions\/2755"}],"wp:featuredmedia":[{"embeddable":true,"href":"https:\/\/www.digitalbimitalia.it\/it\/wp-json\/wp\/v2\/media\/180"}],"wp:attachment":[{"href":"https:\/\/www.digitalbimitalia.it\/it\/wp-json\/wp\/v2\/media?parent=13"}],"curies":[{"name":"wp","href":"https:\/\/api.w.org\/{rel}","templated":true}]}}