{"id":1087,"date":"2018-08-28T13:43:02","date_gmt":"2018-08-28T13:43:02","guid":{"rendered":"https:\/\/www.digitalbimitalia.it\/?page_id=1087"},"modified":"2018-10-16T16:17:41","modified_gmt":"2018-10-16T16:17:41","slug":"conferenza-internazionale-17-ottobre","status":"publish","type":"page","link":"https:\/\/www.digitalbimitalia.it\/it\/conferenza-internazionale-17-ottobre\/","title":{"rendered":"Conferenza Internazionale &#8211; 17 ottobre"},"content":{"rendered":"[vc_row equal_height=&#8221;yes&#8221; el_class=&#8221;my-1&#8243;][vc_column][vc_row_inner equal_height=&#8221;yes&#8221; content_placement=&#8221;top&#8221; el_class=&#8221;my-1 bg-gray&#8221;][vc_column_inner el_class=&#8221;py-lg-2 px-lg-5&#8243;][vc_column_text]\n<h3>Le diverse modalit\u00e0 della trasformazione digitale\u00a0nelle Costruzioni e la centralit\u00e0 del dato<\/h3>\n<h5 style=\"text-align: left\">Prima Giornata \u2010 Mercoled\u00ec 17 Ottobre 2018<br \/>\nSala Allemanda (Pad. 33)<\/h5>\n[\/vc_column_text][vc_column_text]\n<div class=\"vc_message_box vc_message_box-standard vc_message_box-rounded vc_color-info\">\n<p><img decoding=\"async\" loading=\"lazy\" class=\"wp-image-2622 alignleft\" src=\"\/public\/uploads\/sites\/11\/punto-esclamativo-black.png\" alt=\"\" width=\"82\" height=\"82\" srcset=\"\/public\/uploads\/sites\/11\/punto-esclamativo-black.png 338w, \/public\/uploads\/sites\/11\/punto-esclamativo-black-150x150.png 150w, \/public\/uploads\/sites\/11\/punto-esclamativo-black-300x300.png 300w\" sizes=\"(max-width: 82px) 100vw, 82px\" \/><\/p>\n<h5 style=\"text-align: left;padding-left: 30px\"><span style=\"color: #000000\">A seguito della chiusura del preaccredito online, sar\u00e0 possibile acquistare il biglietto per i singoli convegni direttamente\u00a0in reception presso l&#8217;ingresso Sud Aldo Moro, solo tramite pagamento in contanti, fino ad esaurimento posti<\/span><\/h5>\n<\/div>\n[\/vc_column_text][\/vc_column_inner][\/vc_row_inner][\/vc_column][\/vc_row][vc_row equal_height=&#8221;yes&#8221; content_placement=&#8221;middle&#8221; el_class=&#8221;my-1 bg-gray&#8221;][vc_column el_class=&#8221;py-lg-2 px-lg-5&#8243;][vc_row_inner equal_height=&#8221;yes&#8221; content_placement=&#8221;middle&#8221;][vc_column_inner el_class=&#8221;py-lg-2 px-lg-5&#8243;][vc_column_text]\n<h4 style=\"text-align: center\"><strong>9.30 Saluti \u2010 Introduzione<\/strong><\/h4>\n<p style=\"text-align: center\"><strong>SAIE<\/strong><\/p>\n<p style=\"text-align: center\"><strong>ASSOBIM<\/strong><\/p>\n[\/vc_column_text][\/vc_column_inner][\/vc_row_inner][\/vc_column][\/vc_row][vc_row equal_height=&#8221;yes&#8221; content_placement=&#8221;middle&#8221; el_class=&#8221;my-1&#8243;][vc_column el_class=&#8221;py-lg-2 px-lg-5&#8243;][vc_row_inner equal_height=&#8221;yes&#8221; content_placement=&#8221;middle&#8221;][vc_column_inner el_class=&#8221;py-lg-2 px-lg-5&#8243;][vc_column_text]\n<h4 style=\"text-align: center\"><strong>10.00 \u2010 La transizione digitale a pi\u00f9 velocit\u00e0 e la centralit\u00e0 del dato<\/strong><\/h4>\n<p style=\"text-align: center\"><em>Angelo Ciribini, Universit\u00e0 degli Studi di Brescia<\/em><\/p>\n[\/vc_column_text][\/vc_column_inner][\/vc_row_inner][\/vc_column][\/vc_row][vc_row equal_height=&#8221;yes&#8221; content_placement=&#8221;middle&#8221; el_class=&#8221;my-1 bg-gray&#8221;][vc_column el_class=&#8221;py-lg-2 px-lg-5&#8243;][vc_row_inner equal_height=&#8221;yes&#8221; content_placement=&#8221;middle&#8221;][vc_column_inner el_class=&#8221;py-lg-5 px-lg-5&#8243; width=&#8221;1\/2&#8243;][vc_column_text]\n<h5>SESSIONE I:\u00a0<strong>Digitalizzazione e committenza<\/strong><\/h5>\n<h5>SESSIONE II:\u00a0<strong>Digitalizzazione e Sviluppo Immobiliare<\/strong><\/h5>\n<p>&nbsp;<\/p>\n<p>&nbsp;<\/p>\n<p><em>Il Building Information Modeling appare sempre di pi\u00f9 come la porta di accesso preferenziale a un fenomeno di assai pi\u00f9 vasta portata, quale \u00e8 quello relativo alla digitalizzazione.<\/em><\/p>\n<p><em>Ruolo determinante in questo contesto, dovrebbe essere assunto dalla Domanda, pubblica e privata, in veste di soggetto che istruisce, verifica e chiede ai propri fornitori \u2013 anche lungo il ciclo di vita ed in funzione della capacit\u00e0 che essi posseggono di veicolare servizi \u2013 contezza \u2018digitale\u2019 degli elementi elaborati. \u00a0(<strong>High Speed Two<\/strong>).<br \/>\n<\/em><em>Il fatto che ci\u00f2 sempre pi\u00f9 accada a livello di distretto urbano (<strong>EuroMilano<\/strong>) o di parco immobiliare (<strong>Regione Sardegna<\/strong>), dimostra quale salto di scala il Settore dell\u2019Ambiente Costruito possa compiere.<\/em><\/p>\n<p><em>Il ricorso sempre pi\u00f9 frequente, da parte dei progettisti, alle soluzioni legate all\u2019immersivit\u00e0 e alle realt\u00e0 miste introduce, inoltre, la dimensione fondamentale dello User Centrism (<strong>HOK<\/strong>).<\/em><\/p>\n<p><em>Il tempo delle promesse \u00e8 ormai terminato. Si tratta, quindi, di valutare \u2013 anche attraverso le esperienze qui presentate \u2013 quanto dirompente la transizione digitale possa essere, di definirne le condizioni essenziali al contorno di natura abilitante e di calcolarne il ritorno sull\u2019investimento per ciascun operatore.<\/em><\/p>\n<p style=\"text-align: left\"><span style=\"color: #00ccff\"><strong>\u00c8 stato richiesto il riconoscimento dei Crediti Formativi Professionali (CFP) per Architetti &#8211; Ingegneri &#8211; Geometri.<\/strong><\/span><\/p>\n[\/vc_column_text][\/vc_column_inner][vc_column_inner width=&#8221;1\/2&#8243;][vc_column_text]\n<h3 style=\"text-align: center\">10.20 \u2013 Digitalizzazione e committenza<\/h3>\n<p style=\"text-align: center\">coordina Angelo Ciribini<\/p>\n<hr \/>\n<p style=\"text-align: left\">Keynote speakers<\/p>\n<p style=\"text-align: left\">\u2022\u00a0 <strong>&#8220;HS2\u2019s approach to BIM and beyond&#8221; &#8211;\u00a0<\/strong><em>Sonia Zahirodinny, High Speed Two<\/em><\/p>\n<p style=\"text-align: left\">\u2022\u00a0 <strong>&#8220;Il BIM e gli investimenti nell&#8217;Edilizia Scolastica&#8221; &#8211;\u00a0<\/strong><em>Matteo Frate, Francesca Sechi \u2010 Regione Sardegna<\/em><\/p>\n<p style=\"text-align: left\">Technology speakers<\/p>\n<p style=\"text-align: left\"><span style=\"color: #00aeef\"><strong>ONE Team<br \/>\n<span style=\"color: #000000\">&#8220;Introduzione del metodo BIM nelle aziende: il metodo One Team&#8221; <\/span><\/strong><span style=\"color: #000000\">&#8211;\u00a0Ing. Riccardo Perego<\/span><strong><br \/>\n<\/strong><\/span><\/p>\n<p><span style=\"color: #00aeef\"><strong>ACCA<\/strong><\/span><br \/>\n<span style=\"color: #000000\"><strong>&#8220;BIM e GIS: l\u2019acDAT come base dati per la gestione e pianificazione territoriale delle costruzioni e dei sistemi urbani&#8221;<\/strong> &#8211;\u00a0<\/span><span style=\"color: #00aeef\"><span style=\"color: #000000\"><em>Antonio Cianciulli<\/em><\/span><strong><br \/>\n<\/strong><\/span>[\/vc_column_text][vc_zigzag][vc_column_text]\n<h3 style=\"text-align: center\">11.30 \u2013 Digitalizzazione e Sviluppo Immobiliare<\/h3>\n<p style=\"text-align: center\">coordina Livia Randaccio \u2013 Tecniche Nuove<\/p>\n<hr \/>\n<p style=\"text-align: left\">Keynote speakers<\/p>\n<ul>\n<li><strong>&#8220;BIM, Smart District e Sviluppo Immobiliare&#8221; &#8211;\u00a0<\/strong><em>Giancarlo Boffetta, EuroMilano<\/em><\/li>\n<\/ul>\n<ul style=\"text-align: left\">\n<li><strong>&#8220;Realt\u00e0 aumentata ed intelligenza artificiale nei processi di progettazione&#8221; &#8211;\u00a0<\/strong><em>Cesar Escalante &amp; Alberto Tono, HOK,<\/em><\/li>\n<\/ul>\n<p style=\"text-align: left\">Technology speakers<\/p>\n<p><span style=\"color: #00aeef\"><strong>Manens-Tifs<br \/>\n<\/strong><\/span><strong>\u201cBIM &amp; Project Management &#8211; Gestione del flusso di lavoro in un Ambiente di condivisione dati\u00a0 (ACDat \u2013 CDE)\u00a0<em>Il Caso Studio di Manens-Tifs di un progetto impiantistico di un edificio ad uso direzionale amministrativo di grandi dimensioni<\/em>\u201d &#8211;\u00a0<\/strong>Daniel Carta &amp; Gabriele Lantini,\u00a0Manens-Tifs<\/p>\n<p><span style=\"color: #00aeef\"><strong>ACCA<br \/>\n<span style=\"color: #000000\">&#8220;<\/span><\/strong><\/span><strong>Il modello digitale del costruito come passaggio nevralgico verso processi pi\u00f9 produttivi e tecnologie pi\u00f9 performanti: applicazioni di realt\u00e0 virtuale ed intelligenza artificiale ai processi di progettazione BIM&#8221;<\/strong> &#8211; <em>Antonio Cianciulli<\/em>[\/vc_column_text][\/vc_column_inner][\/vc_row_inner][\/vc_column][\/vc_row][vc_row equal_height=&#8221;yes&#8221; content_placement=&#8221;middle&#8221; el_class=&#8221;my-1&#8243;][vc_column el_class=&#8221;py-lg-2 px-lg-5&#8243;][vc_row_inner equal_height=&#8221;yes&#8221; content_placement=&#8221;middle&#8221;][vc_column_inner el_class=&#8221;py-lg-5 px-lg-5&#8243; width=&#8221;1\/2&#8243;][vc_column_text]\n<h5>SESSIONE III:\u00a0<strong>Digitalizzazione e Progettazione<\/strong><\/h5>\n<h5>SESSIONE IV:\u00a0<strong>Digitalizzazione e Realizzazione<\/strong><\/h5>\n[\/vc_column_text][vc_empty_space height=&#8221;82px&#8221;][vc_column_text]<em>Un recente report curato dal Royal Institute of Architects e da Microsoft riassume efficacemente un vasto dibattito, in atto nei Paesi anglofoni (Nord America e Regno Unito), sulle potenzialit\u00e0 trasformative della digitalizzazione sul processo di progettazione, in genere, e di quella architettonica, in particolare.<\/em><\/p>\n<p><em>Sorge, ad esempio, accanto alle figure, pi\u00f9 codificate, del BIM Manager e del BIM Coordinator, il profilo del Computational Designer.<\/em><\/p>\n<p><em>Alleanze inedite tra organismi di progettazione e soggetti imprenditoriali delineano, in pi\u00f9, l\u2019avvio di una possibile evoluzione identitaria agevolata dalla digitalizzazione. L\u2019Intelligenza Artificiale, ad esempio, \u00e8 sempre pi\u00f9 spesso menzionata nel corso degli eventi organizzati dall\u2019American Institute of Architects.<\/em><\/p>\n<p><em>Si tratta, in senso lato, di cogliere il valore del dato computazionale e di farlo divenire il principale fattore competitivo del mercato professionale del futuro (<strong>Buro Happold<\/strong>).<\/em><\/p>\n<p><em>I processi ideativi abbisognano, perci\u00f2, di ecosistemi digitali in grado di assicurare fluidit\u00e0 e continuit\u00e0 dei flussi informativi (<strong>Strategie Digitali<\/strong>).<\/em><\/p>\n<p><em>La transizione digitale riguarda, peraltro, anche le societ\u00e0 di ingegneria e le imprese di costruzioni.<\/em><\/p>\n<p><em>Con l\u2019esigenza di assicurare una interoperabilit\u00e0 culturale tra discipline assai eterogenee al fine di giungere progettualmente ed esecutivamente a sintesi (<strong>Italferr)<\/strong>.<\/em><\/p>\n<p><em>La stessa omogeneit\u00e0 \u00e8, inoltre, richiesta ai soggetti realizzatori, nelle loro diverse realt\u00e0 territoriali, sul mercato domestico e sui mercati internazionali (<strong>Salini Impregilo<\/strong>\u00a0e<strong>\u00a0Vinci<\/strong>).<\/em><\/p>\n<p style=\"text-align: left\"><span style=\"color: #00ccff\"><strong>\u00c8 stato richiesto il riconoscimento dei Crediti Formativi Professionali (CFP) per Architetti &#8211; Ingegneri &#8211; Geometri.<\/strong><\/span><\/p>\n[\/vc_column_text][\/vc_column_inner][vc_column_inner width=&#8221;1\/2&#8243;][vc_column_text]\n<h3 style=\"text-align: center\">14.00 \u2013 Digitalizzazione e Progettazione<\/h3>\n<p style=\"text-align: center\">coordina Livia Randaccio \u2013 Tecniche Nuove<\/p>\n<hr \/>\n<p style=\"text-align: left\">Keynote speakers<\/p>\n<p style=\"text-align: left\">\u2022 <strong>&#8220;Capacit\u00e0 computazionali e progettazione&#8221; &#8211;\u00a0<\/strong><em>Alain Waha, Buro Happold<\/em><\/p>\n<p style=\"text-align: left\">\u2022 <strong>&#8220;Il prolungamento della linea 11 della Metro di Parigi&#8221; &#8211;\u00a0<\/strong><em>Stefano Bilosi e Claudio DeMattia, ENSER<\/em><\/p>\n<p style=\"text-align: left\">\u2022 <strong>&#8220;Bim dal punto di vista del contractor: il caso dell&#8217;ampliamento T2 dell&#8217;aeroporto di Hong Kong&#8221; &#8211;\u00a0<\/strong><em>Francesco Tizzani, BIM Manager <\/em>espansione aeroporto di Hong Kong<\/p>\n<p style=\"text-align: left\">\u2022 <strong>&#8220;Opportunit\u00e0 ed ecosistemi nel mercato della digitalizzazione&#8221;<\/strong> \u2010\u00a0<em>Claudio Vittori Antisari, Strategie Digitali<\/em><\/p>\n<p>Technology speakers<br \/>\n<span style=\"color: #00aeef\"><strong>StaData<br \/>\n<\/strong><\/span><strong>&#8220;Il BIM per il calcolo strutturale: problemi e soluzioni.&#8221; &#8211;\u00a0<\/strong><em>ing. Adriano Castagnone<\/em><\/p>\n<p><span style=\"color: #00aeef\"><strong>ALL PLAN<br \/>\n<span style=\"color: #000000\">&#8220;<\/span><\/strong><\/span><strong>Il supporto dei software BIM nelle decisioni durante lo sviluppo del progetto&#8221; &#8211;\u00a0<\/strong><em>Flavio Andreatta\u00a0<\/em>[\/vc_column_text][vc_zigzag][vc_column_text]\n<h3 style=\"text-align: center\">16.20 \u2013 Digitalizzazione e realizzazione<\/h3>\n<p style=\"text-align: center\">coordina Livia Randaccio \u2013 Tecniche Nuove<\/p>\n<hr \/>\n<p style=\"text-align: left\">Keynote speakers<\/p>\n<p style=\"text-align: left\">\u2022 <strong>&#8220;Il BIM: un percorso di apprendimento&#8221; \u2010\u00a0<\/strong><em>Daniela Aprea, Italferr<\/em><\/p>\n<p style=\"text-align: left\">\u2022 <strong>&#8220;La Convergence BIM in Vinci Construction&#8221; \u2013\u00a0<\/strong><em>Francois Bellin, Vinci Construction<\/em><\/p>\n<p style=\"text-align: left\">\u2022 <strong>&#8220;Processi Digitali nelle Imprese di Costruzioni&#8221; \u2010\u00a0<\/strong><em>Sivieri Luca, Simeone Davide \u2010 Salini Impregilo<\/em><\/p>\n<p style=\"text-align: left\">Technology speakers<br \/>\n<strong style=\"color: #00aeef\">STR TEAM SYSTEM<br \/>\n<\/strong><strong>\u201cLa Vision di STR per il Cantiere Digitale\u201d &#8211;\u00a0<\/strong>Nicola Baraldi<\/p>\n<p style=\"text-align: left\"><strong style=\"color: #00aeef\">ACCA<br \/>\n<span style=\"color: #000000\">&#8220;La digitalizzazione come strumento di competitivit\u00e0 economica: esempi di tecnologie che portano l\u2019impresa di costruzione nel mondo dell\u2019Industria 4.0&#8221; &#8211;\u00a0<\/span><\/strong><span style=\"color: #000000\"><em>Antonio Cianciulli<\/em><\/span><strong style=\"color: #00aeef\"><span style=\"color: #000000\"><br \/>\n<\/span><br \/>\nBENTLEY<br \/>\n<\/strong><strong><span style=\"color: #000000\">&#8220;<\/span><span style=\"color: #000000\">L\u2019impiego di OpenRail quale CDE per la modellazione e la gestione delle infrastrutture ferroviarie&#8221; &#8211;\u00a0<\/span><\/strong><span style=\"color: #000000\"><em>Ing. Claudio Cristallini Senior Consultant Bentley Systems<\/em><\/span><\/p>\n[\/vc_column_text][\/vc_column_inner][\/vc_row_inner][\/vc_column][\/vc_row][vc_row equal_height=&#8221;yes&#8221; content_placement=&#8221;middle&#8221; el_class=&#8221;my-1 bg-gray&#8221;][vc_column el_class=&#8221;py-lg-2 px-lg-5&#8243;][vc_row_inner equal_height=&#8221;yes&#8221; content_placement=&#8221;middle&#8221;][vc_column_inner][vc_column_text]\n<h3 style=\"text-align: center\">18.00 \u2013 Bim&amp;DIGITAL AWARD 2018<\/h3>\n<p style=\"text-align: center\">Presentazione dei vincitori dell\u2019Award 2018 (premia la Giuria e Assobim)<\/p>\n[\/vc_column_text][\/vc_column_inner][\/vc_row_inner][\/vc_column][\/vc_row][vc_row][vc_column width=&#8221;1\/2&#8243;][vc_column_text el_class=&#8221;text-center&#8221;]<a class=\"btn btn-lg btn-primary my-2\" href=\"\/it\/contatti\">Richiedi informazioni<\/a>[\/vc_column_text][\/vc_column][vc_column width=&#8221;1\/2&#8243;][vc_column_text el_class=&#8221;text-center&#8221;]<a class=\"btn btn-lg btn-primary my-2\" href=\"https:\/\/www.digitalbimitalia.it\/it\/conferenza-internazionale-convegni\/\">Ritorna al programma convegni<\/a>[\/vc_column_text][\/vc_column][\/vc_row][vc_row][vc_column][vc_separator][vc_column_text]\n<p>&nbsp;<\/p>\n<h3 style=\"text-align: center\">Sponsor<\/h3>\n[\/vc_column_text][vc_row_inner el_class=&#8221;bg-white&#8221;][vc_column_inner width=&#8221;1\/6&#8243;][vc_single_image image=&#8221;1672&#8243; img_size=&#8221;medium&#8221; add_caption=&#8221;yes&#8221; alignment=&#8221;right&#8221;][\/vc_column_inner][vc_column_inner width=&#8221;1\/6&#8243;][vc_single_image image=&#8221;190&#8243; img_size=&#8221;&#8221; alignment=&#8221;center&#8221;][\/vc_column_inner][vc_column_inner width=&#8221;1\/6&#8243;][vc_single_image image=&#8221;192&#8243; img_size=&#8221;&#8221; alignment=&#8221;center&#8221;][\/vc_column_inner][vc_column_inner width=&#8221;1\/6&#8243;][vc_single_image image=&#8221;197&#8243; img_size=&#8221;&#8221; alignment=&#8221;center&#8221;][\/vc_column_inner][vc_column_inner width=&#8221;1\/6&#8243;][vc_single_image image=&#8221;1644&#8243; img_size=&#8221;&#8221; alignment=&#8221;center&#8221;][\/vc_column_inner][vc_column_inner width=&#8221;1\/6&#8243;][vc_single_image image=&#8221;2018&#8243; img_size=&#8221;&#8221; alignment=&#8221;center&#8221;][\/vc_column_inner][\/vc_row_inner][vc_row_inner el_class=&#8221;bg-white&#8221;][vc_column_inner width=&#8221;1\/5&#8243;][vc_single_image image=&#8221;2019&#8243; img_size=&#8221;&#8221;][\/vc_column_inner][vc_column_inner width=&#8221;1\/5&#8243;][vc_single_image image=&#8221;1643&#8243; img_size=&#8221;&#8221; alignment=&#8221;center&#8221;][\/vc_column_inner][vc_column_inner width=&#8221;1\/5&#8243;][vc_single_image image=&#8221;194&#8243; img_size=&#8221;&#8221; alignment=&#8221;center&#8221;][\/vc_column_inner][vc_column_inner width=&#8221;1\/5&#8243;][vc_single_image image=&#8221;195&#8243; img_size=&#8221;&#8221; alignment=&#8221;center&#8221;][\/vc_column_inner][vc_column_inner width=&#8221;1\/5&#8243;][vc_single_image image=&#8221;196&#8243; img_size=&#8221;&#8221; alignment=&#8221;center&#8221;][\/vc_column_inner][\/vc_row_inner][vc_separator][vc_row_inner el_class=&#8221;bg-white&#8221;][vc_column_inner][vc_masonry_media_grid style=&#8221;lazy&#8221; gap=&#8221;35&#8243; item=&#8221;mediaGrid_FadeInWithIcon&#8221; grid_id=&#8221;vc_gid:1539706619465-aa4738d4-231a-1&#8243; include=&#8221;308,311,309&#8243;][\/vc_column_inner][\/vc_row_inner][\/vc_column][\/vc_row]\n","protected":false},"excerpt":{"rendered":"<p>[vc_row equal_height=&#8221;yes&#8221; el_class=&#8221;my-1&#8243;][vc_column][vc_row_inner equal_height=&#8221;yes&#8221; content_placement=&#8221;top&#8221; el_class=&#8221;my-1 bg-gray&#8221;][vc_column_inner el_class=&#8221;py-lg-2 px-lg-5&#8243;][vc_column_text] Le diverse modalit\u00e0 della trasformazione digitale\u00a0nelle Costruzioni e la centralit\u00e0 del dato Prima Giornata \u2010 Mercoled\u00ec 17 Ottobre 2018 Sala Allemanda (Pad. 33) [\/vc_column_text][vc_column_text] A seguito della chiusura del preaccredito online, sar\u00e0 possibile acquistare il biglietto per i singoli convegni direttamente\u00a0in reception presso l&#8217;ingresso Sud Aldo [&hellip;]<\/p>\n","protected":false},"author":16,"featured_media":180,"parent":0,"menu_order":0,"comment_status":"closed","ping_status":"closed","template":"","meta":[],"acf":[],"aioseo_notices":[],"_links":{"self":[{"href":"https:\/\/www.digitalbimitalia.it\/it\/wp-json\/wp\/v2\/pages\/1087"}],"collection":[{"href":"https:\/\/www.digitalbimitalia.it\/it\/wp-json\/wp\/v2\/pages"}],"about":[{"href":"https:\/\/www.digitalbimitalia.it\/it\/wp-json\/wp\/v2\/types\/page"}],"author":[{"embeddable":true,"href":"https:\/\/www.digitalbimitalia.it\/it\/wp-json\/wp\/v2\/users\/16"}],"replies":[{"embeddable":true,"href":"https:\/\/www.digitalbimitalia.it\/it\/wp-json\/wp\/v2\/comments?post=1087"}],"version-history":[{"count":62,"href":"https:\/\/www.digitalbimitalia.it\/it\/wp-json\/wp\/v2\/pages\/1087\/revisions"}],"predecessor-version":[{"id":2762,"href":"https:\/\/www.digitalbimitalia.it\/it\/wp-json\/wp\/v2\/pages\/1087\/revisions\/2762"}],"wp:featuredmedia":[{"embeddable":true,"href":"https:\/\/www.digitalbimitalia.it\/it\/wp-json\/wp\/v2\/media\/180"}],"wp:attachment":[{"href":"https:\/\/www.digitalbimitalia.it\/it\/wp-json\/wp\/v2\/media?parent=1087"}],"curies":[{"name":"wp","href":"https:\/\/api.w.org\/{rel}","templated":true}]}}